{"id":13234,"date":"2020-08-17T15:12:19","date_gmt":"2020-08-17T15:12:19","guid":{"rendered":"https:\/\/en-desarrollo.eu\/southcamper\/ueber-uns\/"},"modified":"2023-02-01T07:37:19","modified_gmt":"2023-02-01T07:37:19","slug":"ueber-uns","status":"publish","type":"page","link":"https:\/\/southcamper.com\/de\/ueber-uns\/","title":{"rendered":"\u00dcber uns"},"content":{"rendered":"\t\t<div data-elementor-type=\"wp-page\" data-elementor-id=\"13234\" class=\"elementor elementor-13234 elementor-4207\" data-elementor-post-type=\"page\">\n\t\t\t\t<div class=\"elementor-element elementor-element-556b051 e-con-full e-flex e-con e-parent\" data-id=\"556b051\" data-element_type=\"container\" data-e-type=\"container\">\n\t\t<div class=\"elementor-element elementor-element-50fc419 e-con-full e-flex e-con e-parent\" data-id=\"50fc419\" data-element_type=\"container\" data-e-type=\"container\">\n\t\t\t\t<div class=\"elementor-element elementor-element-e4127e5 elementor-widget elementor-widget-image\" data-id=\"e4127e5\" data-element_type=\"widget\" data-e-type=\"widget\" data-widget_type=\"image.default\">\n\t\t\t\t<div class=\"elementor-widget-container\">\n\t\t\t\t\t\t\t\t\t\t\t\t\t\t\t<img fetchpriority=\"high\" decoding=\"async\" width=\"2000\" height=\"462\" src=\"https:\/\/southcamper.com\/wp-content\/uploads\/2022\/11\/sobre-nosotros.jpg\" class=\"attachment-full size-full wp-image-11260\" alt=\"\" srcset=\"https:\/\/southcamper.com\/wp-content\/uploads\/2022\/11\/sobre-nosotros.jpg 2000w, https:\/\/southcamper.com\/wp-content\/uploads\/2022\/11\/sobre-nosotros-500x116.jpg 500w, https:\/\/southcamper.com\/wp-content\/uploads\/2022\/11\/sobre-nosotros-1024x237.jpg 1024w, https:\/\/southcamper.com\/wp-content\/uploads\/2022\/11\/sobre-nosotros-768x177.jpg 768w, https:\/\/southcamper.com\/wp-content\/uploads\/2022\/11\/sobre-nosotros-1536x355.jpg 1536w\" sizes=\"(max-width: 2000px) 100vw, 2000px\" \/>\t\t\t\t\t\t\t\t\t\t\t\t\t\t\t<\/div>\n\t\t\t\t<\/div>\n\t\t\t\t<\/div>\n\t\t\t\t<\/div>\n\t\t\t\t<section class=\"elementor-section elementor-top-section elementor-element elementor-element-6e064a1 elementor-section-boxed elementor-section-height-default elementor-section-height-default\" data-id=\"6e064a1\" data-element_type=\"section\" data-e-type=\"section\">\n\t\t\t\t\t\t<div class=\"elementor-container elementor-column-gap-default\">\n\t\t\t\t\t<div class=\"elementor-column elementor-col-100 elementor-top-column elementor-element elementor-element-407a346\" data-id=\"407a346\" data-element_type=\"column\" data-e-type=\"column\">\n\t\t\t<div class=\"elementor-widget-wrap elementor-element-populated\">\n\t\t\t\t\t\t<div class=\"elementor-element elementor-element-d48f7df elementor-align-center elementor-widget elementor-widget-lottie\" data-id=\"d48f7df\" data-element_type=\"widget\" data-e-type=\"widget\" data-settings=\"{&quot;source_json&quot;:{&quot;url&quot;:&quot;https:\\\/\\\/southcamper.com\\\/wp-content\\\/uploads\\\/2022\\\/11\\\/camper.json&quot;,&quot;id&quot;:10800,&quot;size&quot;:&quot;&quot;,&quot;alt&quot;:&quot;&quot;,&quot;source&quot;:&quot;library&quot;},&quot;source&quot;:&quot;media_file&quot;,&quot;caption_source&quot;:&quot;none&quot;,&quot;link_to&quot;:&quot;none&quot;,&quot;trigger&quot;:&quot;arriving_to_viewport&quot;,&quot;viewport&quot;:{&quot;unit&quot;:&quot;%&quot;,&quot;size&quot;:&quot;&quot;,&quot;sizes&quot;:{&quot;start&quot;:0,&quot;end&quot;:100}},&quot;play_speed&quot;:{&quot;unit&quot;:&quot;px&quot;,&quot;size&quot;:1,&quot;sizes&quot;:[]},&quot;start_point&quot;:{&quot;unit&quot;:&quot;%&quot;,&quot;size&quot;:0,&quot;sizes&quot;:[]},&quot;end_point&quot;:{&quot;unit&quot;:&quot;%&quot;,&quot;size&quot;:100,&quot;sizes&quot;:[]},&quot;renderer&quot;:&quot;svg&quot;}\" data-widget_type=\"lottie.default\">\n\t\t\t\t<div class=\"elementor-widget-container\">\n\t\t\t\t\t<div class=\"e-lottie__container\"><div class=\"e-lottie__animation\"><\/div><\/div>\t\t\t\t<\/div>\n\t\t\t\t<\/div>\n\t\t\t\t<div class=\"elementor-element elementor-element-3d01e75 elementor-widget elementor-widget-icon-box\" data-id=\"3d01e75\" data-element_type=\"widget\" data-e-type=\"widget\" data-widget_type=\"icon-box.default\">\n\t\t\t\t<div class=\"elementor-widget-container\">\n\t\t\t\t\t\t\t<div class=\"elementor-icon-box-wrapper\">\n\n\t\t\t\n\t\t\t\t\t\t<div class=\"elementor-icon-box-content\">\n\n\t\t\t\t\t\t\t\t\t<h1 class=\"elementor-icon-box-title\">\n\t\t\t\t\t\t<span  >\n\t\t\t\t\t\t\t\u00dcber uns\t\t\t\t\t\t<\/span>\n\t\t\t\t\t<\/h1>\n\t\t\t\t\n\t\t\t\t\t\t\t\t\t<p class=\"elementor-icon-box-description\">\n\t\t\t\t\t\tDie Firma Southcamp Experience S.L. widmet sich seit 2012 dem Vermieten von Wohnmobilen und Campern in Spanien.<br \/><br \/>\r\n\r\nAngefangen mit zwei Ford Nugget unterhalten wir heute eine der gr\u00f6\u00dften Wohnmobilflotten Andalusiens. Unser Ziel war dabei stets ein zuverl\u00e4ssiger Service und ein gutes Produkt mit einem attraktiven Preis-Leistungsverh\u00e4ltnis. <br \/><br \/>\r\n\r\nUnsere Mietstation umfasst 1800 m\u00b2 und befindet sich in unmittelbarer N\u00e4he zum Flughafen M\u00e1laga. Unsere Kunden k\u00f6nnen hier Ihr Fahrzeug w\u00e4hrend der Mietdauer abstellen und auch die Entsorgung des Abwassers der Wohnmobile selber durchf\u00fchren. <br \/><br \/>\r\n\r\nEin internationales Team steht Ihnen an der Mietstation in M\u00e1laga ganzj\u00e4hrig zur Seite und unterst\u00fctzt Sie auch gerne w\u00e4hrend Ihrer Reise. Wir freuen uns auf Sie.<br \/><br \/>\r\n\r\nSeit 2015 agieren wir unter dem eingetragenen Markennamen SOUTHCAMPER\u00ae.\t\t\t\t\t<\/p>\n\t\t\t\t\n\t\t\t<\/div>\n\t\t\t\n\t\t<\/div>\n\t\t\t\t\t\t<\/div>\n\t\t\t\t<\/div>\n\t\t\t\t\t<\/div>\n\t\t<\/div>\n\t\t\t\t\t<\/div>\n\t\t<\/section>\n\t\t\t\t<\/div>\n\t\t","protected":false},"excerpt":{"rendered":"<p>\u00dcber uns Die Firma Southcamp Experience S.L. widmet sich seit 2012 dem Vermieten von Wohnmobilen und Campern in Spanien. Angefangen mit zwei Ford Nugget unterhalten wir heute eine der gr\u00f6\u00dften Wohnmobilflotten Andalusiens. Unser Ziel war dabei stets ein zuverl\u00e4ssiger Service und ein gutes Produkt mit einem attraktiven Preis-Leistungsverh\u00e4ltnis. Unsere Mietstation umfasst 1800 m\u00b2 und befindet &#8230; <a title=\"\u00dcber uns\" class=\"read-more\" href=\"https:\/\/southcamper.com\/de\/ueber-uns\/\" aria-label=\"Mehr Informationen \u00fcber \u00dcber uns\">Weiterlesen<\/a><\/p>\n","protected":false},"author":9,"featured_media":0,"parent":0,"menu_order":0,"comment_status":"closed","ping_status":"closed","template":"elementor_header_footer","meta":{"_acf_changed":false,"footnotes":""},"class_list":["post-13234","page","type-page","status-publish"],"acf":[],"yoast_head":"<!-- This site is optimized with the Yoast SEO plugin v27.4 - https:\/\/yoast.com\/product\/yoast-seo-wordpress\/ -->\n<title>\u00dcber uns &#187; Alquiler Autocaravanas SouthCamper<\/title>\n<meta name=\"description\" content=\"Southcamper unterh\u00e4lt eine der gr\u00f6\u00dften Wohnmobilflotten in Malaga (Andalusien) \u279c Vermietung von Wohnmobilen und Campern.\" \/>\n<meta name=\"robots\" content=\"index, follow, max-snippet:-1, max-image-preview:large, max-video-preview:-1\" \/>\n<link rel=\"canonical\" href=\"https:\/\/southcamper.com\/de\/ueber-uns\/\" \/>\n<meta property=\"og:locale\" content=\"de_DE\" \/>\n<meta property=\"og:type\" content=\"article\" \/>\n<meta property=\"og:title\" content=\"\u00dcber uns &#187; Alquiler Autocaravanas SouthCamper\" \/>\n<meta property=\"og:description\" content=\"Southcamper unterh\u00e4lt eine der gr\u00f6\u00dften Wohnmobilflotten in Malaga (Andalusien) \u279c Vermietung von Wohnmobilen und Campern.\" \/>\n<meta property=\"og:url\" content=\"https:\/\/southcamper.com\/de\/ueber-uns\/\" \/>\n<meta property=\"og:site_name\" content=\"Alquiler Autocaravanas SouthCamper\" \/>\n<meta property=\"article:publisher\" content=\"https:\/\/www.facebook.com\/southcampexperience\" \/>\n<meta property=\"article:modified_time\" content=\"2023-02-01T07:37:19+00:00\" \/>\n<meta property=\"og:image\" content=\"https:\/\/southcamper.com\/wp-content\/uploads\/2022\/11\/sobre-nosotros.jpg\" \/>\n<meta name=\"twitter:card\" content=\"summary_large_image\" \/>\n<meta name=\"twitter:label1\" content=\"Gesch\u00e4tzte Lesezeit\" \/>\n\t<meta name=\"twitter:data1\" content=\"1\u00a0Minute\" \/>\n<!-- \/ Yoast SEO plugin. -->","yoast_head_json":{"title":"\u00dcber uns &#187; Alquiler Autocaravanas SouthCamper","description":"Southcamper unterh\u00e4lt eine der gr\u00f6\u00dften Wohnmobilflotten in Malaga (Andalusien) \u279c Vermietung von Wohnmobilen und Campern.","robots":{"index":"index","follow":"follow","max-snippet":"max-snippet:-1","max-image-preview":"max-image-preview:large","max-video-preview":"max-video-preview:-1"},"canonical":"https:\/\/southcamper.com\/de\/ueber-uns\/","og_locale":"de_DE","og_type":"article","og_title":"\u00dcber uns &#187; Alquiler Autocaravanas SouthCamper","og_description":"Southcamper unterh\u00e4lt eine der gr\u00f6\u00dften Wohnmobilflotten in Malaga (Andalusien) \u279c Vermietung von Wohnmobilen und Campern.","og_url":"https:\/\/southcamper.com\/de\/ueber-uns\/","og_site_name":"Alquiler Autocaravanas SouthCamper","article_publisher":"https:\/\/www.facebook.com\/southcampexperience","article_modified_time":"2023-02-01T07:37:19+00:00","og_image":[{"url":"https:\/\/southcamper.com\/wp-content\/uploads\/2022\/11\/sobre-nosotros.jpg","type":"","width":"","height":""}],"twitter_card":"summary_large_image","twitter_misc":{"Gesch\u00e4tzte Lesezeit":"1\u00a0Minute"},"schema":{"@context":"https:\/\/schema.org","@graph":[{"@type":"WebPage","@id":"https:\/\/southcamper.com\/de\/ueber-uns\/","url":"https:\/\/southcamper.com\/de\/ueber-uns\/","name":"\u00dcber uns &#187; Alquiler Autocaravanas SouthCamper","isPartOf":{"@id":"https:\/\/southcamper.com\/de\/#website"},"primaryImageOfPage":{"@id":"https:\/\/southcamper.com\/de\/ueber-uns\/#primaryimage"},"image":{"@id":"https:\/\/southcamper.com\/de\/ueber-uns\/#primaryimage"},"thumbnailUrl":"https:\/\/southcamper.com\/wp-content\/uploads\/2022\/11\/sobre-nosotros.jpg","datePublished":"2020-08-17T15:12:19+00:00","dateModified":"2023-02-01T07:37:19+00:00","description":"Southcamper unterh\u00e4lt eine der gr\u00f6\u00dften Wohnmobilflotten in Malaga (Andalusien) \u279c Vermietung von Wohnmobilen und Campern.","breadcrumb":{"@id":"https:\/\/southcamper.com\/de\/ueber-uns\/#breadcrumb"},"inLanguage":"de","potentialAction":[{"@type":"ReadAction","target":["https:\/\/southcamper.com\/de\/ueber-uns\/"]}]},{"@type":"ImageObject","inLanguage":"de","@id":"https:\/\/southcamper.com\/de\/ueber-uns\/#primaryimage","url":"https:\/\/southcamper.com\/wp-content\/uploads\/2022\/11\/sobre-nosotros.jpg","contentUrl":"https:\/\/southcamper.com\/wp-content\/uploads\/2022\/11\/sobre-nosotros.jpg"},{"@type":"BreadcrumbList","@id":"https:\/\/southcamper.com\/de\/ueber-uns\/#breadcrumb","itemListElement":[{"@type":"ListItem","position":1,"name":"Portada","item":"https:\/\/southcamper.com\/de\/home\/"},{"@type":"ListItem","position":2,"name":"\u00dcber uns"}]},{"@type":"WebSite","@id":"https:\/\/southcamper.com\/de\/#website","url":"https:\/\/southcamper.com\/de\/","name":"Alquiler Autocaravanas SouthCamper","description":"Alquiler Autocaravanas y Campers en M\u00e1laga","publisher":{"@id":"https:\/\/southcamper.com\/de\/#organization"},"potentialAction":[{"@type":"SearchAction","target":{"@type":"EntryPoint","urlTemplate":"https:\/\/southcamper.com\/de\/?s={search_term_string}"},"query-input":{"@type":"PropertyValueSpecification","valueRequired":true,"valueName":"search_term_string"}}],"inLanguage":"de"},{"@type":"Organization","@id":"https:\/\/southcamper.com\/de\/#organization","name":"Southcamper","url":"https:\/\/southcamper.com\/de\/","logo":{"@type":"ImageObject","inLanguage":"de","@id":"https:\/\/southcamper.com\/de\/#\/schema\/logo\/image\/","url":"https:\/\/southcamper.com\/wp-content\/uploads\/2020\/09\/logo-southcamp-02.png","contentUrl":"https:\/\/southcamper.com\/wp-content\/uploads\/2020\/09\/logo-southcamp-02.png","width":2049,"height":522,"caption":"Southcamper"},"image":{"@id":"https:\/\/southcamper.com\/de\/#\/schema\/logo\/image\/"},"sameAs":["https:\/\/www.facebook.com\/southcampexperience","https:\/\/www.instagram.com\/southcamper.experience\/"]}]}},"_links":{"self":[{"href":"https:\/\/southcamper.com\/de\/wp-json\/wp\/v2\/pages\/13234","targetHints":{"allow":["GET"]}}],"collection":[{"href":"https:\/\/southcamper.com\/de\/wp-json\/wp\/v2\/pages"}],"about":[{"href":"https:\/\/southcamper.com\/de\/wp-json\/wp\/v2\/types\/page"}],"author":[{"embeddable":true,"href":"https:\/\/southcamper.com\/de\/wp-json\/wp\/v2\/users\/9"}],"replies":[{"embeddable":true,"href":"https:\/\/southcamper.com\/de\/wp-json\/wp\/v2\/comments?post=13234"}],"version-history":[{"count":0,"href":"https:\/\/southcamper.com\/de\/wp-json\/wp\/v2\/pages\/13234\/revisions"}],"wp:attachment":[{"href":"https:\/\/southcamper.com\/de\/wp-json\/wp\/v2\/media?parent=13234"}],"curies":[{"name":"wp","href":"https:\/\/api.w.org\/{rel}","templated":true}]}}