{"id":13265,"date":"2020-09-18T07:58:56","date_gmt":"2020-09-18T07:58:56","guid":{"rendered":"https:\/\/en-desarrollo.eu\/southcamper\/gibraltar\/"},"modified":"2023-02-01T16:36:57","modified_gmt":"2023-02-01T16:36:57","slug":"gibraltar","status":"publish","type":"page","link":"https:\/\/southcamper.com\/de\/gibraltar\/","title":{"rendered":"Gibraltar"},"content":{"rendered":"\t\t<div data-elementor-type=\"wp-page\" data-elementor-id=\"13265\" class=\"elementor elementor-13265 elementor-4424\" data-elementor-post-type=\"page\">\n\t\t\t\t<div class=\"elementor-element elementor-element-8474d91 e-con-full e-flex e-con e-parent\" data-id=\"8474d91\" data-element_type=\"container\" data-e-type=\"container\">\n\t\t<div class=\"elementor-element elementor-element-818f67a e-con-full e-flex e-con e-parent\" data-id=\"818f67a\" data-element_type=\"container\" data-e-type=\"container\">\n\t\t\t\t<div class=\"elementor-element elementor-element-b17f396 elementor-widget elementor-widget-image\" data-id=\"b17f396\" data-element_type=\"widget\" data-e-type=\"widget\" data-widget_type=\"image.default\">\n\t\t\t\t<div class=\"elementor-widget-container\">\n\t\t\t\t\t\t\t\t\t\t\t\t\t\t\t<img fetchpriority=\"high\" decoding=\"async\" width=\"2000\" height=\"462\" src=\"https:\/\/southcamper.com\/wp-content\/uploads\/2023\/01\/cabecera-gibraltar.jpg\" class=\"attachment-full size-full wp-image-13086\" alt=\"\" srcset=\"https:\/\/southcamper.com\/wp-content\/uploads\/2023\/01\/cabecera-gibraltar.jpg 2000w, https:\/\/southcamper.com\/wp-content\/uploads\/2023\/01\/cabecera-gibraltar-500x116.jpg 500w, https:\/\/southcamper.com\/wp-content\/uploads\/2023\/01\/cabecera-gibraltar-1024x237.jpg 1024w, https:\/\/southcamper.com\/wp-content\/uploads\/2023\/01\/cabecera-gibraltar-768x177.jpg 768w, https:\/\/southcamper.com\/wp-content\/uploads\/2023\/01\/cabecera-gibraltar-1536x355.jpg 1536w\" sizes=\"(max-width: 2000px) 100vw, 2000px\" \/>\t\t\t\t\t\t\t\t\t\t\t\t\t\t\t<\/div>\n\t\t\t\t<\/div>\n\t\t\t\t<\/div>\n\t\t\t\t<\/div>\n\t\t<div class=\"elementor-element elementor-element-2024aa4 e-flex e-con-boxed e-con e-parent\" data-id=\"2024aa4\" data-element_type=\"container\" data-e-type=\"container\">\n\t\t\t\t\t<div class=\"e-con-inner\">\n\t\t\t\t<div class=\"elementor-element elementor-element-274fa9f elementor-widget elementor-widget-heading\" data-id=\"274fa9f\" data-element_type=\"widget\" data-e-type=\"widget\" data-widget_type=\"heading.default\">\n\t\t\t\t<div class=\"elementor-widget-container\">\n\t\t\t\t\t<h1 class=\"elementor-heading-title elementor-size-default\">Reisen mit dem Wohnmobil nach Gibraltar<\/h1>\t\t\t\t<\/div>\n\t\t\t\t<\/div>\n\t\t\t\t\t<\/div>\n\t\t\t\t<\/div>\n\t\t<div class=\"elementor-element elementor-element-e09ee70 e-flex e-con-boxed e-con e-parent\" data-id=\"e09ee70\" data-element_type=\"container\" data-e-type=\"container\">\n\t\t\t\t\t<div class=\"e-con-inner\">\n\t\t<div class=\"elementor-element elementor-element-c00a0ac e-con-full e-flex e-con e-parent\" data-id=\"c00a0ac\" data-element_type=\"container\" data-e-type=\"container\">\n\t\t\t\t<div class=\"elementor-element elementor-element-918d6b6 elementor-widget elementor-widget-image\" data-id=\"918d6b6\" data-element_type=\"widget\" data-e-type=\"widget\" data-widget_type=\"image.default\">\n\t\t\t\t<div class=\"elementor-widget-container\">\n\t\t\t\t\t\t\t\t\t\t\t\t\t\t\t<img decoding=\"async\" width=\"1000\" height=\"750\" src=\"https:\/\/southcamper.com\/wp-content\/uploads\/2023\/01\/IMG_20220827_161243.jpg\" class=\"attachment-full size-full wp-image-13116\" alt=\"\" srcset=\"https:\/\/southcamper.com\/wp-content\/uploads\/2023\/01\/IMG_20220827_161243.jpg 1000w, https:\/\/southcamper.com\/wp-content\/uploads\/2023\/01\/IMG_20220827_161243-500x375.jpg 500w, https:\/\/southcamper.com\/wp-content\/uploads\/2023\/01\/IMG_20220827_161243-768x576.jpg 768w\" sizes=\"(max-width: 1000px) 100vw, 1000px\" \/>\t\t\t\t\t\t\t\t\t\t\t\t\t\t\t<\/div>\n\t\t\t\t<\/div>\n\t\t\t\t<\/div>\n\t\t<div class=\"elementor-element elementor-element-d502750 e-con-full e-flex e-con e-parent\" data-id=\"d502750\" data-element_type=\"container\" data-e-type=\"container\">\n\t\t\t\t<div class=\"elementor-element elementor-element-6b71de5 elementor-widget elementor-widget-heading\" data-id=\"6b71de5\" data-element_type=\"widget\" data-e-type=\"widget\" data-widget_type=\"heading.default\">\n\t\t\t\t<div class=\"elementor-widget-container\">\n\t\t\t\t\t<h2 class=\"elementor-heading-title elementor-size-default\">Gibraltar<\/h2>\t\t\t\t<\/div>\n\t\t\t\t<\/div>\n\t\t\t\t<div class=\"elementor-element elementor-element-d8294cc elementor-widget elementor-widget-text-editor\" data-id=\"d8294cc\" data-element_type=\"widget\" data-e-type=\"widget\" data-widget_type=\"text-editor.default\">\n\t\t\t\t<div class=\"elementor-widget-container\">\n\t\t\t\t\t\t\t\t\t<p>Die Gibraltar geh\u00f6rt zu England und liegt im S\u00fcden von Andalusien, 24 km von Afrika entfernt. Zur Einreise ist die Vorlage eines g\u00fcltigen Personalausweises oder Reisepasses erforderlich. Neben dem englischen Stil der Stadt ist der Felsen von Gibraltar die Hauptattraktion. Sie k\u00f6nnen zu Fu\u00df oder mit der Seilbahn hinauffahren. Da auf dem Felsen jedoch gr\u00f6\u00dfere Strecken zu \u00fcberwinden sind, ist eine Rundtour mit einem Taxi zu den Hauptattraktionen durchaus sinnvoll. Auf dem Felsen gibt es einige interessante H\u00f6hlen zu besichtigen, wie die St. Michael&#8217;s Cave oder die Great Siege Tunnel.<\/p>\n\t\t\t\t\t\t\t\t<\/div>\n\t\t\t\t<\/div>\n\t\t\t\t<\/div>\n\t\t\t\t\t<\/div>\n\t\t\t\t<\/div>\n\t\t\t\t<section class=\"elementor-section elementor-top-section elementor-element elementor-element-410ab52 elementor-section-boxed elementor-section-height-default elementor-section-height-default\" data-id=\"410ab52\" data-element_type=\"section\" data-e-type=\"section\">\n\t\t\t\t\t\t<div class=\"elementor-container elementor-column-gap-default\">\n\t\t\t\t\t<div class=\"elementor-column elementor-col-100 elementor-top-column elementor-element elementor-element-b8e6c99\" data-id=\"b8e6c99\" data-element_type=\"column\" data-e-type=\"column\">\n\t\t\t<div class=\"elementor-widget-wrap elementor-element-populated\">\n\t\t\t\t\t\t<div class=\"elementor-element elementor-element-d339785 elementor-widget elementor-widget-heading\" data-id=\"d339785\" data-element_type=\"widget\" data-e-type=\"widget\" data-widget_type=\"heading.default\">\n\t\t\t\t<div class=\"elementor-widget-container\">\n\t\t\t\t\t<h2 class=\"elementor-heading-title elementor-size-default\">Wo kann man in Gibraltar im Wohnmobil parken und \u00fcbernachten?\u200b<\/h2>\t\t\t\t<\/div>\n\t\t\t\t<\/div>\n\t\t\t\t<div class=\"elementor-element elementor-element-a146579 elementor-widget elementor-widget-text-editor\" data-id=\"a146579\" data-element_type=\"widget\" data-e-type=\"widget\" data-widget_type=\"text-editor.default\">\n\t\t\t\t<div class=\"elementor-widget-container\">\n\t\t\t\t\t\t\t\t\t<p>Obwohl man in Gibraltar auf der gleichen Stra\u00dfenseite wie in Spanien f\u00e4hrt, n\u00e4mlich rechts, empfehlen wir, nicht mit einem Wohnmobil nach Gibraltar zu fahren. Die Stra\u00dfen sind eng und es wird schwierig sein, einen Platz zum Parken f\u00fcr das Wohnmobil zu finden.<\/p>\n<p>Der Zugang zum Wohnmobilstellplatz ist durch eine Schranke geregelt. Dort zieht man sich ein Ticket. Der Stellplatz verf\u00fcgt \u00fcber eine Entsorgungsstation f\u00fcr Abwasser, jedoch keine M\u00f6glichkeit zur Stromversorgung. Es gibt ein kleines Sanit\u00e4rmodul und in der N\u00e4he befindet sich ein Restaurant, das auch Fr\u00fchst\u00fcck anbietet. Die Aussicht auf den Felsen, der Yachthafen und die unmittelbare N\u00e4he zu Gibraltar machen diesen Platz au\u00dfergew\u00f6hnlichen Ort zur \u00dcbernachtung mit dem Wohnmobil.<\/p>\n\t\t\t\t\t\t\t\t<\/div>\n\t\t\t\t<\/div>\n\t\t\t\t\t<\/div>\n\t\t<\/div>\n\t\t\t\t\t<\/div>\n\t\t<\/section>\n\t\t<div class=\"elementor-element elementor-element-414c603 e-flex e-con-boxed e-con e-parent\" data-id=\"414c603\" data-element_type=\"container\" data-e-type=\"container\">\n\t\t\t\t\t<div class=\"e-con-inner\">\n\t\t<div class=\"elementor-element elementor-element-ca8827c e-con-full e-flex e-con e-parent\" data-id=\"ca8827c\" data-element_type=\"container\" data-e-type=\"container\">\n\t\t\t\t<div class=\"elementor-element elementor-element-c87a288 elementor-position-inline-start elementor-view-default elementor-mobile-position-block-start elementor-widget elementor-widget-icon-box\" data-id=\"c87a288\" data-element_type=\"widget\" data-e-type=\"widget\" data-widget_type=\"icon-box.default\">\n\t\t\t\t<div class=\"elementor-widget-container\">\n\t\t\t\t\t\t\t<div class=\"elementor-icon-box-wrapper\">\n\n\t\t\t\t\t\t<div class=\"elementor-icon-box-icon\">\n\t\t\t\t<a href=\"https:\/\/www.alcaidesamarina.com\/es\/33\/parking-y-autocaravanas\/\" target=\"_blank\" class=\"elementor-icon\" tabindex=\"-1\" aria-label=\"Wohnmobilstellplatz ALCAIDESMARINA \">\n\t\t\t\t<i aria-hidden=\"true\" class=\"fas fa-map-marked-alt\"><\/i>\t\t\t\t<\/a>\n\t\t\t<\/div>\n\t\t\t\n\t\t\t\t\t\t<div class=\"elementor-icon-box-content\">\n\n\t\t\t\t\t\t\t\t\t<h3 class=\"elementor-icon-box-title\">\n\t\t\t\t\t\t<a href=\"https:\/\/www.alcaidesamarina.com\/es\/33\/parking-y-autocaravanas\/\" target=\"_blank\" >\n\t\t\t\t\t\t\tWohnmobilstellplatz ALCAIDESMARINA \t\t\t\t\t\t<\/a>\n\t\t\t\t\t<\/h3>\n\t\t\t\t\n\t\t\t\t\t\t\t\t\t<p class=\"elementor-icon-box-description\">\n\t\t\t\t\t\tTorre de Control, Avda. Pr\u00edncipe de Asturias s\/n, 11300, La L\u00ednea de la Concepci\u00f3n, C\u00e1diz\r\n<br><br>\r\nDer Stellplatz befindet sich im Yachthafen und ist ein idealer Ort, um Gibraltar mit dem Wohnmobil zu besuchen. Von hier k\u00f6nnen Sie die Grenze von Gibraltar zu Fu\u00df erreichen.\t\t\t\t\t<\/p>\n\t\t\t\t\n\t\t\t<\/div>\n\t\t\t\n\t\t<\/div>\n\t\t\t\t\t\t<\/div>\n\t\t\t\t<\/div>\n\t\t\t\t<\/div>\n\t\t<div class=\"elementor-element elementor-element-e2a87dc e-con-full e-flex e-con e-parent\" data-id=\"e2a87dc\" data-element_type=\"container\" data-e-type=\"container\">\n\t\t\t\t<div class=\"elementor-element elementor-element-402c80f elementor-widget elementor-widget-image\" data-id=\"402c80f\" data-element_type=\"widget\" data-e-type=\"widget\" data-widget_type=\"image.default\">\n\t\t\t\t<div class=\"elementor-widget-container\">\n\t\t\t\t\t\t\t\t\t\t\t\t\t\t\t<img decoding=\"async\" width=\"1000\" height=\"750\" src=\"https:\/\/southcamper.com\/wp-content\/uploads\/2023\/01\/1.jpg\" class=\"attachment-full size-full wp-image-13119\" alt=\"\" srcset=\"https:\/\/southcamper.com\/wp-content\/uploads\/2023\/01\/1.jpg 1000w, https:\/\/southcamper.com\/wp-content\/uploads\/2023\/01\/1-500x375.jpg 500w, https:\/\/southcamper.com\/wp-content\/uploads\/2023\/01\/1-768x576.jpg 768w\" sizes=\"(max-width: 1000px) 100vw, 1000px\" \/>\t\t\t\t\t\t\t\t\t\t\t\t\t\t\t<\/div>\n\t\t\t\t<\/div>\n\t\t\t\t<\/div>\n\t\t\t\t\t<\/div>\n\t\t\t\t<\/div>\n\t\t<div class=\"elementor-element elementor-element-1020048 e-flex e-con-boxed e-con e-parent\" data-id=\"1020048\" data-element_type=\"container\" data-e-type=\"container\">\n\t\t\t\t\t<div class=\"e-con-inner\">\n\t\t\t\t<div class=\"elementor-element elementor-element-26e7474 elementor-widget elementor-widget-gallery\" data-id=\"26e7474\" data-element_type=\"widget\" data-e-type=\"widget\" data-settings=\"{&quot;columns&quot;:3,&quot;gap&quot;:{&quot;unit&quot;:&quot;px&quot;,&quot;size&quot;:20,&quot;sizes&quot;:[]},&quot;lazyload&quot;:&quot;yes&quot;,&quot;gallery_layout&quot;:&quot;grid&quot;,&quot;columns_tablet&quot;:2,&quot;columns_mobile&quot;:1,&quot;gap_tablet&quot;:{&quot;unit&quot;:&quot;px&quot;,&quot;size&quot;:10,&quot;sizes&quot;:[]},&quot;gap_mobile&quot;:{&quot;unit&quot;:&quot;px&quot;,&quot;size&quot;:10,&quot;sizes&quot;:[]},&quot;link_to&quot;:&quot;file&quot;,&quot;aspect_ratio&quot;:&quot;3:2&quot;,&quot;overlay_background&quot;:&quot;yes&quot;,&quot;content_hover_animation&quot;:&quot;fade-in&quot;}\" data-widget_type=\"gallery.default\">\n\t\t\t\t<div class=\"elementor-widget-container\">\n\t\t\t\t\t\t\t<div class=\"elementor-gallery__container\">\n\t\t\t\t\t\t\t<a class=\"e-gallery-item elementor-gallery-item elementor-animated-content\" href=\"https:\/\/southcamper.com\/wp-content\/uploads\/2023\/01\/2.jpg\" data-elementor-open-lightbox=\"yes\" data-elementor-lightbox-slideshow=\"26e7474\" data-elementor-lightbox-title=\"2\" data-e-action-hash=\"#elementor-action%3Aaction%3Dlightbox%26settings%3DeyJpZCI6MTMxMjMsInVybCI6Imh0dHBzOlwvXC9zb3V0aGNhbXBlci5jb21cL3dwLWNvbnRlbnRcL3VwbG9hZHNcLzIwMjNcLzAxXC8yLmpwZyIsInNsaWRlc2hvdyI6IjI2ZTc0NzQifQ%3D%3D\">\n\t\t\t\t\t<div class=\"e-gallery-image elementor-gallery-item__image\" data-thumbnail=\"https:\/\/southcamper.com\/wp-content\/uploads\/2023\/01\/2-500x375.jpg\" data-width=\"500\" data-height=\"375\" aria-label=\"\" role=\"img\" ><\/div>\n\t\t\t\t\t\t\t\t\t\t\t<div class=\"elementor-gallery-item__overlay\"><\/div>\n\t\t\t\t\t\t\t\t\t\t\t\t\t\t<\/a>\n\t\t\t\t\t\t\t<a class=\"e-gallery-item elementor-gallery-item elementor-animated-content\" href=\"https:\/\/southcamper.com\/wp-content\/uploads\/2023\/01\/3.jpg\" data-elementor-open-lightbox=\"yes\" data-elementor-lightbox-slideshow=\"26e7474\" data-elementor-lightbox-title=\"3\" data-e-action-hash=\"#elementor-action%3Aaction%3Dlightbox%26settings%3DeyJpZCI6MTMxMjYsInVybCI6Imh0dHBzOlwvXC9zb3V0aGNhbXBlci5jb21cL3dwLWNvbnRlbnRcL3VwbG9hZHNcLzIwMjNcLzAxXC8zLmpwZyIsInNsaWRlc2hvdyI6IjI2ZTc0NzQifQ%3D%3D\">\n\t\t\t\t\t<div class=\"e-gallery-image elementor-gallery-item__image\" data-thumbnail=\"https:\/\/southcamper.com\/wp-content\/uploads\/2023\/01\/3-500x375.jpg\" data-width=\"500\" data-height=\"375\" aria-label=\"\" role=\"img\" ><\/div>\n\t\t\t\t\t\t\t\t\t\t\t<div class=\"elementor-gallery-item__overlay\"><\/div>\n\t\t\t\t\t\t\t\t\t\t\t\t\t\t<\/a>\n\t\t\t\t\t\t\t<a class=\"e-gallery-item elementor-gallery-item elementor-animated-content\" href=\"https:\/\/southcamper.com\/wp-content\/uploads\/2023\/01\/4.jpg\" data-elementor-open-lightbox=\"yes\" data-elementor-lightbox-slideshow=\"26e7474\" data-elementor-lightbox-title=\"4\" data-e-action-hash=\"#elementor-action%3Aaction%3Dlightbox%26settings%3DeyJpZCI6MTMxMjksInVybCI6Imh0dHBzOlwvXC9zb3V0aGNhbXBlci5jb21cL3dwLWNvbnRlbnRcL3VwbG9hZHNcLzIwMjNcLzAxXC80LmpwZyIsInNsaWRlc2hvdyI6IjI2ZTc0NzQifQ%3D%3D\">\n\t\t\t\t\t<div class=\"e-gallery-image elementor-gallery-item__image\" data-thumbnail=\"https:\/\/southcamper.com\/wp-content\/uploads\/2023\/01\/4-500x375.jpg\" data-width=\"500\" data-height=\"375\" aria-label=\"\" role=\"img\" ><\/div>\n\t\t\t\t\t\t\t\t\t\t\t<div class=\"elementor-gallery-item__overlay\"><\/div>\n\t\t\t\t\t\t\t\t\t\t\t\t\t\t<\/a>\n\t\t\t\t\t\t\t<a class=\"e-gallery-item elementor-gallery-item elementor-animated-content\" href=\"https:\/\/southcamper.com\/wp-content\/uploads\/2023\/01\/5.jpg\" data-elementor-open-lightbox=\"yes\" data-elementor-lightbox-slideshow=\"26e7474\" data-elementor-lightbox-title=\"5\" data-e-action-hash=\"#elementor-action%3Aaction%3Dlightbox%26settings%3DeyJpZCI6MTMxMzIsInVybCI6Imh0dHBzOlwvXC9zb3V0aGNhbXBlci5jb21cL3dwLWNvbnRlbnRcL3VwbG9hZHNcLzIwMjNcLzAxXC81LmpwZyIsInNsaWRlc2hvdyI6IjI2ZTc0NzQifQ%3D%3D\">\n\t\t\t\t\t<div class=\"e-gallery-image elementor-gallery-item__image\" data-thumbnail=\"https:\/\/southcamper.com\/wp-content\/uploads\/2023\/01\/5-500x375.jpg\" data-width=\"500\" data-height=\"375\" aria-label=\"\" role=\"img\" ><\/div>\n\t\t\t\t\t\t\t\t\t\t\t<div class=\"elementor-gallery-item__overlay\"><\/div>\n\t\t\t\t\t\t\t\t\t\t\t\t\t\t<\/a>\n\t\t\t\t\t\t\t<a class=\"e-gallery-item elementor-gallery-item elementor-animated-content\" href=\"https:\/\/southcamper.com\/wp-content\/uploads\/2023\/01\/6.jpg\" data-elementor-open-lightbox=\"yes\" data-elementor-lightbox-slideshow=\"26e7474\" data-elementor-lightbox-title=\"6\" data-e-action-hash=\"#elementor-action%3Aaction%3Dlightbox%26settings%3DeyJpZCI6MTMxMzUsInVybCI6Imh0dHBzOlwvXC9zb3V0aGNhbXBlci5jb21cL3dwLWNvbnRlbnRcL3VwbG9hZHNcLzIwMjNcLzAxXC82LmpwZyIsInNsaWRlc2hvdyI6IjI2ZTc0NzQifQ%3D%3D\">\n\t\t\t\t\t<div class=\"e-gallery-image elementor-gallery-item__image\" data-thumbnail=\"https:\/\/southcamper.com\/wp-content\/uploads\/2023\/01\/6-500x375.jpg\" data-width=\"500\" data-height=\"375\" aria-label=\"\" role=\"img\" ><\/div>\n\t\t\t\t\t\t\t\t\t\t\t<div class=\"elementor-gallery-item__overlay\"><\/div>\n\t\t\t\t\t\t\t\t\t\t\t\t\t\t<\/a>\n\t\t\t\t\t\t\t<a class=\"e-gallery-item elementor-gallery-item elementor-animated-content\" href=\"https:\/\/southcamper.com\/wp-content\/uploads\/2023\/01\/7.jpg\" data-elementor-open-lightbox=\"yes\" data-elementor-lightbox-slideshow=\"26e7474\" data-elementor-lightbox-title=\"7\" data-e-action-hash=\"#elementor-action%3Aaction%3Dlightbox%26settings%3DeyJpZCI6MTMxMzgsInVybCI6Imh0dHBzOlwvXC9zb3V0aGNhbXBlci5jb21cL3dwLWNvbnRlbnRcL3VwbG9hZHNcLzIwMjNcLzAxXC83LmpwZyIsInNsaWRlc2hvdyI6IjI2ZTc0NzQifQ%3D%3D\">\n\t\t\t\t\t<div class=\"e-gallery-image elementor-gallery-item__image\" data-thumbnail=\"https:\/\/southcamper.com\/wp-content\/uploads\/2023\/01\/7-500x375.jpg\" data-width=\"500\" data-height=\"375\" aria-label=\"\" role=\"img\" ><\/div>\n\t\t\t\t\t\t\t\t\t\t\t<div class=\"elementor-gallery-item__overlay\"><\/div>\n\t\t\t\t\t\t\t\t\t\t\t\t\t\t<\/a>\n\t\t\t\t\t<\/div>\n\t\t\t\t\t<\/div>\n\t\t\t\t<\/div>\n\t\t\t\t\t<\/div>\n\t\t\t\t<\/div>\n\t\t\t\t<\/div>\n\t\t","protected":false},"excerpt":{"rendered":"<p>Reisen mit dem Wohnmobil nach Gibraltar Gibraltar Die Gibraltar geh\u00f6rt zu England und liegt im S\u00fcden von Andalusien, 24 km von Afrika entfernt. Zur Einreise ist die Vorlage eines g\u00fcltigen Personalausweises oder Reisepasses erforderlich. Neben dem englischen Stil der Stadt ist der Felsen von Gibraltar die Hauptattraktion. Sie k\u00f6nnen zu Fu\u00df oder mit der Seilbahn &#8230; <a title=\"Gibraltar\" class=\"read-more\" href=\"https:\/\/southcamper.com\/de\/gibraltar\/\" aria-label=\"Mehr Informationen \u00fcber Gibraltar\">Weiterlesen<\/a><\/p>\n","protected":false},"author":9,"featured_media":0,"parent":0,"menu_order":0,"comment_status":"closed","ping_status":"closed","template":"elementor_header_footer","meta":{"_acf_changed":false,"footnotes":""},"class_list":["post-13265","page","type-page","status-publish"],"acf":[],"yoast_head":"<!-- This site is optimized with the Yoast SEO plugin v27.4 - https:\/\/yoast.com\/product\/yoast-seo-wordpress\/ -->\n<title>Hinweise f\u00fcr eine Reise mit dem Wohnmobil nach Gibraltar<\/title>\n<meta name=\"description\" content=\"Hinweise f\u00fcr eine Reise mit dem Wohnmobil nach Gibraltar: Wohnmobilstellpl\u00e4tze, Sehensw\u00fcrdigkeiten und Aktivit\u00e4ten.\" \/>\n<meta name=\"robots\" content=\"index, follow, max-snippet:-1, max-image-preview:large, max-video-preview:-1\" \/>\n<link rel=\"canonical\" href=\"https:\/\/southcamper.com\/de\/gibraltar\/\" \/>\n<meta property=\"og:locale\" content=\"de_DE\" \/>\n<meta property=\"og:type\" content=\"article\" \/>\n<meta property=\"og:title\" content=\"Hinweise f\u00fcr eine Reise mit dem Wohnmobil nach Gibraltar\" \/>\n<meta property=\"og:description\" content=\"Hinweise f\u00fcr eine Reise mit dem Wohnmobil nach Gibraltar: Wohnmobilstellpl\u00e4tze, Sehensw\u00fcrdigkeiten und Aktivit\u00e4ten.\" \/>\n<meta property=\"og:url\" content=\"https:\/\/southcamper.com\/de\/gibraltar\/\" \/>\n<meta property=\"og:site_name\" content=\"Alquiler Autocaravanas SouthCamper\" \/>\n<meta property=\"article:publisher\" content=\"https:\/\/www.facebook.com\/southcampexperience\" \/>\n<meta property=\"article:modified_time\" content=\"2023-02-01T16:36:57+00:00\" \/>\n<meta property=\"og:image\" content=\"https:\/\/southcamper.com\/wp-content\/uploads\/2023\/01\/cabecera-gibraltar.jpg\" \/>\n<meta name=\"twitter:card\" content=\"summary_large_image\" \/>\n<meta name=\"twitter:label1\" content=\"Gesch\u00e4tzte Lesezeit\" \/>\n\t<meta name=\"twitter:data1\" content=\"1\u00a0Minute\" \/>\n<!-- \/ Yoast SEO plugin. -->","yoast_head_json":{"title":"Hinweise f\u00fcr eine Reise mit dem Wohnmobil nach Gibraltar","description":"Hinweise f\u00fcr eine Reise mit dem Wohnmobil nach Gibraltar: Wohnmobilstellpl\u00e4tze, Sehensw\u00fcrdigkeiten und Aktivit\u00e4ten.","robots":{"index":"index","follow":"follow","max-snippet":"max-snippet:-1","max-image-preview":"max-image-preview:large","max-video-preview":"max-video-preview:-1"},"canonical":"https:\/\/southcamper.com\/de\/gibraltar\/","og_locale":"de_DE","og_type":"article","og_title":"Hinweise f\u00fcr eine Reise mit dem Wohnmobil nach Gibraltar","og_description":"Hinweise f\u00fcr eine Reise mit dem Wohnmobil nach Gibraltar: Wohnmobilstellpl\u00e4tze, Sehensw\u00fcrdigkeiten und Aktivit\u00e4ten.","og_url":"https:\/\/southcamper.com\/de\/gibraltar\/","og_site_name":"Alquiler Autocaravanas SouthCamper","article_publisher":"https:\/\/www.facebook.com\/southcampexperience","article_modified_time":"2023-02-01T16:36:57+00:00","og_image":[{"url":"https:\/\/southcamper.com\/wp-content\/uploads\/2023\/01\/cabecera-gibraltar.jpg","type":"","width":"","height":""}],"twitter_card":"summary_large_image","twitter_misc":{"Gesch\u00e4tzte Lesezeit":"1\u00a0Minute"},"schema":{"@context":"https:\/\/schema.org","@graph":[{"@type":"WebPage","@id":"https:\/\/southcamper.com\/de\/gibraltar\/","url":"https:\/\/southcamper.com\/de\/gibraltar\/","name":"Hinweise f\u00fcr eine Reise mit dem Wohnmobil nach Gibraltar","isPartOf":{"@id":"https:\/\/southcamper.com\/de\/#website"},"primaryImageOfPage":{"@id":"https:\/\/southcamper.com\/de\/gibraltar\/#primaryimage"},"image":{"@id":"https:\/\/southcamper.com\/de\/gibraltar\/#primaryimage"},"thumbnailUrl":"https:\/\/southcamper.com\/wp-content\/uploads\/2023\/01\/cabecera-gibraltar.jpg","datePublished":"2020-09-18T07:58:56+00:00","dateModified":"2023-02-01T16:36:57+00:00","description":"Hinweise f\u00fcr eine Reise mit dem Wohnmobil nach Gibraltar: Wohnmobilstellpl\u00e4tze, Sehensw\u00fcrdigkeiten und Aktivit\u00e4ten.","breadcrumb":{"@id":"https:\/\/southcamper.com\/de\/gibraltar\/#breadcrumb"},"inLanguage":"de","potentialAction":[{"@type":"ReadAction","target":["https:\/\/southcamper.com\/de\/gibraltar\/"]}]},{"@type":"ImageObject","inLanguage":"de","@id":"https:\/\/southcamper.com\/de\/gibraltar\/#primaryimage","url":"https:\/\/southcamper.com\/wp-content\/uploads\/2023\/01\/cabecera-gibraltar.jpg","contentUrl":"https:\/\/southcamper.com\/wp-content\/uploads\/2023\/01\/cabecera-gibraltar.jpg"},{"@type":"BreadcrumbList","@id":"https:\/\/southcamper.com\/de\/gibraltar\/#breadcrumb","itemListElement":[{"@type":"ListItem","position":1,"name":"Portada","item":"https:\/\/southcamper.com\/de\/home\/"},{"@type":"ListItem","position":2,"name":"Gibraltar"}]},{"@type":"WebSite","@id":"https:\/\/southcamper.com\/de\/#website","url":"https:\/\/southcamper.com\/de\/","name":"Alquiler Autocaravanas SouthCamper","description":"Alquiler Autocaravanas y Campers en M\u00e1laga","publisher":{"@id":"https:\/\/southcamper.com\/de\/#organization"},"potentialAction":[{"@type":"SearchAction","target":{"@type":"EntryPoint","urlTemplate":"https:\/\/southcamper.com\/de\/?s={search_term_string}"},"query-input":{"@type":"PropertyValueSpecification","valueRequired":true,"valueName":"search_term_string"}}],"inLanguage":"de"},{"@type":"Organization","@id":"https:\/\/southcamper.com\/de\/#organization","name":"Southcamper","url":"https:\/\/southcamper.com\/de\/","logo":{"@type":"ImageObject","inLanguage":"de","@id":"https:\/\/southcamper.com\/de\/#\/schema\/logo\/image\/","url":"https:\/\/southcamper.com\/wp-content\/uploads\/2020\/09\/logo-southcamp-02.png","contentUrl":"https:\/\/southcamper.com\/wp-content\/uploads\/2020\/09\/logo-southcamp-02.png","width":2049,"height":522,"caption":"Southcamper"},"image":{"@id":"https:\/\/southcamper.com\/de\/#\/schema\/logo\/image\/"},"sameAs":["https:\/\/www.facebook.com\/southcampexperience","https:\/\/www.instagram.com\/southcamper.experience\/"]}]}},"_links":{"self":[{"href":"https:\/\/southcamper.com\/de\/wp-json\/wp\/v2\/pages\/13265","targetHints":{"allow":["GET"]}}],"collection":[{"href":"https:\/\/southcamper.com\/de\/wp-json\/wp\/v2\/pages"}],"about":[{"href":"https:\/\/southcamper.com\/de\/wp-json\/wp\/v2\/types\/page"}],"author":[{"embeddable":true,"href":"https:\/\/southcamper.com\/de\/wp-json\/wp\/v2\/users\/9"}],"replies":[{"embeddable":true,"href":"https:\/\/southcamper.com\/de\/wp-json\/wp\/v2\/comments?post=13265"}],"version-history":[{"count":0,"href":"https:\/\/southcamper.com\/de\/wp-json\/wp\/v2\/pages\/13265\/revisions"}],"wp:attachment":[{"href":"https:\/\/southcamper.com\/de\/wp-json\/wp\/v2\/media?parent=13265"}],"curies":[{"name":"wp","href":"https:\/\/api.w.org\/{rel}","templated":true}]}}