{"id":13317,"date":"2020-06-23T11:36:13","date_gmt":"2020-06-23T11:36:13","guid":{"rendered":"https:\/\/en-desarrollo.eu\/southcamper\/impressum\/"},"modified":"2023-02-04T08:32:39","modified_gmt":"2023-02-04T08:32:39","slug":"impressum","status":"publish","type":"page","link":"https:\/\/southcamper.com\/de\/impressum\/","title":{"rendered":"Impressum"},"content":{"rendered":"\t\t<div data-elementor-type=\"wp-page\" data-elementor-id=\"13317\" class=\"elementor elementor-13317 elementor-3451\" data-elementor-post-type=\"page\">\n\t\t\t\t<div class=\"elementor-element elementor-element-de9cf9f e-con-full e-flex e-con e-parent\" data-id=\"de9cf9f\" data-element_type=\"container\" data-e-type=\"container\">\n\t\t<div class=\"elementor-element elementor-element-ec0181c e-con-full e-flex e-con e-parent\" data-id=\"ec0181c\" data-element_type=\"container\" data-e-type=\"container\">\n\t\t\t\t<div class=\"elementor-element elementor-element-7796aa8 elementor-widget elementor-widget-image\" data-id=\"7796aa8\" data-element_type=\"widget\" data-e-type=\"widget\" data-widget_type=\"image.default\">\n\t\t\t\t<div class=\"elementor-widget-container\">\n\t\t\t\t\t\t\t\t\t\t\t\t\t\t\t<img fetchpriority=\"high\" decoding=\"async\" width=\"2000\" height=\"462\" src=\"https:\/\/southcamper.com\/wp-content\/uploads\/2022\/11\/sobre-nosotros.jpg\" class=\"attachment-full size-full wp-image-11260\" alt=\"\" srcset=\"https:\/\/southcamper.com\/wp-content\/uploads\/2022\/11\/sobre-nosotros.jpg 2000w, https:\/\/southcamper.com\/wp-content\/uploads\/2022\/11\/sobre-nosotros-500x116.jpg 500w, https:\/\/southcamper.com\/wp-content\/uploads\/2022\/11\/sobre-nosotros-1024x237.jpg 1024w, https:\/\/southcamper.com\/wp-content\/uploads\/2022\/11\/sobre-nosotros-768x177.jpg 768w, https:\/\/southcamper.com\/wp-content\/uploads\/2022\/11\/sobre-nosotros-1536x355.jpg 1536w\" sizes=\"(max-width: 2000px) 100vw, 2000px\" \/>\t\t\t\t\t\t\t\t\t\t\t\t\t\t\t<\/div>\n\t\t\t\t<\/div>\n\t\t\t\t<\/div>\n\t\t\t\t<\/div>\n\t\t<div class=\"elementor-element elementor-element-d2f297e e-flex e-con-boxed e-con e-parent\" data-id=\"d2f297e\" data-element_type=\"container\" data-e-type=\"container\">\n\t\t\t\t\t<div class=\"e-con-inner\">\n\t\t\t\t<div class=\"elementor-element elementor-element-7676040 elementor-widget elementor-widget-heading\" data-id=\"7676040\" data-element_type=\"widget\" data-e-type=\"widget\" data-widget_type=\"heading.default\">\n\t\t\t\t<div class=\"elementor-widget-container\">\n\t\t\t\t\t<h2 class=\"elementor-heading-title elementor-size-default\">Impressum<\/h2>\t\t\t\t<\/div>\n\t\t\t\t<\/div>\n\t\t\t\t\t<\/div>\n\t\t\t\t<\/div>\n\t\t\t\t<section class=\"elementor-section elementor-top-section elementor-element elementor-element-987940b elementor-section-boxed elementor-section-height-default elementor-section-height-default\" data-id=\"987940b\" data-element_type=\"section\" data-e-type=\"section\">\n\t\t\t\t\t\t<div class=\"elementor-container elementor-column-gap-default\">\n\t\t\t\t\t<div class=\"elementor-column elementor-col-100 elementor-top-column elementor-element elementor-element-6ceaffa3\" data-id=\"6ceaffa3\" data-element_type=\"column\" data-e-type=\"column\">\n\t\t\t<div class=\"elementor-widget-wrap elementor-element-populated\">\n\t\t\t\t\t\t<div class=\"elementor-element elementor-element-ac7fad7 elementor-widget elementor-widget-heading\" data-id=\"ac7fad7\" data-element_type=\"widget\" data-e-type=\"widget\" data-widget_type=\"heading.default\">\n\t\t\t\t<div class=\"elementor-widget-container\">\n\t\t\t\t\t<h4 class=\"elementor-heading-title elementor-size-default\"><b>OBJEKT<\/b><\/h4>\t\t\t\t<\/div>\n\t\t\t\t<\/div>\n\t\t\t\t<div class=\"elementor-element elementor-element-3c06eff2 elementor-widget elementor-widget-text-editor\" data-id=\"3c06eff2\" data-element_type=\"widget\" data-e-type=\"widget\" data-widget_type=\"text-editor.default\">\n\t\t\t\t<div class=\"elementor-widget-container\">\n\t\t\t\t\t\t\t\t\t<p>Der Anbieter, der f\u00fcr die Website verantwortlich ist, stellt dieses Dokument den Nutzern zur Verf\u00fcgung, um die im Gesetz 34\/2002 \u00fcber die Dienste der Informationsgesellschaft und den elektronischen Handel (LSSI-CE) festgelegten Verpflichtungen zu erf\u00fcllen und alle Nutzer der Website \u00fcber die Nutzungsbedingungen der Website zu informieren.<\/p>\n<p>Der Zugriff auf die Website setzt die vorbehaltlose Annahme der vorliegenden allgemeinen Nutzungsbedingungen voraus, die der Nutzer als vollst\u00e4ndig verstanden erkl\u00e4rt. Der Nutzer verpflichtet sich, die Website und die auf ihr angebotenen Dienste nicht f\u00fcr gesetzeswidrige Handlungen zu nutzen und die vorliegenden allgemeinen Bedingungen jederzeit einzuhalten. Der Anbieter kann den Zugang zu seiner Website jederzeit unterbrechen, wenn er eine Nutzung feststellt, die gegen das Gesetz, Treu und Glauben oder diese allgemeinen Bedingungen verst\u00f6\u00dft.<\/p>\n<p>Der Anbieter beh\u00e4lt sich das Recht vor, jede Art von Informationen, die auf der Website erscheinen k\u00f6nnen, zu \u00e4ndern, ohne dass eine Verpflichtung zur vorherigen Ank\u00fcndigung oder Information der Nutzer besteht, wobei die Ver\u00f6ffentlichung auf der Website des Anbieters als ausreichend angesehen wird.<\/p>\n\t\t\t\t\t\t\t\t<\/div>\n\t\t\t\t<\/div>\n\t\t\t\t<div class=\"elementor-element elementor-element-a92016e elementor-widget elementor-widget-heading\" data-id=\"a92016e\" data-element_type=\"widget\" data-e-type=\"widget\" data-widget_type=\"heading.default\">\n\t\t\t\t<div class=\"elementor-widget-container\">\n\t\t\t\t\t<h4 class=\"elementor-heading-title elementor-size-default\"><b>\u00dcBER DEN ANBIETER<\/b><\/h4>\t\t\t\t<\/div>\n\t\t\t\t<\/div>\n\t\t\t\t<div class=\"elementor-element elementor-element-118f6dc elementor-widget elementor-widget-text-editor\" data-id=\"118f6dc\" data-element_type=\"widget\" data-e-type=\"widget\" data-widget_type=\"text-editor.default\">\n\t\t\t\t<div class=\"elementor-widget-container\">\n\t\t\t\t\t\t\t\t\t<p>Der f\u00fcr die Website verantwortliche Anbieter stellt den Nutzern der Website seine Identifikationsdaten zur Verf\u00fcgung, um das Vertrauen der Nutzer und die Beziehungen zu ihnen zu verbessern.<\/p>\n<p>Southcamp Experience, S.L.<\/p>\n<p>Calle Torre del Mar 48<br \/>\n29004 Malaga, Spanien<\/p>\n<p>Telefon: +34-952-751654<\/p>\n<p>E-Mail: info@southcamper.com<\/p>\n<p>MEHRWERTSTEUER-ID: B72209125<\/p>\n<p>UMSATZSTEUER-IDENTIFIKATIONSNUMMER: ESB72209125<\/p>\n<p>Register: Handelsregister von C\u00e1diz, Band 2046, Buch: 0, Seite: 49, Blatt: CA-43263, Eintragung: 1<\/p>\n<p>Verwalter: Roman Buchwald<\/p>\n<p><strong>Rechte an Markenzeichen<\/strong><\/p>\n<p>Name: Southcamper<\/p>\n<p>Grundlage: Eintragung einer Marke der Europ\u00e4ischen Union (EUTM)<\/p>\n<p>Datum der Registrierung: 21\/09\/2015<\/p>\n<p>Nizza-Klassen: 35, 36, 37<\/p>\n\t\t\t\t\t\t\t\t<\/div>\n\t\t\t\t<\/div>\n\t\t\t\t<div class=\"elementor-element elementor-element-9722864 elementor-widget elementor-widget-heading\" data-id=\"9722864\" data-element_type=\"widget\" data-e-type=\"widget\" data-widget_type=\"heading.default\">\n\t\t\t\t<div class=\"elementor-widget-container\">\n\t\t\t\t\t<h4 class=\"elementor-heading-title elementor-size-default\"><b>IP ADRESSEN<\/b><\/h4>\t\t\t\t<\/div>\n\t\t\t\t<\/div>\n\t\t\t\t<div class=\"elementor-element elementor-element-ddead2d elementor-widget elementor-widget-text-editor\" data-id=\"ddead2d\" data-element_type=\"widget\" data-e-type=\"widget\" data-widget_type=\"text-editor.default\">\n\t\t\t\t<div class=\"elementor-widget-container\">\n\t\t\t\t\t\t\t\t\t<p>Die Server der Website k\u00f6nnen die vom Nutzer verwendete IP-Adresse und den Dom\u00e4nennamen automatisch erkennen. Eine IP-Adresse ist eine Nummer, die einem Computer automatisch zugewiesen wird, wenn er sich mit dem Internet verbindet. Alle diese Informationen werden in einer ordnungsgem\u00e4\u00df registrierten Server-Aktivit\u00e4tsdatei gespeichert, die die sp\u00e4tere Verarbeitung der Daten erm\u00f6glicht, um rein statistische Messungen zu erhalten, die es erm\u00f6glichen, die Anzahl der Seitenaufrufe, die Anzahl der Besuche der Webdienste, die Reihenfolge der Besuche, den Zugangspunkt usw. zu ermitteln.<\/p>\n\t\t\t\t\t\t\t\t<\/div>\n\t\t\t\t<\/div>\n\t\t\t\t<div class=\"elementor-element elementor-element-8445737 elementor-widget elementor-widget-heading\" data-id=\"8445737\" data-element_type=\"widget\" data-e-type=\"widget\" data-widget_type=\"heading.default\">\n\t\t\t\t<div class=\"elementor-widget-container\">\n\t\t\t\t\t<h4 class=\"elementor-heading-title elementor-size-default\"><b>SICHERHEIT<\/b><\/h4>\t\t\t\t<\/div>\n\t\t\t\t<\/div>\n\t\t\t\t<div class=\"elementor-element elementor-element-fccc6d0 elementor-widget elementor-widget-text-editor\" data-id=\"fccc6d0\" data-element_type=\"widget\" data-e-type=\"widget\" data-widget_type=\"text-editor.default\">\n\t\t\t\t<div class=\"elementor-widget-container\">\n\t\t\t\t\t\t\t\t\t<p>Die Website verwendet in der Branche allgemein anerkannte Informationssicherheitstechniken wie Firewalls, Zugangskontrollverfahren und kryptografische Mechanismen mit dem Ziel, den unbefugten Zugriff auf Daten und einen m\u00f6glichen Datendiebstahl zu verhindern. Um diese Zwecke zu erreichen, erkl\u00e4rt sich der Nutzer\/Kunde damit einverstanden, dass der Anbieter Daten zum Zwecke der Authentifizierung der Zugangskontrolle erh\u00e4lt.<\/p>\n\t\t\t\t\t\t\t\t<\/div>\n\t\t\t\t<\/div>\n\t\t\t\t<div class=\"elementor-element elementor-element-7dde2bd elementor-widget elementor-widget-heading\" data-id=\"7dde2bd\" data-element_type=\"widget\" data-e-type=\"widget\" data-widget_type=\"heading.default\">\n\t\t\t\t<div class=\"elementor-widget-container\">\n\t\t\t\t\t<h4 class=\"elementor-heading-title elementor-size-default\"><b>Wir bieten 100% sichere Zahlungen<\/b><\/h4>\t\t\t\t<\/div>\n\t\t\t\t<\/div>\n\t\t\t\t<div class=\"elementor-element elementor-element-7ba2521 elementor-widget elementor-widget-text-editor\" data-id=\"7ba2521\" data-element_type=\"widget\" data-e-type=\"widget\" data-widget_type=\"text-editor.default\">\n\t\t\t\t<div class=\"elementor-widget-container\">\n\t\t\t\t\t\t\t\t\t<p>Bei southcamper.com garantieren wir, dass jede Transaktion zu 100% sicher ist.<\/p>\n<p>Alle Eink\u00e4ufe, die Sie auf unserer Website t\u00e4tigen, werden durch den sicheren Server der Bank Banco Santander garantiert, so dass Ihre Daten durch die fortschrittlichste Technologie gesch\u00fctzt und verschl\u00fcsselt werden, so dass es viel sicherer ist, Ihre Daten an den Secure Server der Banken zu senden, als an einer Tankstelle, einem Restaurant, usw. zu bezahlen.<\/p>\n<p>Wenn Sie den Kauf t\u00e4tigen und die Zahlungsmethode w\u00e4hlen, verbindet sich die Website mit dem Secure Server, wenn Sie auf die Schaltfl\u00e4che Zahlung mit Karte klicken. Von diesem Moment an betreten Sie den sicheren Bereich und geben Ihre Bankdaten in den Secure Server der Bank ein, der sicherstellt, dass die Transaktion den Sicherheitsanforderungen entspricht und die Transaktion durchf\u00fchrt.<\/p>\n<p>Jedes Mal, wenn ein Benutzer eine Verbindung zu einem sicheren Server herstellt, generiert dieser ein zuf\u00e4lliges Passwort f\u00fcr die Sitzung, die er mit dem Benutzer aufbaut, w\u00e4hrend der Browser des Kunden ein weiteres, ebenfalls zuf\u00e4lliges Passwort generiert, mit dem er sich gegen\u00fcber dem Server identifiziert.<\/p>\n<p>Wenn in dem Moment, in dem eine sichere Verbindung aufgebaut wird, andere Benutzer eine Verbindung zum Server herstellen, werden erneut neue Schl\u00fcssel generiert, um die Teilnehmer an der Verbindung zu identifizieren.<\/p>\n<p>Der Secure Server stellt sicher, dass die generierten Schl\u00fcssel niemals \u00fcbereinstimmen, wenn mehrere Verbindungen gleichzeitig aufgebaut werden.<\/p>\n<p>Sie k\u00f6nnen erkennen, ob Sie eine Verbindung zu einem sicheren Server hergestellt haben, wenn die URL-Adresse mit \u201chttps:\/\/\u201d beginnt. Dar\u00fcber hinaus zeigen die g\u00e4ngigsten Browser dies grafisch durch ein Symbol an, das dem Benutzer anzeigt, ob eine sichere Verbindung besteht oder nicht (beim Internet Explorer erscheint beispielsweise das gelbe geschlossene Vorh\u00e4ngeschloss).<\/p>\n<p>F\u00fcr Verbindungen zum Secure Server werden die neuesten Spezifikationen des Standard-Netzsicherheitsprotokolls verwendet: SSL.<\/p>\n\t\t\t\t\t\t\t\t<\/div>\n\t\t\t\t<\/div>\n\t\t\t\t<div class=\"elementor-element elementor-element-dd73628 elementor-widget elementor-widget-heading\" data-id=\"dd73628\" data-element_type=\"widget\" data-e-type=\"widget\" data-widget_type=\"heading.default\">\n\t\t\t\t<div class=\"elementor-widget-container\">\n\t\t\t\t\t<h4 class=\"elementor-heading-title elementor-size-default\"><b>VERANTWORTUNG<\/b><\/h4>\t\t\t\t<\/div>\n\t\t\t\t<\/div>\n\t\t\t\t<div class=\"elementor-element elementor-element-b055cb7 elementor-widget elementor-widget-text-editor\" data-id=\"b055cb7\" data-element_type=\"widget\" data-e-type=\"widget\" data-widget_type=\"text-editor.default\">\n\t\t\t\t<div class=\"elementor-widget-container\">\n\t\t\t\t\t\t\t\t\t<p>Der Anbieter lehnt jede Haftung f\u00fcr die auf seiner Website ver\u00f6ffentlichten Informationen ab, sofern diese Informationen von einem Dritten au\u00dferhalb der Website (z.B. in Foren, Chats, Blogs, Kommentaren etc.) manipuliert oder eingestellt wurden. Dennoch steht der Anbieter gem\u00e4\u00df den Bestimmungen des LSSI-CE allen Nutzern, Beh\u00f6rden und Sicherheitskr\u00e4ften zur Verf\u00fcgung, um alle Inhalte zu entfernen oder gegebenenfalls zu sperren, die die nationale oder internationale Gesetzgebung, die Rechte Dritter oder die Sittlichkeit und die \u00f6ffentliche Ordnung beeintr\u00e4chtigen oder dagegen versto\u00dfen k\u00f6nnten, wobei er die zust\u00e4ndigen Beh\u00f6rden gegebenenfalls auf den Sachverhalt hinweist.<\/p>\n<p>Sollte der Nutzer der Ansicht sein, dass es auf der Website Inhalte gibt, die f\u00fcr diese Einstufung in Frage kommen k\u00f6nnten, benachrichtigen Sie bitte unverz\u00fcglich den Administrator der Website.<\/p>\n<p>Diese Website wurde gepr\u00fcft und getestet, um sicherzustellen, dass sie korrekt funktioniert. Im Prinzip kann garantiert werden, dass sie 365 Tage im Jahr, 24 Stunden am Tag, korrekt funktioniert. Der Anbieter schlie\u00dft jedoch nicht aus, dass bestimmte Programmierfehler auftreten k\u00f6nnen oder dass h\u00f6here Gewalt, Naturkatastrophen, Streiks oder \u00e4hnliche Umst\u00e4nde den Zugang zur Website unm\u00f6glich machen.<\/p>\n\t\t\t\t\t\t\t\t<\/div>\n\t\t\t\t<\/div>\n\t\t\t\t<div class=\"elementor-element elementor-element-e596f87 elementor-widget elementor-widget-heading\" data-id=\"e596f87\" data-element_type=\"widget\" data-e-type=\"widget\" data-widget_type=\"heading.default\">\n\t\t\t\t<div class=\"elementor-widget-container\">\n\t\t\t\t\t<h4 class=\"elementor-heading-title elementor-size-default\"><b>ANWENDBARES RECHT UND GERICHTSBARKEIT<\/b><\/h4>\t\t\t\t<\/div>\n\t\t\t\t<\/div>\n\t\t\t\t<div class=\"elementor-element elementor-element-82432bd elementor-widget elementor-widget-text-editor\" data-id=\"82432bd\" data-element_type=\"widget\" data-e-type=\"widget\" data-widget_type=\"text-editor.default\">\n\t\t\t\t<div class=\"elementor-widget-container\">\n\t\t\t\t\t\t\t\t\t<p>F\u00fcr die Beilegung aller Streitigkeiten oder Fragen im Zusammenhang mit dieser Website oder den auf ihr durchgef\u00fchrten Aktivit\u00e4ten gilt die spanische Gesetzgebung, der sich die Parteien ausdr\u00fccklich unterwerfen, und die Gerichte von Sevilla sind f\u00fcr die Beilegung aller Streitigkeiten zust\u00e4ndig, die sich aus der Nutzung dieser Website ergeben oder damit zusammenh\u00e4ngen.<\/p>\n\t\t\t\t\t\t\t\t<\/div>\n\t\t\t\t<\/div>\n\t\t\t\t\t<\/div>\n\t\t<\/div>\n\t\t\t\t\t<\/div>\n\t\t<\/section>\n\t\t\t\t<\/div>\n\t\t","protected":false},"excerpt":{"rendered":"<p>Impressum OBJEKT Der Anbieter, der f\u00fcr die Website verantwortlich ist, stellt dieses Dokument den Nutzern zur Verf\u00fcgung, um die im Gesetz 34\/2002 \u00fcber die Dienste der Informationsgesellschaft und den elektronischen Handel (LSSI-CE) festgelegten Verpflichtungen zu erf\u00fcllen und alle Nutzer der Website \u00fcber die Nutzungsbedingungen der Website zu informieren. Der Zugriff auf die Website setzt die &#8230; <a title=\"Impressum\" class=\"read-more\" href=\"https:\/\/southcamper.com\/de\/impressum\/\" aria-label=\"Mehr Informationen \u00fcber Impressum\">Weiterlesen<\/a><\/p>\n","protected":false},"author":9,"featured_media":0,"parent":0,"menu_order":0,"comment_status":"closed","ping_status":"closed","template":"elementor_header_footer","meta":{"_acf_changed":false,"footnotes":""},"class_list":["post-13317","page","type-page","status-publish"],"acf":[],"yoast_head":"<!-- This site is optimized with the Yoast SEO plugin v27.4 - https:\/\/yoast.com\/product\/yoast-seo-wordpress\/ -->\n<title>Impressum &#187; Alquiler Autocaravanas SouthCamper<\/title>\n<meta name=\"robots\" content=\"noindex, follow\" \/>\n<meta property=\"og:locale\" content=\"de_DE\" \/>\n<meta property=\"og:type\" content=\"article\" \/>\n<meta property=\"og:title\" content=\"Impressum &#187; Alquiler Autocaravanas SouthCamper\" \/>\n<meta property=\"og:description\" content=\"Impressum OBJEKT Der Anbieter, der f\u00fcr die Website verantwortlich ist, stellt dieses Dokument den Nutzern zur Verf\u00fcgung, um die im Gesetz 34\/2002 \u00fcber die Dienste der Informationsgesellschaft und den elektronischen Handel (LSSI-CE) festgelegten Verpflichtungen zu erf\u00fcllen und alle Nutzer der Website \u00fcber die Nutzungsbedingungen der Website zu informieren. Der Zugriff auf die Website setzt die ... Weiterlesen\" \/>\n<meta property=\"og:url\" content=\"https:\/\/southcamper.com\/de\/impressum\/\" \/>\n<meta property=\"og:site_name\" content=\"Alquiler Autocaravanas SouthCamper\" \/>\n<meta property=\"article:publisher\" content=\"https:\/\/www.facebook.com\/southcampexperience\" \/>\n<meta property=\"article:modified_time\" content=\"2023-02-04T08:32:39+00:00\" \/>\n<meta property=\"og:image\" content=\"https:\/\/southcamper.com\/wp-content\/uploads\/2022\/11\/sobre-nosotros.jpg\" \/>\n<meta name=\"twitter:card\" content=\"summary_large_image\" \/>\n<meta name=\"twitter:label1\" content=\"Gesch\u00e4tzte Lesezeit\" \/>\n\t<meta name=\"twitter:data1\" content=\"5\u00a0Minuten\" \/>\n<!-- \/ Yoast SEO plugin. -->","yoast_head_json":{"title":"Impressum &#187; Alquiler Autocaravanas SouthCamper","robots":{"index":"noindex","follow":"follow"},"og_locale":"de_DE","og_type":"article","og_title":"Impressum &#187; Alquiler Autocaravanas SouthCamper","og_description":"Impressum OBJEKT Der Anbieter, der f\u00fcr die Website verantwortlich ist, stellt dieses Dokument den Nutzern zur Verf\u00fcgung, um die im Gesetz 34\/2002 \u00fcber die Dienste der Informationsgesellschaft und den elektronischen Handel (LSSI-CE) festgelegten Verpflichtungen zu erf\u00fcllen und alle Nutzer der Website \u00fcber die Nutzungsbedingungen der Website zu informieren. Der Zugriff auf die Website setzt die ... Weiterlesen","og_url":"https:\/\/southcamper.com\/de\/impressum\/","og_site_name":"Alquiler Autocaravanas SouthCamper","article_publisher":"https:\/\/www.facebook.com\/southcampexperience","article_modified_time":"2023-02-04T08:32:39+00:00","og_image":[{"url":"https:\/\/southcamper.com\/wp-content\/uploads\/2022\/11\/sobre-nosotros.jpg","type":"","width":"","height":""}],"twitter_card":"summary_large_image","twitter_misc":{"Gesch\u00e4tzte Lesezeit":"5\u00a0Minuten"},"schema":{"@context":"https:\/\/schema.org","@graph":[{"@type":"WebPage","@id":"https:\/\/southcamper.com\/de\/impressum\/","url":"https:\/\/southcamper.com\/de\/impressum\/","name":"Impressum &#187; Alquiler Autocaravanas SouthCamper","isPartOf":{"@id":"https:\/\/southcamper.com\/de\/#website"},"primaryImageOfPage":{"@id":"https:\/\/southcamper.com\/de\/impressum\/#primaryimage"},"image":{"@id":"https:\/\/southcamper.com\/de\/impressum\/#primaryimage"},"thumbnailUrl":"https:\/\/southcamper.com\/wp-content\/uploads\/2022\/11\/sobre-nosotros.jpg","datePublished":"2020-06-23T11:36:13+00:00","dateModified":"2023-02-04T08:32:39+00:00","breadcrumb":{"@id":"https:\/\/southcamper.com\/de\/impressum\/#breadcrumb"},"inLanguage":"de","potentialAction":[{"@type":"ReadAction","target":["https:\/\/southcamper.com\/de\/impressum\/"]}]},{"@type":"ImageObject","inLanguage":"de","@id":"https:\/\/southcamper.com\/de\/impressum\/#primaryimage","url":"https:\/\/southcamper.com\/wp-content\/uploads\/2022\/11\/sobre-nosotros.jpg","contentUrl":"https:\/\/southcamper.com\/wp-content\/uploads\/2022\/11\/sobre-nosotros.jpg"},{"@type":"BreadcrumbList","@id":"https:\/\/southcamper.com\/de\/impressum\/#breadcrumb","itemListElement":[{"@type":"ListItem","position":1,"name":"Portada","item":"https:\/\/southcamper.com\/de\/home\/"},{"@type":"ListItem","position":2,"name":"Impressum"}]},{"@type":"WebSite","@id":"https:\/\/southcamper.com\/de\/#website","url":"https:\/\/southcamper.com\/de\/","name":"Alquiler Autocaravanas SouthCamper","description":"Alquiler Autocaravanas y Campers en M\u00e1laga","publisher":{"@id":"https:\/\/southcamper.com\/de\/#organization"},"potentialAction":[{"@type":"SearchAction","target":{"@type":"EntryPoint","urlTemplate":"https:\/\/southcamper.com\/de\/?s={search_term_string}"},"query-input":{"@type":"PropertyValueSpecification","valueRequired":true,"valueName":"search_term_string"}}],"inLanguage":"de"},{"@type":"Organization","@id":"https:\/\/southcamper.com\/de\/#organization","name":"Southcamper","url":"https:\/\/southcamper.com\/de\/","logo":{"@type":"ImageObject","inLanguage":"de","@id":"https:\/\/southcamper.com\/de\/#\/schema\/logo\/image\/","url":"https:\/\/southcamper.com\/wp-content\/uploads\/2020\/09\/logo-southcamp-02.png","contentUrl":"https:\/\/southcamper.com\/wp-content\/uploads\/2020\/09\/logo-southcamp-02.png","width":2049,"height":522,"caption":"Southcamper"},"image":{"@id":"https:\/\/southcamper.com\/de\/#\/schema\/logo\/image\/"},"sameAs":["https:\/\/www.facebook.com\/southcampexperience","https:\/\/www.instagram.com\/southcamper.experience\/"]}]}},"_links":{"self":[{"href":"https:\/\/southcamper.com\/de\/wp-json\/wp\/v2\/pages\/13317","targetHints":{"allow":["GET"]}}],"collection":[{"href":"https:\/\/southcamper.com\/de\/wp-json\/wp\/v2\/pages"}],"about":[{"href":"https:\/\/southcamper.com\/de\/wp-json\/wp\/v2\/types\/page"}],"author":[{"embeddable":true,"href":"https:\/\/southcamper.com\/de\/wp-json\/wp\/v2\/users\/9"}],"replies":[{"embeddable":true,"href":"https:\/\/southcamper.com\/de\/wp-json\/wp\/v2\/comments?post=13317"}],"version-history":[{"count":0,"href":"https:\/\/southcamper.com\/de\/wp-json\/wp\/v2\/pages\/13317\/revisions"}],"wp:attachment":[{"href":"https:\/\/southcamper.com\/de\/wp-json\/wp\/v2\/media?parent=13317"}],"curies":[{"name":"wp","href":"https:\/\/api.w.org\/{rel}","templated":true}]}}