{"id":13494,"date":"2020-09-22T10:48:22","date_gmt":"2020-09-22T10:48:22","guid":{"rendered":"https:\/\/en-desarrollo.eu\/southcamper\/cordoba\/"},"modified":"2023-03-01T05:39:27","modified_gmt":"2023-03-01T05:39:27","slug":"cordoba","status":"publish","type":"page","link":"https:\/\/southcamper.com\/de\/cordoba\/","title":{"rendered":"Cordoba"},"content":{"rendered":"\t\t<div data-elementor-type=\"wp-page\" data-elementor-id=\"13494\" class=\"elementor elementor-13494 elementor-4467\" data-elementor-post-type=\"page\">\n\t\t\t\t<div class=\"elementor-element elementor-element-a1e8246 e-con-full e-flex e-con e-parent\" data-id=\"a1e8246\" data-element_type=\"container\" data-e-type=\"container\">\n\t\t<div class=\"elementor-element elementor-element-b92bc7a e-con-full e-flex e-con e-parent\" data-id=\"b92bc7a\" data-element_type=\"container\" data-e-type=\"container\">\n\t\t\t\t<div class=\"elementor-element elementor-element-83f8433 elementor-widget elementor-widget-image\" data-id=\"83f8433\" data-element_type=\"widget\" data-e-type=\"widget\" data-widget_type=\"image.default\">\n\t\t\t\t<div class=\"elementor-widget-container\">\n\t\t\t\t\t\t\t\t\t\t\t\t\t\t\t<img fetchpriority=\"high\" decoding=\"async\" width=\"2000\" height=\"462\" src=\"https:\/\/southcamper.com\/wp-content\/uploads\/2023\/01\/cabecera-cordoba.jpg\" class=\"attachment-full size-full wp-image-13104\" alt=\"\" srcset=\"https:\/\/southcamper.com\/wp-content\/uploads\/2023\/01\/cabecera-cordoba.jpg 2000w, https:\/\/southcamper.com\/wp-content\/uploads\/2023\/01\/cabecera-cordoba-500x116.jpg 500w, https:\/\/southcamper.com\/wp-content\/uploads\/2023\/01\/cabecera-cordoba-1024x237.jpg 1024w, https:\/\/southcamper.com\/wp-content\/uploads\/2023\/01\/cabecera-cordoba-768x177.jpg 768w, https:\/\/southcamper.com\/wp-content\/uploads\/2023\/01\/cabecera-cordoba-1536x355.jpg 1536w\" sizes=\"(max-width: 2000px) 100vw, 2000px\" \/>\t\t\t\t\t\t\t\t\t\t\t\t\t\t\t<\/div>\n\t\t\t\t<\/div>\n\t\t\t\t<\/div>\n\t\t\t\t<\/div>\n\t\t<div class=\"elementor-element elementor-element-fe9a380 e-flex e-con-boxed e-con e-parent\" data-id=\"fe9a380\" data-element_type=\"container\" data-e-type=\"container\">\n\t\t\t\t\t<div class=\"e-con-inner\">\n\t\t\t\t<div class=\"elementor-element elementor-element-83b83a4 elementor-widget elementor-widget-heading\" data-id=\"83b83a4\" data-element_type=\"widget\" data-e-type=\"widget\" data-widget_type=\"heading.default\">\n\t\t\t\t<div class=\"elementor-widget-container\">\n\t\t\t\t\t<h1 class=\"elementor-heading-title elementor-size-default\">Tipps f\u00fcr Reisen mit dem Wohnmobil in Cordoba<\/h1>\t\t\t\t<\/div>\n\t\t\t\t<\/div>\n\t\t\t\t\t<\/div>\n\t\t\t\t<\/div>\n\t\t<div class=\"elementor-element elementor-element-6b3f223 e-flex e-con-boxed e-con e-parent\" data-id=\"6b3f223\" data-element_type=\"container\" data-e-type=\"container\">\n\t\t\t\t\t<div class=\"e-con-inner\">\n\t\t<div class=\"elementor-element elementor-element-67a5302 e-con-full e-flex e-con e-parent\" data-id=\"67a5302\" data-element_type=\"container\" data-e-type=\"container\">\n\t\t\t\t<div class=\"elementor-element elementor-element-cfc3078 elementor-widget elementor-widget-image\" data-id=\"cfc3078\" data-element_type=\"widget\" data-e-type=\"widget\" data-widget_type=\"image.default\">\n\t\t\t\t<div class=\"elementor-widget-container\">\n\t\t\t\t\t\t\t\t\t\t\t\t\t\t\t<img decoding=\"async\" width=\"2560\" height=\"1709\" src=\"https:\/\/southcamper.com\/wp-content\/uploads\/2020\/09\/cordoba-spain-skyline-PDL4JEQ1-scaled.jpg\" class=\"attachment-full size-full wp-image-4478\" alt=\"\" srcset=\"https:\/\/southcamper.com\/wp-content\/uploads\/2020\/09\/cordoba-spain-skyline-PDL4JEQ1-scaled.jpg 2560w, https:\/\/southcamper.com\/wp-content\/uploads\/2020\/09\/cordoba-spain-skyline-PDL4JEQ1-scaled-1000x668.jpg 1000w, https:\/\/southcamper.com\/wp-content\/uploads\/2020\/09\/cordoba-spain-skyline-PDL4JEQ1-300x200.jpg 300w, https:\/\/southcamper.com\/wp-content\/uploads\/2020\/09\/cordoba-spain-skyline-PDL4JEQ1-1024x683.jpg 1024w, https:\/\/southcamper.com\/wp-content\/uploads\/2020\/09\/cordoba-spain-skyline-PDL4JEQ1-768x513.jpg 768w, https:\/\/southcamper.com\/wp-content\/uploads\/2020\/09\/cordoba-spain-skyline-PDL4JEQ1-1536x1025.jpg 1536w, https:\/\/southcamper.com\/wp-content\/uploads\/2020\/09\/cordoba-spain-skyline-PDL4JEQ1-2048x1367.jpg 2048w\" sizes=\"(max-width: 2560px) 100vw, 2560px\" \/>\t\t\t\t\t\t\t\t\t\t\t\t\t\t\t<\/div>\n\t\t\t\t<\/div>\n\t\t\t\t<\/div>\n\t\t<div class=\"elementor-element elementor-element-890f9c4 e-con-full e-flex e-con e-parent\" data-id=\"890f9c4\" data-element_type=\"container\" data-e-type=\"container\">\n\t\t\t\t<div class=\"elementor-element elementor-element-d812c73 elementor-widget elementor-widget-heading\" data-id=\"d812c73\" data-element_type=\"widget\" data-e-type=\"widget\" data-widget_type=\"heading.default\">\n\t\t\t\t<div class=\"elementor-widget-container\">\n\t\t\t\t\t<h2 class=\"elementor-heading-title elementor-size-default\">Cordoba<\/h2>\t\t\t\t<\/div>\n\t\t\t\t<\/div>\n\t\t\t\t<div class=\"elementor-element elementor-element-16d61a8 elementor-widget elementor-widget-text-editor\" data-id=\"16d61a8\" data-element_type=\"widget\" data-e-type=\"widget\" data-widget_type=\"text-editor.default\">\n\t\t\t\t<div class=\"elementor-widget-container\">\n\t\t\t\t\t\t\t\t\t<p>Das Kulturerbe Cordobas ist sehr ergiebig und verf\u00fcgt \u00fcber historische Funde aus der Zeit der Juden, Arabern und Christen. Die Stadt liegt am Fu\u00dfe der Sierra Morena, mit niedrigen Temperaturen im Winter und hohen Temperaturen im Sommer. Die Atmosph\u00e4re des historischen Zentrums ist gepr\u00e4gt von engen Gassen, wei\u00dfen Mauern und vielen Blumen in den Fenstern. Zu den touristischen Attraktionen geh\u00f6ren die Mezquita, die r\u00f6mische Br\u00fccke \u00fcber den Guadalquivir, der Palast der Katholischen K\u00f6nige, der r\u00f6mische Tempel von Cordoba und der Turm von Calahorra.<\/p>\n\t\t\t\t\t\t\t\t<\/div>\n\t\t\t\t<\/div>\n\t\t\t\t<\/div>\n\t\t\t\t\t<\/div>\n\t\t\t\t<\/div>\n\t\t\t\t<section class=\"elementor-section elementor-top-section elementor-element elementor-element-e66d0d9 elementor-section-boxed elementor-section-height-default elementor-section-height-default\" data-id=\"e66d0d9\" data-element_type=\"section\" data-e-type=\"section\">\n\t\t\t\t\t\t<div class=\"elementor-container elementor-column-gap-default\">\n\t\t\t\t\t<div class=\"elementor-column elementor-col-100 elementor-top-column elementor-element elementor-element-3f4351c\" data-id=\"3f4351c\" data-element_type=\"column\" data-e-type=\"column\">\n\t\t\t<div class=\"elementor-widget-wrap elementor-element-populated\">\n\t\t\t\t\t\t<div class=\"elementor-element elementor-element-3f6c51c elementor-widget elementor-widget-heading\" data-id=\"3f6c51c\" data-element_type=\"widget\" data-e-type=\"widget\" data-widget_type=\"heading.default\">\n\t\t\t\t<div class=\"elementor-widget-container\">\n\t\t\t\t\t<h2 class=\"elementor-heading-title elementor-size-default\">Wo kann man in Cordoba mit dem Wohnmobil parken und \u00fcbernachten?<\/h2>\t\t\t\t<\/div>\n\t\t\t\t<\/div>\n\t\t\t\t<div class=\"elementor-element elementor-element-fba5c7f elementor-widget elementor-widget-text-editor\" data-id=\"fba5c7f\" data-element_type=\"widget\" data-e-type=\"widget\" data-widget_type=\"text-editor.default\">\n\t\t\t\t<div class=\"elementor-widget-container\">\n\t\t\t\t\t\t\t\t\t<p>Wir informieren \u00fcber zwei Alternativen, um mit dem Wohnmobil in Cordoba zu \u00fcbernachten.<\/p>\n\t\t\t\t\t\t\t\t<\/div>\n\t\t\t\t<\/div>\n\t\t\t\t\t<\/div>\n\t\t<\/div>\n\t\t\t\t\t<\/div>\n\t\t<\/section>\n\t\t<div class=\"elementor-element elementor-element-90e5d16 e-flex e-con-boxed e-con e-parent\" data-id=\"90e5d16\" data-element_type=\"container\" data-e-type=\"container\">\n\t\t\t\t\t<div class=\"e-con-inner\">\n\t\t<div class=\"elementor-element elementor-element-ad9b5e1 e-con-full e-flex e-con e-parent\" data-id=\"ad9b5e1\" data-element_type=\"container\" data-e-type=\"container\">\n\t\t\t\t<div class=\"elementor-element elementor-element-585dd0c elementor-position-inline-start elementor-view-default elementor-mobile-position-block-start elementor-widget elementor-widget-icon-box\" data-id=\"585dd0c\" data-element_type=\"widget\" data-e-type=\"widget\" data-widget_type=\"icon-box.default\">\n\t\t\t\t<div class=\"elementor-widget-container\">\n\t\t\t\t\t\t\t<div class=\"elementor-icon-box-wrapper\">\n\n\t\t\t\t\t\t<div class=\"elementor-icon-box-icon\">\n\t\t\t\t<span  class=\"elementor-icon\">\n\t\t\t\t<i aria-hidden=\"true\" class=\"fas fa-map-marked-alt\"><\/i>\t\t\t\t<\/span>\n\t\t\t<\/div>\n\t\t\t\n\t\t\t\t\t\t<div class=\"elementor-icon-box-content\">\n\n\t\t\t\t\t\t\t\t\t<h3 class=\"elementor-icon-box-title\">\n\t\t\t\t\t\t<span  >\n\t\t\t\t\t\t\tCamping El Brillante\t\t\t\t\t\t<\/span>\n\t\t\t\t\t<\/h3>\n\t\t\t\t\n\t\t\t\t\t\t\t\t\t<p class=\"elementor-icon-box-description\">\n\t\t\t\t\t\tAv. del Brillante, 50, 14016 C\u00f3rdoba\r\n<br><br>\r\nDer Camping hat mittelm\u00e4\u00dfige Rezensionen, aber es ist der Camping mit der k\u00fcrzesten Entfernung zur Altstadt von Cordoba. Es gibt Busverbindungen und auch zu Fu\u00df ist das Zentrum zu erreichen.\r\n\t\t\t\t\t<\/p>\n\t\t\t\t\n\t\t\t<\/div>\n\t\t\t\n\t\t<\/div>\n\t\t\t\t\t\t<\/div>\n\t\t\t\t<\/div>\n\t\t\t\t<div class=\"elementor-element elementor-element-4a09bd9 elementor-position-inline-start elementor-view-default elementor-mobile-position-block-start elementor-widget elementor-widget-icon-box\" data-id=\"4a09bd9\" data-element_type=\"widget\" data-e-type=\"widget\" data-widget_type=\"icon-box.default\">\n\t\t\t\t<div class=\"elementor-widget-container\">\n\t\t\t\t\t\t\t<div class=\"elementor-icon-box-wrapper\">\n\n\t\t\t\t\t\t<div class=\"elementor-icon-box-icon\">\n\t\t\t\t<a href=\"https:\/\/www.areasac.es\/cordoba\/cordoba\/cordoba_1911_1_ap.html\" target=\"_blank\" class=\"elementor-icon\" tabindex=\"-1\" aria-label=\"Wohnmobilstellplatz Altstadt\">\n\t\t\t\t<i aria-hidden=\"true\" class=\"fas fa-map-marked-alt\"><\/i>\t\t\t\t<\/a>\n\t\t\t<\/div>\n\t\t\t\n\t\t\t\t\t\t<div class=\"elementor-icon-box-content\">\n\n\t\t\t\t\t\t\t\t\t<h3 class=\"elementor-icon-box-title\">\n\t\t\t\t\t\t<a href=\"https:\/\/www.areasac.es\/cordoba\/cordoba\/cordoba_1911_1_ap.html\" target=\"_blank\" >\n\t\t\t\t\t\t\tWohnmobilstellplatz Altstadt\t\t\t\t\t\t<\/a>\n\t\t\t\t\t<\/h3>\n\t\t\t\t\n\t\t\t\t\t\t\t\t\t<p class=\"elementor-icon-box-description\">\n\t\t\t\t\t\tAvda. de los Custodios, s\/n, 14004 C\u00f3rdoba\r\n<br><br>\r\nDer Wohnmobilstellplatz liegt direkt neben der Altstadt. Die Preise sind etwas hoch, aber die Lage ist sehr zentral.\t\t\t\t\t<\/p>\n\t\t\t\t\n\t\t\t<\/div>\n\t\t\t\n\t\t<\/div>\n\t\t\t\t\t\t<\/div>\n\t\t\t\t<\/div>\n\t\t\t\t<\/div>\n\t\t<div class=\"elementor-element elementor-element-861582e e-con-full e-flex e-con e-parent\" data-id=\"861582e\" data-element_type=\"container\" data-e-type=\"container\">\n\t\t\t\t<div class=\"elementor-element elementor-element-9a9cb08 elementor-widget elementor-widget-image\" data-id=\"9a9cb08\" data-element_type=\"widget\" data-e-type=\"widget\" data-widget_type=\"image.default\">\n\t\t\t\t<div class=\"elementor-widget-container\">\n\t\t\t\t\t\t\t\t\t\t\t\t\t\t\t<img decoding=\"async\" width=\"2560\" height=\"1707\" src=\"https:\/\/southcamper.com\/wp-content\/uploads\/2020\/09\/mezquita-and-roman-bridge-P7G42Y8-scaled.jpg\" class=\"attachment-full size-full wp-image-4475\" alt=\"\" srcset=\"https:\/\/southcamper.com\/wp-content\/uploads\/2020\/09\/mezquita-and-roman-bridge-P7G42Y8-scaled.jpg 2560w, https:\/\/southcamper.com\/wp-content\/uploads\/2020\/09\/mezquita-and-roman-bridge-P7G42Y8-scaled-1000x667.jpg 1000w, https:\/\/southcamper.com\/wp-content\/uploads\/2020\/09\/mezquita-and-roman-bridge-P7G42Y8-300x200.jpg 300w, https:\/\/southcamper.com\/wp-content\/uploads\/2020\/09\/mezquita-and-roman-bridge-P7G42Y8-1024x683.jpg 1024w, https:\/\/southcamper.com\/wp-content\/uploads\/2020\/09\/mezquita-and-roman-bridge-P7G42Y8-768x512.jpg 768w, https:\/\/southcamper.com\/wp-content\/uploads\/2020\/09\/mezquita-and-roman-bridge-P7G42Y8-1536x1024.jpg 1536w, https:\/\/southcamper.com\/wp-content\/uploads\/2020\/09\/mezquita-and-roman-bridge-P7G42Y8-2048x1365.jpg 2048w\" sizes=\"(max-width: 2560px) 100vw, 2560px\" \/>\t\t\t\t\t\t\t\t\t\t\t\t\t\t\t<\/div>\n\t\t\t\t<\/div>\n\t\t\t\t<\/div>\n\t\t\t\t\t<\/div>\n\t\t\t\t<\/div>\n\t\t\t\t<\/div>\n\t\t","protected":false},"excerpt":{"rendered":"<p>Tipps f\u00fcr Reisen mit dem Wohnmobil in Cordoba Cordoba Das Kulturerbe Cordobas ist sehr ergiebig und verf\u00fcgt \u00fcber historische Funde aus der Zeit der Juden, Arabern und Christen. Die Stadt liegt am Fu\u00dfe der Sierra Morena, mit niedrigen Temperaturen im Winter und hohen Temperaturen im Sommer. Die Atmosph\u00e4re des historischen Zentrums ist gepr\u00e4gt von engen &#8230; <a title=\"Cordoba\" class=\"read-more\" href=\"https:\/\/southcamper.com\/de\/cordoba\/\" aria-label=\"Mehr Informationen \u00fcber Cordoba\">Weiterlesen<\/a><\/p>\n","protected":false},"author":9,"featured_media":0,"parent":0,"menu_order":0,"comment_status":"closed","ping_status":"closed","template":"elementor_header_footer","meta":{"_acf_changed":false,"footnotes":""},"class_list":["post-13494","page","type-page","status-publish"],"acf":[],"yoast_head":"<!-- This site is optimized with the Yoast SEO plugin v27.4 - https:\/\/yoast.com\/product\/yoast-seo-wordpress\/ -->\n<title>Tipps f\u00fcr Reisen mit dem Wohnmobil in Cordoba<\/title>\n<meta name=\"description\" content=\"Hinweise f\u00fcr Wohnmobilreisen in der Provinz Cordoba: \u00dcbernachtungsm\u00f6glichkeiten, Sehensw\u00fcrdigkeiten und Outdoor-Aktivit\u00e4ten.\" \/>\n<meta name=\"robots\" content=\"index, follow, max-snippet:-1, max-image-preview:large, max-video-preview:-1\" \/>\n<link rel=\"canonical\" href=\"https:\/\/southcamper.com\/de\/cordoba\/\" \/>\n<meta property=\"og:locale\" content=\"de_DE\" \/>\n<meta property=\"og:type\" content=\"article\" \/>\n<meta property=\"og:title\" content=\"Tipps f\u00fcr Reisen mit dem Wohnmobil in Cordoba\" \/>\n<meta property=\"og:description\" content=\"Hinweise f\u00fcr Wohnmobilreisen in der Provinz Cordoba: \u00dcbernachtungsm\u00f6glichkeiten, Sehensw\u00fcrdigkeiten und Outdoor-Aktivit\u00e4ten.\" \/>\n<meta property=\"og:url\" content=\"https:\/\/southcamper.com\/de\/cordoba\/\" \/>\n<meta property=\"og:site_name\" content=\"Alquiler Autocaravanas SouthCamper\" \/>\n<meta property=\"article:publisher\" content=\"https:\/\/www.facebook.com\/southcampexperience\" \/>\n<meta property=\"article:modified_time\" content=\"2023-03-01T05:39:27+00:00\" \/>\n<meta property=\"og:image\" content=\"https:\/\/southcamper.com\/wp-content\/uploads\/2023\/01\/cabecera-cordoba.jpg\" \/>\n<meta name=\"twitter:card\" content=\"summary_large_image\" \/>\n<meta name=\"twitter:label1\" content=\"Gesch\u00e4tzte Lesezeit\" \/>\n\t<meta name=\"twitter:data1\" content=\"1\u00a0Minute\" \/>\n<!-- \/ Yoast SEO plugin. -->","yoast_head_json":{"title":"Tipps f\u00fcr Reisen mit dem Wohnmobil in Cordoba","description":"Hinweise f\u00fcr Wohnmobilreisen in der Provinz Cordoba: \u00dcbernachtungsm\u00f6glichkeiten, Sehensw\u00fcrdigkeiten und Outdoor-Aktivit\u00e4ten.","robots":{"index":"index","follow":"follow","max-snippet":"max-snippet:-1","max-image-preview":"max-image-preview:large","max-video-preview":"max-video-preview:-1"},"canonical":"https:\/\/southcamper.com\/de\/cordoba\/","og_locale":"de_DE","og_type":"article","og_title":"Tipps f\u00fcr Reisen mit dem Wohnmobil in Cordoba","og_description":"Hinweise f\u00fcr Wohnmobilreisen in der Provinz Cordoba: \u00dcbernachtungsm\u00f6glichkeiten, Sehensw\u00fcrdigkeiten und Outdoor-Aktivit\u00e4ten.","og_url":"https:\/\/southcamper.com\/de\/cordoba\/","og_site_name":"Alquiler Autocaravanas SouthCamper","article_publisher":"https:\/\/www.facebook.com\/southcampexperience","article_modified_time":"2023-03-01T05:39:27+00:00","og_image":[{"url":"https:\/\/southcamper.com\/wp-content\/uploads\/2023\/01\/cabecera-cordoba.jpg","type":"","width":"","height":""}],"twitter_card":"summary_large_image","twitter_misc":{"Gesch\u00e4tzte Lesezeit":"1\u00a0Minute"},"schema":{"@context":"https:\/\/schema.org","@graph":[{"@type":"WebPage","@id":"https:\/\/southcamper.com\/de\/cordoba\/","url":"https:\/\/southcamper.com\/de\/cordoba\/","name":"Tipps f\u00fcr Reisen mit dem Wohnmobil in Cordoba","isPartOf":{"@id":"https:\/\/southcamper.com\/de\/#website"},"primaryImageOfPage":{"@id":"https:\/\/southcamper.com\/de\/cordoba\/#primaryimage"},"image":{"@id":"https:\/\/southcamper.com\/de\/cordoba\/#primaryimage"},"thumbnailUrl":"https:\/\/southcamper.com\/wp-content\/uploads\/2023\/01\/cabecera-cordoba.jpg","datePublished":"2020-09-22T10:48:22+00:00","dateModified":"2023-03-01T05:39:27+00:00","description":"Hinweise f\u00fcr Wohnmobilreisen in der Provinz Cordoba: \u00dcbernachtungsm\u00f6glichkeiten, Sehensw\u00fcrdigkeiten und Outdoor-Aktivit\u00e4ten.","breadcrumb":{"@id":"https:\/\/southcamper.com\/de\/cordoba\/#breadcrumb"},"inLanguage":"de","potentialAction":[{"@type":"ReadAction","target":["https:\/\/southcamper.com\/de\/cordoba\/"]}]},{"@type":"ImageObject","inLanguage":"de","@id":"https:\/\/southcamper.com\/de\/cordoba\/#primaryimage","url":"https:\/\/southcamper.com\/wp-content\/uploads\/2023\/01\/cabecera-cordoba.jpg","contentUrl":"https:\/\/southcamper.com\/wp-content\/uploads\/2023\/01\/cabecera-cordoba.jpg"},{"@type":"BreadcrumbList","@id":"https:\/\/southcamper.com\/de\/cordoba\/#breadcrumb","itemListElement":[{"@type":"ListItem","position":1,"name":"Portada","item":"https:\/\/southcamper.com\/de\/home\/"},{"@type":"ListItem","position":2,"name":"Cordoba"}]},{"@type":"WebSite","@id":"https:\/\/southcamper.com\/de\/#website","url":"https:\/\/southcamper.com\/de\/","name":"Alquiler Autocaravanas SouthCamper","description":"Alquiler Autocaravanas y Campers en M\u00e1laga","publisher":{"@id":"https:\/\/southcamper.com\/de\/#organization"},"potentialAction":[{"@type":"SearchAction","target":{"@type":"EntryPoint","urlTemplate":"https:\/\/southcamper.com\/de\/?s={search_term_string}"},"query-input":{"@type":"PropertyValueSpecification","valueRequired":true,"valueName":"search_term_string"}}],"inLanguage":"de"},{"@type":"Organization","@id":"https:\/\/southcamper.com\/de\/#organization","name":"Southcamper","url":"https:\/\/southcamper.com\/de\/","logo":{"@type":"ImageObject","inLanguage":"de","@id":"https:\/\/southcamper.com\/de\/#\/schema\/logo\/image\/","url":"https:\/\/southcamper.com\/wp-content\/uploads\/2020\/09\/logo-southcamp-02.png","contentUrl":"https:\/\/southcamper.com\/wp-content\/uploads\/2020\/09\/logo-southcamp-02.png","width":2049,"height":522,"caption":"Southcamper"},"image":{"@id":"https:\/\/southcamper.com\/de\/#\/schema\/logo\/image\/"},"sameAs":["https:\/\/www.facebook.com\/southcampexperience","https:\/\/www.instagram.com\/southcamper.experience\/"]}]}},"_links":{"self":[{"href":"https:\/\/southcamper.com\/de\/wp-json\/wp\/v2\/pages\/13494","targetHints":{"allow":["GET"]}}],"collection":[{"href":"https:\/\/southcamper.com\/de\/wp-json\/wp\/v2\/pages"}],"about":[{"href":"https:\/\/southcamper.com\/de\/wp-json\/wp\/v2\/types\/page"}],"author":[{"embeddable":true,"href":"https:\/\/southcamper.com\/de\/wp-json\/wp\/v2\/users\/9"}],"replies":[{"embeddable":true,"href":"https:\/\/southcamper.com\/de\/wp-json\/wp\/v2\/comments?post=13494"}],"version-history":[{"count":0,"href":"https:\/\/southcamper.com\/de\/wp-json\/wp\/v2\/pages\/13494\/revisions"}],"wp:attachment":[{"href":"https:\/\/southcamper.com\/de\/wp-json\/wp\/v2\/media?parent=13494"}],"curies":[{"name":"wp","href":"https:\/\/api.w.org\/{rel}","templated":true}]}}