{"id":15626,"date":"2020-09-22T10:48:22","date_gmt":"2020-09-22T10:48:22","guid":{"rendered":"https:\/\/southcamper.com\/cordoue\/"},"modified":"2024-01-16T11:19:42","modified_gmt":"2024-01-16T11:19:42","slug":"cordoue","status":"publish","type":"page","link":"https:\/\/southcamper.com\/fr\/cordoue\/","title":{"rendered":"Cordoue"},"content":{"rendered":"\t\t<div data-elementor-type=\"wp-page\" data-elementor-id=\"15626\" class=\"elementor elementor-15626 elementor-4467\" data-elementor-post-type=\"page\">\n\t\t\t\t<div class=\"elementor-element elementor-element-a1e8246 e-con-full e-flex e-con e-parent\" data-id=\"a1e8246\" data-element_type=\"container\" data-e-type=\"container\">\n\t\t<div class=\"elementor-element elementor-element-b92bc7a e-con-full e-flex e-con e-parent\" data-id=\"b92bc7a\" data-element_type=\"container\" data-e-type=\"container\">\n\t\t\t\t<div class=\"elementor-element elementor-element-83f8433 elementor-widget elementor-widget-image\" data-id=\"83f8433\" data-element_type=\"widget\" data-e-type=\"widget\" data-widget_type=\"image.default\">\n\t\t\t\t<div class=\"elementor-widget-container\">\n\t\t\t\t\t\t\t\t\t\t\t\t\t\t\t<img fetchpriority=\"high\" decoding=\"async\" width=\"2000\" height=\"462\" src=\"https:\/\/southcamper.com\/wp-content\/uploads\/2023\/01\/cabecera-cordoba.jpg\" class=\"attachment-full size-full wp-image-15633\" alt=\"\" srcset=\"https:\/\/southcamper.com\/wp-content\/uploads\/2023\/01\/cabecera-cordoba.jpg 2000w, https:\/\/southcamper.com\/wp-content\/uploads\/2023\/01\/cabecera-cordoba-500x116.jpg 500w, https:\/\/southcamper.com\/wp-content\/uploads\/2023\/01\/cabecera-cordoba-1024x237.jpg 1024w, https:\/\/southcamper.com\/wp-content\/uploads\/2023\/01\/cabecera-cordoba-768x177.jpg 768w, https:\/\/southcamper.com\/wp-content\/uploads\/2023\/01\/cabecera-cordoba-1536x355.jpg 1536w\" sizes=\"(max-width: 2000px) 100vw, 2000px\" \/>\t\t\t\t\t\t\t\t\t\t\t\t\t\t\t<\/div>\n\t\t\t\t<\/div>\n\t\t\t\t<\/div>\n\t\t\t\t<\/div>\n\t\t<div class=\"elementor-element elementor-element-fe9a380 e-flex e-con-boxed e-con e-parent\" data-id=\"fe9a380\" data-element_type=\"container\" data-e-type=\"container\">\n\t\t\t\t\t<div class=\"e-con-inner\">\n\t\t\t\t<div class=\"elementor-element elementor-element-83b83a4 elementor-widget elementor-widget-heading\" data-id=\"83b83a4\" data-element_type=\"widget\" data-e-type=\"widget\" data-widget_type=\"heading.default\">\n\t\t\t\t<div class=\"elementor-widget-container\">\n\t\t\t\t\t<h1 class=\"elementor-heading-title elementor-size-default\">Conseils pour voyager en camping-car \u00e0 Cordoue<\/h1>\t\t\t\t<\/div>\n\t\t\t\t<\/div>\n\t\t\t\t\t<\/div>\n\t\t\t\t<\/div>\n\t\t<div class=\"elementor-element elementor-element-6b3f223 e-flex e-con-boxed e-con e-parent\" data-id=\"6b3f223\" data-element_type=\"container\" data-e-type=\"container\">\n\t\t\t\t\t<div class=\"e-con-inner\">\n\t\t<div class=\"elementor-element elementor-element-67a5302 e-con-full e-flex e-con e-parent\" data-id=\"67a5302\" data-element_type=\"container\" data-e-type=\"container\">\n\t\t\t\t<div class=\"elementor-element elementor-element-cfc3078 elementor-widget elementor-widget-image\" data-id=\"cfc3078\" data-element_type=\"widget\" data-e-type=\"widget\" data-widget_type=\"image.default\">\n\t\t\t\t<div class=\"elementor-widget-container\">\n\t\t\t\t\t\t\t\t\t\t\t\t\t\t\t<img decoding=\"async\" width=\"2560\" height=\"1709\" src=\"https:\/\/southcamper.com\/wp-content\/uploads\/2020\/09\/cordoba-spain-skyline-PDL4JEQ1-scaled.jpg\" class=\"attachment-full size-full wp-image-15631\" alt=\"\" srcset=\"https:\/\/southcamper.com\/wp-content\/uploads\/2020\/09\/cordoba-spain-skyline-PDL4JEQ1-scaled.jpg 2560w, https:\/\/southcamper.com\/wp-content\/uploads\/2020\/09\/cordoba-spain-skyline-PDL4JEQ1-scaled-300x200.jpg 300w, https:\/\/southcamper.com\/wp-content\/uploads\/2020\/09\/cordoba-spain-skyline-PDL4JEQ1-scaled-1024x684.jpg 1024w, https:\/\/southcamper.com\/wp-content\/uploads\/2020\/09\/cordoba-spain-skyline-PDL4JEQ1-scaled-768x513.jpg 768w, https:\/\/southcamper.com\/wp-content\/uploads\/2020\/09\/cordoba-spain-skyline-PDL4JEQ1-scaled-1536x1025.jpg 1536w, https:\/\/southcamper.com\/wp-content\/uploads\/2020\/09\/cordoba-spain-skyline-PDL4JEQ1-scaled-2048x1367.jpg 2048w, https:\/\/southcamper.com\/wp-content\/uploads\/2020\/09\/cordoba-spain-skyline-PDL4JEQ1-scaled-1000x668.jpg 1000w\" sizes=\"(max-width: 2560px) 100vw, 2560px\" \/>\t\t\t\t\t\t\t\t\t\t\t\t\t\t\t<\/div>\n\t\t\t\t<\/div>\n\t\t\t\t<\/div>\n\t\t<div class=\"elementor-element elementor-element-890f9c4 e-con-full e-flex e-con e-parent\" data-id=\"890f9c4\" data-element_type=\"container\" data-e-type=\"container\">\n\t\t\t\t<div class=\"elementor-element elementor-element-d812c73 elementor-widget elementor-widget-heading\" data-id=\"d812c73\" data-element_type=\"widget\" data-e-type=\"widget\" data-widget_type=\"heading.default\">\n\t\t\t\t<div class=\"elementor-widget-container\">\n\t\t\t\t\t<h2 class=\"elementor-heading-title elementor-size-default\">Cordoue<\/h2>\t\t\t\t<\/div>\n\t\t\t\t<\/div>\n\t\t\t\t<div class=\"elementor-element elementor-element-16d61a8 elementor-widget elementor-widget-text-editor\" data-id=\"16d61a8\" data-element_type=\"widget\" data-e-type=\"widget\" data-widget_type=\"text-editor.default\">\n\t\t\t\t<div class=\"elementor-widget-container\">\n\t\t\t\t\t\t\t\t\t<p>Le patrimoine culturel de Cordoue est immense, avec des ressources historiques juives, arabes et chr\u00e9tiennes. La ville est situ\u00e9e au pied de la Sierra Morena, avec des temp\u00e9ratures basses en hiver et \u00e9lev\u00e9es en \u00e9t\u00e9. L&#8217;atmosph\u00e8re de la vieille ville est marqu\u00e9e par des rues \u00e9troites, des murs blancs et de nombreuses fleurs aux fen\u00eatres. Parmi les attractions touristiques, citons la mosqu\u00e9e, le pont romain sur le Guadalquivir, l&#8217;Alcazar des Rois Chr\u00e9tiens, le temple romain de Cordoue et la tour de Calahorra.<\/p>\n\t\t\t\t\t\t\t\t<\/div>\n\t\t\t\t<\/div>\n\t\t\t\t<\/div>\n\t\t\t\t\t<\/div>\n\t\t\t\t<\/div>\n\t\t\t\t<section class=\"elementor-section elementor-top-section elementor-element elementor-element-e66d0d9 elementor-section-boxed elementor-section-height-default elementor-section-height-default\" data-id=\"e66d0d9\" data-element_type=\"section\" data-e-type=\"section\">\n\t\t\t\t\t\t<div class=\"elementor-container elementor-column-gap-default\">\n\t\t\t\t\t<div class=\"elementor-column elementor-col-100 elementor-top-column elementor-element elementor-element-3f4351c\" data-id=\"3f4351c\" data-element_type=\"column\" data-e-type=\"column\">\n\t\t\t<div class=\"elementor-widget-wrap elementor-element-populated\">\n\t\t\t\t\t\t<div class=\"elementor-element elementor-element-3f6c51c elementor-widget elementor-widget-heading\" data-id=\"3f6c51c\" data-element_type=\"widget\" data-e-type=\"widget\" data-widget_type=\"heading.default\">\n\t\t\t\t<div class=\"elementor-widget-container\">\n\t\t\t\t\t<h2 class=\"elementor-heading-title elementor-size-default\">O\u00f9 stationner et passer la nuit dans un camping-car ?<\/h2>\t\t\t\t<\/div>\n\t\t\t\t<\/div>\n\t\t\t\t<div class=\"elementor-element elementor-element-fba5c7f elementor-widget elementor-widget-text-editor\" data-id=\"fba5c7f\" data-element_type=\"widget\" data-e-type=\"widget\" data-widget_type=\"text-editor.default\">\n\t\t\t\t<div class=\"elementor-widget-container\">\n\t\t\t\t\t\t\t\t\t<p><span style=\"font-family: Roboto, sans-serif; font-size: 18px;\">Nous vous informons de deux options pour passer la nuit dans un camping-car \u00e0 Cordoue.<\/span><\/p>\n\t\t\t\t\t\t\t\t<\/div>\n\t\t\t\t<\/div>\n\t\t\t\t\t<\/div>\n\t\t<\/div>\n\t\t\t\t\t<\/div>\n\t\t<\/section>\n\t\t<div class=\"elementor-element elementor-element-90e5d16 e-flex e-con-boxed e-con e-parent\" data-id=\"90e5d16\" data-element_type=\"container\" data-e-type=\"container\">\n\t\t\t\t\t<div class=\"e-con-inner\">\n\t\t<div class=\"elementor-element elementor-element-ad9b5e1 e-con-full e-flex e-con e-parent\" data-id=\"ad9b5e1\" data-element_type=\"container\" data-e-type=\"container\">\n\t\t\t\t<div class=\"elementor-element elementor-element-585dd0c elementor-position-inline-start elementor-view-default elementor-mobile-position-block-start elementor-widget elementor-widget-icon-box\" data-id=\"585dd0c\" data-element_type=\"widget\" data-e-type=\"widget\" data-widget_type=\"icon-box.default\">\n\t\t\t\t<div class=\"elementor-widget-container\">\n\t\t\t\t\t\t\t<div class=\"elementor-icon-box-wrapper\">\n\n\t\t\t\t\t\t<div class=\"elementor-icon-box-icon\">\n\t\t\t\t<span  class=\"elementor-icon\">\n\t\t\t\t<i aria-hidden=\"true\" class=\"fas fa-map-marked-alt\"><\/i>\t\t\t\t<\/span>\n\t\t\t<\/div>\n\t\t\t\n\t\t\t\t\t\t<div class=\"elementor-icon-box-content\">\n\n\t\t\t\t\t\t\t\t\t<h3 class=\"elementor-icon-box-title\">\n\t\t\t\t\t\t<span  >\n\t\t\t\t\t\t\tCamping El Brillante\t\t\t\t\t\t<\/span>\n\t\t\t\t\t<\/h3>\n\t\t\t\t\n\t\t\t\t\t\t\t\t\t<p class=\"elementor-icon-box-description\">\n\t\t\t\t\t\tAv. del Brillante, 50, 14016 C\u00f3rdoba\n<br><br>\nIl n'est pas tr\u00e8s bien not\u00e9 mais c'est le camping le plus proche du centre de Cordoue. Des bus desservent le centre et vous pouvez m\u00eame vous y rendre \u00e0 pied.\n\t\t\t\t\t<\/p>\n\t\t\t\t\n\t\t\t<\/div>\n\t\t\t\n\t\t<\/div>\n\t\t\t\t\t\t<\/div>\n\t\t\t\t<\/div>\n\t\t\t\t<div class=\"elementor-element elementor-element-4a09bd9 elementor-position-inline-start elementor-view-default elementor-mobile-position-block-start elementor-widget elementor-widget-icon-box\" data-id=\"4a09bd9\" data-element_type=\"widget\" data-e-type=\"widget\" data-widget_type=\"icon-box.default\">\n\t\t\t\t<div class=\"elementor-widget-container\">\n\t\t\t\t\t\t\t<div class=\"elementor-icon-box-wrapper\">\n\n\t\t\t\t\t\t<div class=\"elementor-icon-box-icon\">\n\t\t\t\t<a href=\"https:\/\/www.areasac.es\/cordoba\/cordoba\/cordoba_1911_1_ap.html\" target=\"_blank\" class=\"elementor-icon\" tabindex=\"-1\" aria-label=\"Zone de la vieille ville\">\n\t\t\t\t<i aria-hidden=\"true\" class=\"fas fa-map-marked-alt\"><\/i>\t\t\t\t<\/a>\n\t\t\t<\/div>\n\t\t\t\n\t\t\t\t\t\t<div class=\"elementor-icon-box-content\">\n\n\t\t\t\t\t\t\t\t\t<h3 class=\"elementor-icon-box-title\">\n\t\t\t\t\t\t<a href=\"https:\/\/www.areasac.es\/cordoba\/cordoba\/cordoba_1911_1_ap.html\" target=\"_blank\" >\n\t\t\t\t\t\t\tZone de la vieille ville\t\t\t\t\t\t<\/a>\n\t\t\t\t\t<\/h3>\n\t\t\t\t\n\t\t\t\t\t\t\t\t\t<p class=\"elementor-icon-box-description\">\n\t\t\t\t\t\tAvda. de los Custodios, s\/n, 14004 Cordoba\n<br><br>\nLe quartier est situ\u00e9 \u00e0 proximit\u00e9 imm\u00e9diate du centre historique. Les prix sont un peu \u00e9lev\u00e9s mais la proximit\u00e9 est imbattable.\n\t\t\t\t\t<\/p>\n\t\t\t\t\n\t\t\t<\/div>\n\t\t\t\n\t\t<\/div>\n\t\t\t\t\t\t<\/div>\n\t\t\t\t<\/div>\n\t\t\t\t<\/div>\n\t\t<div class=\"elementor-element elementor-element-861582e e-con-full e-flex e-con e-parent\" data-id=\"861582e\" data-element_type=\"container\" data-e-type=\"container\">\n\t\t\t\t<div class=\"elementor-element elementor-element-9a9cb08 elementor-widget elementor-widget-image\" data-id=\"9a9cb08\" data-element_type=\"widget\" data-e-type=\"widget\" data-widget_type=\"image.default\">\n\t\t\t\t<div class=\"elementor-widget-container\">\n\t\t\t\t\t\t\t\t\t\t\t\t\t\t\t<img decoding=\"async\" width=\"2560\" height=\"1707\" src=\"https:\/\/southcamper.com\/wp-content\/uploads\/2020\/09\/mezquita-and-roman-bridge-P7G42Y8-scaled.jpg\" class=\"attachment-full size-full wp-image-15629\" alt=\"\" srcset=\"https:\/\/southcamper.com\/wp-content\/uploads\/2020\/09\/mezquita-and-roman-bridge-P7G42Y8-scaled.jpg 2560w, https:\/\/southcamper.com\/wp-content\/uploads\/2020\/09\/mezquita-and-roman-bridge-P7G42Y8-scaled-300x200.jpg 300w, https:\/\/southcamper.com\/wp-content\/uploads\/2020\/09\/mezquita-and-roman-bridge-P7G42Y8-scaled-1024x683.jpg 1024w, https:\/\/southcamper.com\/wp-content\/uploads\/2020\/09\/mezquita-and-roman-bridge-P7G42Y8-scaled-768x512.jpg 768w, https:\/\/southcamper.com\/wp-content\/uploads\/2020\/09\/mezquita-and-roman-bridge-P7G42Y8-scaled-1536x1024.jpg 1536w, https:\/\/southcamper.com\/wp-content\/uploads\/2020\/09\/mezquita-and-roman-bridge-P7G42Y8-scaled-2048x1366.jpg 2048w, https:\/\/southcamper.com\/wp-content\/uploads\/2020\/09\/mezquita-and-roman-bridge-P7G42Y8-scaled-1000x667.jpg 1000w\" sizes=\"(max-width: 2560px) 100vw, 2560px\" \/>\t\t\t\t\t\t\t\t\t\t\t\t\t\t\t<\/div>\n\t\t\t\t<\/div>\n\t\t\t\t<\/div>\n\t\t\t\t\t<\/div>\n\t\t\t\t<\/div>\n\t\t\t\t<\/div>\n\t\t","protected":false},"excerpt":{"rendered":"<p>Conseils pour voyager en camping-car \u00e0 Cordoue Cordoue Le patrimoine culturel de Cordoue est immense, avec des ressources historiques juives, arabes et chr\u00e9tiennes. La ville est situ\u00e9e au pied de la Sierra Morena, avec des temp\u00e9ratures basses en hiver et \u00e9lev\u00e9es en \u00e9t\u00e9. L&#8217;atmosph\u00e8re de la vieille ville est marqu\u00e9e par des rues \u00e9troites, des &#8230; <a title=\"Cordoue\" class=\"read-more\" href=\"https:\/\/southcamper.com\/fr\/cordoue\/\" aria-label=\"En savoir plus sur Cordoue\">Lire la suite<\/a><\/p>\n","protected":false},"author":9,"featured_media":0,"parent":0,"menu_order":0,"comment_status":"closed","ping_status":"closed","template":"elementor_header_footer","meta":{"_acf_changed":false,"footnotes":""},"class_list":["post-15626","page","type-page","status-publish"],"acf":[],"yoast_head":"<!-- This site is optimized with the Yoast SEO plugin v27.4 - https:\/\/yoast.com\/product\/yoast-seo-wordpress\/ -->\n<title>Suggestions d&#039;excursions en camping-car autour de Cordoue<\/title>\n<meta name=\"description\" content=\"Suggestions pour les voyages en camping-car dans la province de Cordoue : endroits o\u00f9 passer la nuit, lieux d&#039;int\u00e9r\u00eat et activit\u00e9s de plein air.\" \/>\n<meta name=\"robots\" content=\"index, follow, max-snippet:-1, max-image-preview:large, max-video-preview:-1\" \/>\n<link rel=\"canonical\" href=\"https:\/\/southcamper.com\/fr\/cordoue\/\" \/>\n<meta property=\"og:locale\" content=\"fr_FR\" \/>\n<meta property=\"og:type\" content=\"article\" \/>\n<meta property=\"og:title\" content=\"Suggestions d&#039;excursions en camping-car autour de Cordoue\" \/>\n<meta property=\"og:description\" content=\"Suggestions pour les voyages en camping-car dans la province de Cordoue : endroits o\u00f9 passer la nuit, lieux d&#039;int\u00e9r\u00eat et activit\u00e9s de plein air.\" \/>\n<meta property=\"og:url\" content=\"https:\/\/southcamper.com\/fr\/cordoue\/\" \/>\n<meta property=\"og:site_name\" content=\"Alquiler Autocaravanas SouthCamper\" \/>\n<meta property=\"article:publisher\" content=\"https:\/\/www.facebook.com\/southcampexperience\" \/>\n<meta property=\"article:modified_time\" content=\"2024-01-16T11:19:42+00:00\" \/>\n<meta property=\"og:image\" content=\"https:\/\/southcamper.com\/wp-content\/uploads\/2023\/01\/cabecera-cordoba.jpg\" \/>\n<meta name=\"twitter:card\" content=\"summary_large_image\" \/>\n<meta name=\"twitter:label1\" content=\"Dur\u00e9e de lecture estim\u00e9e\" \/>\n\t<meta name=\"twitter:data1\" content=\"1 minute\" \/>\n<!-- \/ Yoast SEO plugin. -->","yoast_head_json":{"title":"Suggestions d'excursions en camping-car autour de Cordoue","description":"Suggestions pour les voyages en camping-car dans la province de Cordoue : endroits o\u00f9 passer la nuit, lieux d'int\u00e9r\u00eat et activit\u00e9s de plein air.","robots":{"index":"index","follow":"follow","max-snippet":"max-snippet:-1","max-image-preview":"max-image-preview:large","max-video-preview":"max-video-preview:-1"},"canonical":"https:\/\/southcamper.com\/fr\/cordoue\/","og_locale":"fr_FR","og_type":"article","og_title":"Suggestions d'excursions en camping-car autour de Cordoue","og_description":"Suggestions pour les voyages en camping-car dans la province de Cordoue : endroits o\u00f9 passer la nuit, lieux d'int\u00e9r\u00eat et activit\u00e9s de plein air.","og_url":"https:\/\/southcamper.com\/fr\/cordoue\/","og_site_name":"Alquiler Autocaravanas SouthCamper","article_publisher":"https:\/\/www.facebook.com\/southcampexperience","article_modified_time":"2024-01-16T11:19:42+00:00","og_image":[{"url":"https:\/\/southcamper.com\/wp-content\/uploads\/2023\/01\/cabecera-cordoba.jpg","type":"","width":"","height":""}],"twitter_card":"summary_large_image","twitter_misc":{"Dur\u00e9e de lecture estim\u00e9e":"1 minute"},"schema":{"@context":"https:\/\/schema.org","@graph":[{"@type":"WebPage","@id":"https:\/\/southcamper.com\/fr\/cordoue\/","url":"https:\/\/southcamper.com\/fr\/cordoue\/","name":"Suggestions d'excursions en camping-car autour de Cordoue","isPartOf":{"@id":"https:\/\/southcamper.com\/fr\/#website"},"primaryImageOfPage":{"@id":"https:\/\/southcamper.com\/fr\/cordoue\/#primaryimage"},"image":{"@id":"https:\/\/southcamper.com\/fr\/cordoue\/#primaryimage"},"thumbnailUrl":"https:\/\/southcamper.com\/wp-content\/uploads\/2023\/01\/cabecera-cordoba.jpg","datePublished":"2020-09-22T10:48:22+00:00","dateModified":"2024-01-16T11:19:42+00:00","description":"Suggestions pour les voyages en camping-car dans la province de Cordoue : endroits o\u00f9 passer la nuit, lieux d'int\u00e9r\u00eat et activit\u00e9s de plein air.","breadcrumb":{"@id":"https:\/\/southcamper.com\/fr\/cordoue\/#breadcrumb"},"inLanguage":"fr-FR","potentialAction":[{"@type":"ReadAction","target":["https:\/\/southcamper.com\/fr\/cordoue\/"]}]},{"@type":"ImageObject","inLanguage":"fr-FR","@id":"https:\/\/southcamper.com\/fr\/cordoue\/#primaryimage","url":"https:\/\/southcamper.com\/wp-content\/uploads\/2023\/01\/cabecera-cordoba.jpg","contentUrl":"https:\/\/southcamper.com\/wp-content\/uploads\/2023\/01\/cabecera-cordoba.jpg"},{"@type":"BreadcrumbList","@id":"https:\/\/southcamper.com\/fr\/cordoue\/#breadcrumb","itemListElement":[{"@type":"ListItem","position":1,"name":"Portada","item":"https:\/\/southcamper.com\/fr\/accueil\/"},{"@type":"ListItem","position":2,"name":"Cordoue"}]},{"@type":"WebSite","@id":"https:\/\/southcamper.com\/fr\/#website","url":"https:\/\/southcamper.com\/fr\/","name":"Alquiler Autocaravanas SouthCamper","description":"Alquiler Autocaravanas y Campers en M\u00e1laga","publisher":{"@id":"https:\/\/southcamper.com\/fr\/#organization"},"potentialAction":[{"@type":"SearchAction","target":{"@type":"EntryPoint","urlTemplate":"https:\/\/southcamper.com\/fr\/?s={search_term_string}"},"query-input":{"@type":"PropertyValueSpecification","valueRequired":true,"valueName":"search_term_string"}}],"inLanguage":"fr-FR"},{"@type":"Organization","@id":"https:\/\/southcamper.com\/fr\/#organization","name":"Southcamper","url":"https:\/\/southcamper.com\/fr\/","logo":{"@type":"ImageObject","inLanguage":"fr-FR","@id":"https:\/\/southcamper.com\/fr\/#\/schema\/logo\/image\/","url":"https:\/\/southcamper.com\/wp-content\/uploads\/2020\/09\/logo-southcamp-02.png","contentUrl":"https:\/\/southcamper.com\/wp-content\/uploads\/2020\/09\/logo-southcamp-02.png","width":2049,"height":522,"caption":"Southcamper"},"image":{"@id":"https:\/\/southcamper.com\/fr\/#\/schema\/logo\/image\/"},"sameAs":["https:\/\/www.facebook.com\/southcampexperience","https:\/\/www.instagram.com\/southcamper.experience\/"]}]}},"_links":{"self":[{"href":"https:\/\/southcamper.com\/fr\/wp-json\/wp\/v2\/pages\/15626","targetHints":{"allow":["GET"]}}],"collection":[{"href":"https:\/\/southcamper.com\/fr\/wp-json\/wp\/v2\/pages"}],"about":[{"href":"https:\/\/southcamper.com\/fr\/wp-json\/wp\/v2\/types\/page"}],"author":[{"embeddable":true,"href":"https:\/\/southcamper.com\/fr\/wp-json\/wp\/v2\/users\/9"}],"replies":[{"embeddable":true,"href":"https:\/\/southcamper.com\/fr\/wp-json\/wp\/v2\/comments?post=15626"}],"version-history":[{"count":0,"href":"https:\/\/southcamper.com\/fr\/wp-json\/wp\/v2\/pages\/15626\/revisions"}],"wp:attachment":[{"href":"https:\/\/southcamper.com\/fr\/wp-json\/wp\/v2\/media?parent=15626"}],"curies":[{"name":"wp","href":"https:\/\/api.w.org\/{rel}","templated":true}]}}