{"id":15699,"date":"2020-06-23T11:36:13","date_gmt":"2020-06-23T11:36:13","guid":{"rendered":"https:\/\/southcamper.com\/avis-juridique\/"},"modified":"2024-01-16T11:20:37","modified_gmt":"2024-01-16T11:20:37","slug":"avis-juridique","status":"publish","type":"page","link":"https:\/\/southcamper.com\/fr\/avis-juridique\/","title":{"rendered":"Avis juridique"},"content":{"rendered":"\t\t<div data-elementor-type=\"wp-page\" data-elementor-id=\"15699\" class=\"elementor elementor-15699 elementor-3451\" data-elementor-post-type=\"page\">\n\t\t\t\t<div class=\"elementor-element elementor-element-de9cf9f e-con-full e-flex e-con e-parent\" data-id=\"de9cf9f\" data-element_type=\"container\" data-e-type=\"container\">\n\t\t<div class=\"elementor-element elementor-element-ec0181c e-con-full e-flex e-con e-parent\" data-id=\"ec0181c\" data-element_type=\"container\" data-e-type=\"container\">\n\t\t\t\t<div class=\"elementor-element elementor-element-7796aa8 elementor-widget elementor-widget-image\" data-id=\"7796aa8\" data-element_type=\"widget\" data-e-type=\"widget\" data-widget_type=\"image.default\">\n\t\t\t\t<div class=\"elementor-widget-container\">\n\t\t\t\t\t\t\t\t\t\t\t\t\t\t\t<img fetchpriority=\"high\" decoding=\"async\" width=\"2000\" height=\"462\" src=\"https:\/\/southcamper.com\/wp-content\/uploads\/2022\/11\/sobre-nosotros.jpg\" class=\"attachment-full size-full wp-image-15824\" alt=\"\" srcset=\"https:\/\/southcamper.com\/wp-content\/uploads\/2022\/11\/sobre-nosotros.jpg 2000w, https:\/\/southcamper.com\/wp-content\/uploads\/2022\/11\/sobre-nosotros-500x116.jpg 500w, https:\/\/southcamper.com\/wp-content\/uploads\/2022\/11\/sobre-nosotros-1024x237.jpg 1024w, https:\/\/southcamper.com\/wp-content\/uploads\/2022\/11\/sobre-nosotros-768x177.jpg 768w, https:\/\/southcamper.com\/wp-content\/uploads\/2022\/11\/sobre-nosotros-1536x355.jpg 1536w\" sizes=\"(max-width: 2000px) 100vw, 2000px\" \/>\t\t\t\t\t\t\t\t\t\t\t\t\t\t\t<\/div>\n\t\t\t\t<\/div>\n\t\t\t\t<\/div>\n\t\t\t\t<\/div>\n\t\t<div class=\"elementor-element elementor-element-d2f297e e-flex e-con-boxed e-con e-parent\" data-id=\"d2f297e\" data-element_type=\"container\" data-e-type=\"container\">\n\t\t\t\t\t<div class=\"e-con-inner\">\n\t\t\t\t<div class=\"elementor-element elementor-element-7676040 elementor-widget elementor-widget-heading\" data-id=\"7676040\" data-element_type=\"widget\" data-e-type=\"widget\" data-widget_type=\"heading.default\">\n\t\t\t\t<div class=\"elementor-widget-container\">\n\t\t\t\t\t<h2 class=\"elementor-heading-title elementor-size-default\">Avis juridique<\/h2>\t\t\t\t<\/div>\n\t\t\t\t<\/div>\n\t\t\t\t\t<\/div>\n\t\t\t\t<\/div>\n\t\t\t\t<section class=\"elementor-section elementor-top-section elementor-element elementor-element-987940b elementor-section-boxed elementor-section-height-default elementor-section-height-default\" data-id=\"987940b\" data-element_type=\"section\" data-e-type=\"section\">\n\t\t\t\t\t\t<div class=\"elementor-container elementor-column-gap-default\">\n\t\t\t\t\t<div class=\"elementor-column elementor-col-100 elementor-top-column elementor-element elementor-element-6ceaffa3\" data-id=\"6ceaffa3\" data-element_type=\"column\" data-e-type=\"column\">\n\t\t\t<div class=\"elementor-widget-wrap elementor-element-populated\">\n\t\t\t\t\t\t<div class=\"elementor-element elementor-element-ac7fad7 elementor-widget elementor-widget-heading\" data-id=\"ac7fad7\" data-element_type=\"widget\" data-e-type=\"widget\" data-widget_type=\"heading.default\">\n\t\t\t\t<div class=\"elementor-widget-container\">\n\t\t\t\t\t<h4 class=\"elementor-heading-title elementor-size-default\"><b>OBJET<\/b><\/h4>\t\t\t\t<\/div>\n\t\t\t\t<\/div>\n\t\t\t\t<div class=\"elementor-element elementor-element-3c06eff2 elementor-widget elementor-widget-text-editor\" data-id=\"3c06eff2\" data-element_type=\"widget\" data-e-type=\"widget\" data-widget_type=\"text-editor.default\">\n\t\t\t\t<div class=\"elementor-widget-container\">\n\t\t\t\t\t\t\t\t\t<p>Le fournisseur, responsable du site web, met \u00e0 la disposition des utilisateurs ce document par lequel il entend se conformer aux obligations pr\u00e9vues par la loi 34\/2002 sur les services de la soci\u00e9t\u00e9 de l&#8217;information et le commerce \u00e9lectronique (LSSI-CE), ainsi qu&#8217;informer tous les utilisateurs du site web des conditions d&#8217;utilisation de celui-ci.<\/p>\n<p>L&#8217;acc\u00e8s au site web implique l&#8217;acceptation sans r\u00e9serve des pr\u00e9sentes conditions g\u00e9n\u00e9rales d&#8217;utilisation, que l&#8217;utilisateur d\u00e9clare avoir parfaitement comprises. L&#8217;utilisateur s&#8217;engage \u00e0 ne pas utiliser le site web et les services qui y sont propos\u00e9s pour mener des activit\u00e9s contraires \u00e0 la loi et \u00e0 respecter \u00e0 tout moment les pr\u00e9sentes conditions g\u00e9n\u00e9rales. Le fournisseur peut interrompre \u00e0 tout moment l&#8217;acc\u00e8s \u00e0 son site web s&#8217;il constate une utilisation contraire \u00e0 la loi, \u00e0 la bonne foi ou aux pr\u00e9sentes conditions g\u00e9n\u00e9rales.<\/p>\n<p>Le fournisseur se r\u00e9serve le droit de modifier tout type d&#8217;information pouvant figurer sur le site web, sans obligation de pr\u00e9avis ni d&#8217;information des utilisateurs, la publication sur le site web du fournisseur \u00e9tant consid\u00e9r\u00e9e comme suffisante.<\/p>\n\t\t\t\t\t\t\t\t<\/div>\n\t\t\t\t<\/div>\n\t\t\t\t<div class=\"elementor-element elementor-element-a92016e elementor-widget elementor-widget-heading\" data-id=\"a92016e\" data-element_type=\"widget\" data-e-type=\"widget\" data-widget_type=\"heading.default\">\n\t\t\t\t<div class=\"elementor-widget-container\">\n\t\t\t\t\t<h4 class=\"elementor-heading-title elementor-size-default\"><b>\u00c0 PROPOS DU FOURNISSEUR<\/b><\/h4>\t\t\t\t<\/div>\n\t\t\t\t<\/div>\n\t\t\t\t<div class=\"elementor-element elementor-element-118f6dc elementor-widget elementor-widget-text-editor\" data-id=\"118f6dc\" data-element_type=\"widget\" data-e-type=\"widget\" data-widget_type=\"text-editor.default\">\n\t\t\t\t<div class=\"elementor-widget-container\">\n\t\t\t\t\t\t\t\t\t<p>Le fournisseur responsable du site web met \u00e0 la disposition des utilisateurs du site web ses donn\u00e9es d&#8217;identification afin d&#8217;am\u00e9liorer la confiance des utilisateurs et les relations avec eux.<\/p>\n<p>Southcamp Experience S.L.<\/p>\n<p>Calle Torre del Mar, 48<\/p>\n<p>29004 Malaga, Espagne<\/p>\n<p>T\u00e9l\u00e9phone : +34-952-751654<\/p>\n<p>Courriel : info@southcamper.com<\/p>\n<p>NUM\u00c9RO DE TVA : B72209125<\/p>\n<p>VAT-ID : ESB72209125<\/p>\n<p>Registre : Registre du commerce de Cadix, tome 2046, livre : 0, page : 49, feuille : CA-43263, entr\u00e9e : 1<\/p>\n<p>Administrateur : Roman Buchwald<\/p>\n<p>Droits de marque<\/p>\n<p>Nom : Southcamper<\/p>\n<p>Base : enregistrement de la marque de l&#8217;Union europ\u00e9enne (EUTM)<\/p>\n<p>Date d&#8217;enregistrement : 21\/09\/2015<\/p>\n<p>Belles classes : 35, 36, 37<\/p>\n\t\t\t\t\t\t\t\t<\/div>\n\t\t\t\t<\/div>\n\t\t\t\t<div class=\"elementor-element elementor-element-9722864 elementor-widget elementor-widget-heading\" data-id=\"9722864\" data-element_type=\"widget\" data-e-type=\"widget\" data-widget_type=\"heading.default\">\n\t\t\t\t<div class=\"elementor-widget-container\">\n\t\t\t\t\t<h4 class=\"elementor-heading-title elementor-size-default\"><b>ADRESSES IP<\/b><\/h4>\t\t\t\t<\/div>\n\t\t\t\t<\/div>\n\t\t\t\t<div class=\"elementor-element elementor-element-ddead2d elementor-widget elementor-widget-text-editor\" data-id=\"ddead2d\" data-element_type=\"widget\" data-e-type=\"widget\" data-widget_type=\"text-editor.default\">\n\t\t\t\t<div class=\"elementor-widget-container\">\n\t\t\t\t\t\t\t\t\t<p>Les serveurs du site web peuvent d\u00e9tecter automatiquement l&#8217;adresse IP et le nom de domaine utilis\u00e9s par l&#8217;utilisateur. Une adresse IP est un num\u00e9ro automatiquement attribu\u00e9 \u00e0 un ordinateur lorsqu&#8217;il se connecte \u00e0 l&#8217;internet. Toutes ces informations sont enregistr\u00e9es dans un fichier d&#8217;activit\u00e9 du serveur d\u00fbment enregistr\u00e9 qui permet le traitement ult\u00e9rieur des donn\u00e9es afin d&#8217;obtenir des mesures purement statistiques permettant de conna\u00eetre le nombre d&#8217;impressions de pages, le nombre de visites effectu\u00e9es sur les services web, l&#8217;ordre des visites, le point d&#8217;acc\u00e8s, etc.<\/p>\n\t\t\t\t\t\t\t\t<\/div>\n\t\t\t\t<\/div>\n\t\t\t\t<div class=\"elementor-element elementor-element-8445737 elementor-widget elementor-widget-heading\" data-id=\"8445737\" data-element_type=\"widget\" data-e-type=\"widget\" data-widget_type=\"heading.default\">\n\t\t\t\t<div class=\"elementor-widget-container\">\n\t\t\t\t\t<h4 class=\"elementor-heading-title elementor-size-default\"><b>S\u00c9CURIT\u00c9<\/b>\n<\/h4>\t\t\t\t<\/div>\n\t\t\t\t<\/div>\n\t\t\t\t<div class=\"elementor-element elementor-element-fccc6d0 elementor-widget elementor-widget-text-editor\" data-id=\"fccc6d0\" data-element_type=\"widget\" data-e-type=\"widget\" data-widget_type=\"text-editor.default\">\n\t\t\t\t<div class=\"elementor-widget-container\">\n\t\t\t\t\t\t\t\t\t<p>Le site web utilise des techniques de s\u00e9curit\u00e9 de l&#8217;information g\u00e9n\u00e9ralement accept\u00e9es dans l&#8217;industrie, telles que des pare-feu, des proc\u00e9dures de contr\u00f4le d&#8217;acc\u00e8s et des m\u00e9canismes cryptographiques, dans le but d&#8217;emp\u00eacher l&#8217;acc\u00e8s non autoris\u00e9 aux donn\u00e9es et le vol \u00e9ventuel de celles-ci. Pour atteindre ces objectifs, l&#8217;utilisateur\/client accepte que le fournisseur collecte des donn\u00e9es \u00e0 des fins d&#8217;authentification des contr\u00f4les d&#8217;acc\u00e8s.<\/p>\n\t\t\t\t\t\t\t\t<\/div>\n\t\t\t\t<\/div>\n\t\t\t\t<div class=\"elementor-element elementor-element-7dde2bd elementor-widget elementor-widget-heading\" data-id=\"7dde2bd\" data-element_type=\"widget\" data-e-type=\"widget\" data-widget_type=\"heading.default\">\n\t\t\t\t<div class=\"elementor-widget-container\">\n\t\t\t\t\t<h4 class=\"elementor-heading-title elementor-size-default\"><b>Nous offrons un paiement 100% s\u00e9curis\u00e9<\/b>\n\n<\/h4>\t\t\t\t<\/div>\n\t\t\t\t<\/div>\n\t\t\t\t<div class=\"elementor-element elementor-element-7ba2521 elementor-widget elementor-widget-text-editor\" data-id=\"7ba2521\" data-element_type=\"widget\" data-e-type=\"widget\" data-widget_type=\"text-editor.default\">\n\t\t\t\t<div class=\"elementor-widget-container\">\n\t\t\t\t\t\t\t\t\t<p>Sur southcamper.com, nous garantissons que chaque transaction est s\u00e9curis\u00e9e \u00e0 100 %.<\/p>\n<p>Tous les achats que vous effectuez sur notre site sont garantis par le serveur s\u00e9curis\u00e9 de la banque Banco Santander, de sorte que vos donn\u00e9es sont prot\u00e9g\u00e9es et crypt\u00e9es par la technologie la plus avanc\u00e9e, ce qui rend l&#8217;envoi de vos donn\u00e9es au serveur s\u00e9curis\u00e9 de la banque beaucoup plus s\u00fbr que le paiement dans une station-service, un restaurant, etc.<\/p>\n<p>Lorsque vous effectuez l&#8217;achat et choisissez le mode de paiement, lorsque vous cliquez sur le bouton Paiement par carte, le site web se connecte au serveur s\u00e9curis\u00e9, \u00e0 partir de ce moment vous entrez dans la zone s\u00e9curis\u00e9e et introduisez vos coordonn\u00e9es bancaires dans le serveur s\u00e9curis\u00e9 de la banque, qui s&#8217;assure que la transaction r\u00e9pond aux exigences de s\u00e9curit\u00e9 et effectue la transaction, apr\u00e8s quoi la confirmation de la transaction s&#8217;affiche et l&#8217;acheteur retourne dans le magasin.<\/p>\n<p>Chaque fois qu&#8217;un utilisateur se connecte \u00e0 un serveur s\u00e9curis\u00e9, le serveur g\u00e9n\u00e8re une cl\u00e9 al\u00e9atoire pour la session qu&#8217;il \u00e9tablit avec l&#8217;utilisateur, tandis que le navigateur du client g\u00e9n\u00e8re une autre cl\u00e9, \u00e9galement al\u00e9atoire, qu&#8217;il utilise pour s&#8217;identifier aupr\u00e8s du serveur.<\/p>\n<p>Si, au moment o\u00f9 une connexion s\u00e9curis\u00e9e a \u00e9t\u00e9 \u00e9tablie, d&#8217;autres utilisateurs se connectent au serveur, de nouvelles cl\u00e9s sont \u00e0 nouveau g\u00e9n\u00e9r\u00e9es pour identifier les participants \u00e0 la connexion.<\/p>\n<p>Le serveur s\u00e9curis\u00e9 veille \u00e0 ce que les cl\u00e9s g\u00e9n\u00e9r\u00e9es ne correspondent jamais lorsque plusieurs connexions simultan\u00e9es sont \u00e9tablies.<\/p>\n<p>Vous saurez si vous vous \u00eates connect\u00e9 \u00e0 un serveur s\u00e9curis\u00e9 si l&#8217;adresse URL commence par &#8220;https:\/\/&#8221;. En outre, les navigateurs les plus utilis\u00e9s l&#8217;indiquent graphiquement au moyen d&#8217;une ic\u00f4ne qui indique \u00e0 l&#8217;utilisateur s&#8217;il existe ou non une connexion s\u00e9curis\u00e9e (par exemple, dans le cas d&#8217;Internet Explorer, le cadenas jaune ferm\u00e9 appara\u00eet).<\/p>\n<p>Les connexions au Secure Server utilisent les derni\u00e8res sp\u00e9cifications du protocole de s\u00e9curit\u00e9 r\u00e9seau standard : SSL.<\/p>\n\t\t\t\t\t\t\t\t<\/div>\n\t\t\t\t<\/div>\n\t\t\t\t<div class=\"elementor-element elementor-element-dd73628 elementor-widget elementor-widget-heading\" data-id=\"dd73628\" data-element_type=\"widget\" data-e-type=\"widget\" data-widget_type=\"heading.default\">\n\t\t\t\t<div class=\"elementor-widget-container\">\n\t\t\t\t\t<h4 class=\"elementor-heading-title elementor-size-default\"><b>RESPONSABILIT\u00c9<\/b>\n<\/h4>\t\t\t\t<\/div>\n\t\t\t\t<\/div>\n\t\t\t\t<div class=\"elementor-element elementor-element-b055cb7 elementor-widget elementor-widget-text-editor\" data-id=\"b055cb7\" data-element_type=\"widget\" data-e-type=\"widget\" data-widget_type=\"text-editor.default\">\n\t\t\t\t<div class=\"elementor-widget-container\">\n\t\t\t\t\t\t\t\t\t<p>Le fournisseur d\u00e9cline toute responsabilit\u00e9 quant aux informations publi\u00e9es sur son site web, dans la mesure o\u00f9 ces informations ont \u00e9t\u00e9 manipul\u00e9es ou introduites par un tiers ext\u00e9rieur \u00e0 celui-ci (par exemple dans des forums, des chats, des blogs, des commentaires, etc.) N\u00e9anmoins, et conform\u00e9ment aux dispositions de la LSSI-CE, le fournisseur se tient \u00e0 la disposition de tous les utilisateurs, autorit\u00e9s et forces de s\u00e9curit\u00e9, pour retirer ou, le cas \u00e9ch\u00e9ant, bloquer tout contenu susceptible d&#8217;affecter ou de contrevenir \u00e0 la l\u00e9gislation nationale ou internationale, aux droits des tiers ou aux bonnes m\u0153urs et \u00e0 l&#8217;ordre public, en portant les faits \u00e0 la connaissance des autorit\u00e9s comp\u00e9tentes si n\u00e9cessaire.<\/p>\n<p>Si l&#8217;utilisateur consid\u00e8re qu&#8217;il existe un contenu sur le site web susceptible d&#8217;\u00eatre class\u00e9 dans cette cat\u00e9gorie, il est pri\u00e9 d&#8217;en informer imm\u00e9diatement l&#8217;administrateur du site web.<\/p>\n<p>Ce site web a \u00e9t\u00e9 revu et test\u00e9 afin de s&#8217;assurer qu&#8217;il fonctionne correctement. En principe, le bon fonctionnement peut \u00eatre garanti 365 jours par an, 24 heures par jour. Toutefois, le fournisseur n&#8217;exclut pas la possibilit\u00e9 de l&#8217;existence de certaines erreurs de programmation, ou la survenance de cas de force majeure, de catastrophes naturelles, de gr\u00e8ves, ou de circonstances similaires qui rendent l&#8217;acc\u00e8s au site web impossible.<\/p>\n\t\t\t\t\t\t\t\t<\/div>\n\t\t\t\t<\/div>\n\t\t\t\t<div class=\"elementor-element elementor-element-e596f87 elementor-widget elementor-widget-heading\" data-id=\"e596f87\" data-element_type=\"widget\" data-e-type=\"widget\" data-widget_type=\"heading.default\">\n\t\t\t\t<div class=\"elementor-widget-container\">\n\t\t\t\t\t<h4 class=\"elementor-heading-title elementor-size-default\"><b>DROIT APPLICABLE ET JURIDICTION<\/b>\n\n<\/h4>\t\t\t\t<\/div>\n\t\t\t\t<\/div>\n\t\t\t\t<div class=\"elementor-element elementor-element-82432bd elementor-widget elementor-widget-text-editor\" data-id=\"82432bd\" data-element_type=\"widget\" data-e-type=\"widget\" data-widget_type=\"text-editor.default\">\n\t\t\t\t<div class=\"elementor-widget-container\">\n\t\t\t\t\t\t\t\t\t<p>Pour la r\u00e9solution de tous les litiges ou questions li\u00e9s \u00e0 ce site Web ou aux activit\u00e9s qui y sont men\u00e9es, la l\u00e9gislation espagnole s&#8217;applique, \u00e0 laquelle les parties se soumettent express\u00e9ment, et les Cours et Tribunaux de S\u00e9ville sont comp\u00e9tents pour la r\u00e9solution de tous les litiges d\u00e9coulant de son utilisation ou li\u00e9s \u00e0 celle-ci.<\/p>\n\t\t\t\t\t\t\t\t<\/div>\n\t\t\t\t<\/div>\n\t\t\t\t\t<\/div>\n\t\t<\/div>\n\t\t\t\t\t<\/div>\n\t\t<\/section>\n\t\t\t\t<\/div>\n\t\t","protected":false},"excerpt":{"rendered":"<p>Avis juridique OBJET Le fournisseur, responsable du site web, met \u00e0 la disposition des utilisateurs ce document par lequel il entend se conformer aux obligations pr\u00e9vues par la loi 34\/2002 sur les services de la soci\u00e9t\u00e9 de l&#8217;information et le commerce \u00e9lectronique (LSSI-CE), ainsi qu&#8217;informer tous les utilisateurs du site web des conditions d&#8217;utilisation de &#8230; <a title=\"Avis juridique\" class=\"read-more\" href=\"https:\/\/southcamper.com\/fr\/avis-juridique\/\" aria-label=\"En savoir plus sur Avis juridique\">Lire la suite<\/a><\/p>\n","protected":false},"author":9,"featured_media":0,"parent":0,"menu_order":0,"comment_status":"closed","ping_status":"closed","template":"elementor_header_footer","meta":{"_acf_changed":false,"footnotes":""},"class_list":["post-15699","page","type-page","status-publish"],"acf":[],"yoast_head":"<!-- This site is optimized with the Yoast SEO plugin v27.4 - https:\/\/yoast.com\/product\/yoast-seo-wordpress\/ -->\n<title>Avis juridique &#187; Alquiler Autocaravanas SouthCamper<\/title>\n<meta name=\"robots\" content=\"noindex, follow\" \/>\n<meta property=\"og:locale\" content=\"fr_FR\" \/>\n<meta property=\"og:type\" content=\"article\" \/>\n<meta property=\"og:title\" content=\"Avis juridique &#187; Alquiler Autocaravanas SouthCamper\" \/>\n<meta property=\"og:description\" content=\"Avis juridique OBJET Le fournisseur, responsable du site web, met \u00e0 la disposition des utilisateurs ce document par lequel il entend se conformer aux obligations pr\u00e9vues par la loi 34\/2002 sur les services de la soci\u00e9t\u00e9 de l&#8217;information et le commerce \u00e9lectronique (LSSI-CE), ainsi qu&#8217;informer tous les utilisateurs du site web des conditions d&#8217;utilisation de ... Lire la suite\" \/>\n<meta property=\"og:url\" content=\"https:\/\/southcamper.com\/fr\/avis-juridique\/\" \/>\n<meta property=\"og:site_name\" content=\"Alquiler Autocaravanas SouthCamper\" \/>\n<meta property=\"article:publisher\" content=\"https:\/\/www.facebook.com\/southcampexperience\" \/>\n<meta property=\"article:modified_time\" content=\"2024-01-16T11:20:37+00:00\" \/>\n<meta property=\"og:image\" content=\"https:\/\/southcamper.com\/wp-content\/uploads\/2022\/11\/sobre-nosotros.jpg\" \/>\n<meta name=\"twitter:card\" content=\"summary_large_image\" \/>\n<meta name=\"twitter:label1\" content=\"Dur\u00e9e de lecture estim\u00e9e\" \/>\n\t<meta name=\"twitter:data1\" content=\"5 minutes\" \/>\n<!-- \/ Yoast SEO plugin. -->","yoast_head_json":{"title":"Avis juridique &#187; Alquiler Autocaravanas SouthCamper","robots":{"index":"noindex","follow":"follow"},"og_locale":"fr_FR","og_type":"article","og_title":"Avis juridique &#187; Alquiler Autocaravanas SouthCamper","og_description":"Avis juridique OBJET Le fournisseur, responsable du site web, met \u00e0 la disposition des utilisateurs ce document par lequel il entend se conformer aux obligations pr\u00e9vues par la loi 34\/2002 sur les services de la soci\u00e9t\u00e9 de l&#8217;information et le commerce \u00e9lectronique (LSSI-CE), ainsi qu&#8217;informer tous les utilisateurs du site web des conditions d&#8217;utilisation de ... Lire la suite","og_url":"https:\/\/southcamper.com\/fr\/avis-juridique\/","og_site_name":"Alquiler Autocaravanas SouthCamper","article_publisher":"https:\/\/www.facebook.com\/southcampexperience","article_modified_time":"2024-01-16T11:20:37+00:00","og_image":[{"url":"https:\/\/southcamper.com\/wp-content\/uploads\/2022\/11\/sobre-nosotros.jpg","type":"","width":"","height":""}],"twitter_card":"summary_large_image","twitter_misc":{"Dur\u00e9e de lecture estim\u00e9e":"5 minutes"},"schema":{"@context":"https:\/\/schema.org","@graph":[{"@type":"WebPage","@id":"https:\/\/southcamper.com\/fr\/avis-juridique\/","url":"https:\/\/southcamper.com\/fr\/avis-juridique\/","name":"Avis juridique &#187; Alquiler Autocaravanas SouthCamper","isPartOf":{"@id":"https:\/\/southcamper.com\/fr\/#website"},"primaryImageOfPage":{"@id":"https:\/\/southcamper.com\/fr\/avis-juridique\/#primaryimage"},"image":{"@id":"https:\/\/southcamper.com\/fr\/avis-juridique\/#primaryimage"},"thumbnailUrl":"https:\/\/southcamper.com\/wp-content\/uploads\/2022\/11\/sobre-nosotros.jpg","datePublished":"2020-06-23T11:36:13+00:00","dateModified":"2024-01-16T11:20:37+00:00","breadcrumb":{"@id":"https:\/\/southcamper.com\/fr\/avis-juridique\/#breadcrumb"},"inLanguage":"fr-FR","potentialAction":[{"@type":"ReadAction","target":["https:\/\/southcamper.com\/fr\/avis-juridique\/"]}]},{"@type":"ImageObject","inLanguage":"fr-FR","@id":"https:\/\/southcamper.com\/fr\/avis-juridique\/#primaryimage","url":"https:\/\/southcamper.com\/wp-content\/uploads\/2022\/11\/sobre-nosotros.jpg","contentUrl":"https:\/\/southcamper.com\/wp-content\/uploads\/2022\/11\/sobre-nosotros.jpg"},{"@type":"BreadcrumbList","@id":"https:\/\/southcamper.com\/fr\/avis-juridique\/#breadcrumb","itemListElement":[{"@type":"ListItem","position":1,"name":"Portada","item":"https:\/\/southcamper.com\/fr\/accueil\/"},{"@type":"ListItem","position":2,"name":"Avis juridique"}]},{"@type":"WebSite","@id":"https:\/\/southcamper.com\/fr\/#website","url":"https:\/\/southcamper.com\/fr\/","name":"Alquiler Autocaravanas SouthCamper","description":"Alquiler Autocaravanas y Campers en M\u00e1laga","publisher":{"@id":"https:\/\/southcamper.com\/fr\/#organization"},"potentialAction":[{"@type":"SearchAction","target":{"@type":"EntryPoint","urlTemplate":"https:\/\/southcamper.com\/fr\/?s={search_term_string}"},"query-input":{"@type":"PropertyValueSpecification","valueRequired":true,"valueName":"search_term_string"}}],"inLanguage":"fr-FR"},{"@type":"Organization","@id":"https:\/\/southcamper.com\/fr\/#organization","name":"Southcamper","url":"https:\/\/southcamper.com\/fr\/","logo":{"@type":"ImageObject","inLanguage":"fr-FR","@id":"https:\/\/southcamper.com\/fr\/#\/schema\/logo\/image\/","url":"https:\/\/southcamper.com\/wp-content\/uploads\/2020\/09\/logo-southcamp-02.png","contentUrl":"https:\/\/southcamper.com\/wp-content\/uploads\/2020\/09\/logo-southcamp-02.png","width":2049,"height":522,"caption":"Southcamper"},"image":{"@id":"https:\/\/southcamper.com\/fr\/#\/schema\/logo\/image\/"},"sameAs":["https:\/\/www.facebook.com\/southcampexperience","https:\/\/www.instagram.com\/southcamper.experience\/"]}]}},"_links":{"self":[{"href":"https:\/\/southcamper.com\/fr\/wp-json\/wp\/v2\/pages\/15699","targetHints":{"allow":["GET"]}}],"collection":[{"href":"https:\/\/southcamper.com\/fr\/wp-json\/wp\/v2\/pages"}],"about":[{"href":"https:\/\/southcamper.com\/fr\/wp-json\/wp\/v2\/types\/page"}],"author":[{"embeddable":true,"href":"https:\/\/southcamper.com\/fr\/wp-json\/wp\/v2\/users\/9"}],"replies":[{"embeddable":true,"href":"https:\/\/southcamper.com\/fr\/wp-json\/wp\/v2\/comments?post=15699"}],"version-history":[{"count":0,"href":"https:\/\/southcamper.com\/fr\/wp-json\/wp\/v2\/pages\/15699\/revisions"}],"wp:attachment":[{"href":"https:\/\/southcamper.com\/fr\/wp-json\/wp\/v2\/media?parent=15699"}],"curies":[{"name":"wp","href":"https:\/\/api.w.org\/{rel}","templated":true}]}}