{"id":15823,"date":"2020-08-17T15:12:19","date_gmt":"2020-08-17T15:12:19","guid":{"rendered":"https:\/\/southcamper.com\/a-propos-de-nous\/"},"modified":"2024-01-16T11:20:49","modified_gmt":"2024-01-16T11:20:49","slug":"a-propos-de-nous","status":"publish","type":"page","link":"https:\/\/southcamper.com\/fr\/a-propos-de-nous\/","title":{"rendered":"A propos de nous"},"content":{"rendered":"\t\t<div data-elementor-type=\"wp-page\" data-elementor-id=\"15823\" class=\"elementor elementor-15823 elementor-4207\" data-elementor-post-type=\"page\">\n\t\t\t\t<div class=\"elementor-element elementor-element-556b051 e-con-full e-flex e-con e-parent\" data-id=\"556b051\" data-element_type=\"container\" data-e-type=\"container\">\n\t\t<div class=\"elementor-element elementor-element-50fc419 e-con-full e-flex e-con e-parent\" data-id=\"50fc419\" data-element_type=\"container\" data-e-type=\"container\">\n\t\t\t\t<div class=\"elementor-element elementor-element-e4127e5 elementor-widget elementor-widget-image\" data-id=\"e4127e5\" data-element_type=\"widget\" data-e-type=\"widget\" data-widget_type=\"image.default\">\n\t\t\t\t<div class=\"elementor-widget-container\">\n\t\t\t\t\t\t\t\t\t\t\t\t\t\t\t<img fetchpriority=\"high\" decoding=\"async\" width=\"2000\" height=\"462\" src=\"https:\/\/southcamper.com\/wp-content\/uploads\/2022\/11\/sobre-nosotros.jpg\" class=\"attachment-full size-full wp-image-15824\" alt=\"\" srcset=\"https:\/\/southcamper.com\/wp-content\/uploads\/2022\/11\/sobre-nosotros.jpg 2000w, https:\/\/southcamper.com\/wp-content\/uploads\/2022\/11\/sobre-nosotros-500x116.jpg 500w, https:\/\/southcamper.com\/wp-content\/uploads\/2022\/11\/sobre-nosotros-1024x237.jpg 1024w, https:\/\/southcamper.com\/wp-content\/uploads\/2022\/11\/sobre-nosotros-768x177.jpg 768w, https:\/\/southcamper.com\/wp-content\/uploads\/2022\/11\/sobre-nosotros-1536x355.jpg 1536w\" sizes=\"(max-width: 2000px) 100vw, 2000px\" \/>\t\t\t\t\t\t\t\t\t\t\t\t\t\t\t<\/div>\n\t\t\t\t<\/div>\n\t\t\t\t<\/div>\n\t\t\t\t<\/div>\n\t\t\t\t<section class=\"elementor-section elementor-top-section elementor-element elementor-element-6e064a1 elementor-section-boxed elementor-section-height-default elementor-section-height-default\" data-id=\"6e064a1\" data-element_type=\"section\" data-e-type=\"section\">\n\t\t\t\t\t\t<div class=\"elementor-container elementor-column-gap-default\">\n\t\t\t\t\t<div class=\"elementor-column elementor-col-100 elementor-top-column elementor-element elementor-element-407a346\" data-id=\"407a346\" data-element_type=\"column\" data-e-type=\"column\">\n\t\t\t<div class=\"elementor-widget-wrap elementor-element-populated\">\n\t\t\t\t\t\t<div class=\"elementor-element elementor-element-d48f7df elementor-align-center elementor-widget elementor-widget-lottie\" data-id=\"d48f7df\" data-element_type=\"widget\" data-e-type=\"widget\" data-settings=\"{&quot;source_json&quot;:{&quot;url&quot;:&quot;https:\\\/\\\/southcamper.com\\\/wp-content\\\/uploads\\\/2022\\\/11\\\/camper.json&quot;,&quot;id&quot;:10800,&quot;size&quot;:&quot;&quot;,&quot;alt&quot;:&quot;&quot;,&quot;source&quot;:&quot;library&quot;},&quot;source&quot;:&quot;media_file&quot;,&quot;caption_source&quot;:&quot;none&quot;,&quot;link_to&quot;:&quot;none&quot;,&quot;trigger&quot;:&quot;arriving_to_viewport&quot;,&quot;viewport&quot;:{&quot;unit&quot;:&quot;%&quot;,&quot;size&quot;:&quot;&quot;,&quot;sizes&quot;:{&quot;start&quot;:0,&quot;end&quot;:100}},&quot;play_speed&quot;:{&quot;unit&quot;:&quot;px&quot;,&quot;size&quot;:1,&quot;sizes&quot;:[]},&quot;start_point&quot;:{&quot;unit&quot;:&quot;%&quot;,&quot;size&quot;:0,&quot;sizes&quot;:[]},&quot;end_point&quot;:{&quot;unit&quot;:&quot;%&quot;,&quot;size&quot;:100,&quot;sizes&quot;:[]},&quot;renderer&quot;:&quot;svg&quot;}\" data-widget_type=\"lottie.default\">\n\t\t\t\t<div class=\"elementor-widget-container\">\n\t\t\t\t\t<div class=\"e-lottie__container\"><div class=\"e-lottie__animation\"><\/div><\/div>\t\t\t\t<\/div>\n\t\t\t\t<\/div>\n\t\t\t\t<div class=\"elementor-element elementor-element-3d01e75 elementor-widget elementor-widget-icon-box\" data-id=\"3d01e75\" data-element_type=\"widget\" data-e-type=\"widget\" data-widget_type=\"icon-box.default\">\n\t\t\t\t<div class=\"elementor-widget-container\">\n\t\t\t\t\t\t\t<div class=\"elementor-icon-box-wrapper\">\n\n\t\t\t\n\t\t\t\t\t\t<div class=\"elementor-icon-box-content\">\n\n\t\t\t\t\t\t\t\t\t<h1 class=\"elementor-icon-box-title\">\n\t\t\t\t\t\t<span  >\n\t\t\t\t\t\t\t\u00c0 PROPOS DE NOUS\t\t\t\t\t\t<\/span>\n\t\t\t\t\t<\/h1>\n\t\t\t\t\n\t\t\t\t\t\t\t\t\t<p class=\"elementor-icon-box-description\">\n\t\t\t\t\t\tSouthcamp Experience S.L. a \u00e9t\u00e9 fond\u00e9e en 2012 et loue des camping-cars et des caravanes en Espagne depuis plus de dix ans.<br><br>\n\nAvec deux Ford Nuggets et beaucoup d'enthousiasme, nous disposons aujourd'hui de l'une des plus grandes flottes de camping-cars d'Andalousie. Nos principes d'offrir un service fiable avec un bon produit et un rapport qualit\u00e9-prix attractif restent inchang\u00e9s.<br><br>\n\nNotre base est situ\u00e9e \u00e0 c\u00f4t\u00e9 de l'a\u00e9roport de Malaga et dispose de 1800m\u00b2. Nous offrons un service complet qui comprend le stationnement et la vidange des eaux grises et noires pour nos clients locataires.<br><br>\n\nNous serons ravis de vous accueillir et de vous aider \u00e0 faire de vos vacances un moment privil\u00e9gi\u00e9. \u00c0 cette fin, une \u00e9quipe internationale est \u00e0 votre disposition \u00e0 la base de location de Malaga tout au long de l'ann\u00e9e.<br><br>\n\nDepuis 2015, nous op\u00e9rons sous la marque d\u00e9pos\u00e9e SOUTHCAMPER\u00ae.<br> <br>\t\t\t\t\t<\/p>\n\t\t\t\t\n\t\t\t<\/div>\n\t\t\t\n\t\t<\/div>\n\t\t\t\t\t\t<\/div>\n\t\t\t\t<\/div>\n\t\t\t\t\t<\/div>\n\t\t<\/div>\n\t\t\t\t\t<\/div>\n\t\t<\/section>\n\t\t\t\t<\/div>\n\t\t","protected":false},"excerpt":{"rendered":"<p>\u00c0 PROPOS DE NOUS Southcamp Experience S.L. a \u00e9t\u00e9 fond\u00e9e en 2012 et loue des camping-cars et des caravanes en Espagne depuis plus de dix ans. Avec deux Ford Nuggets et beaucoup d&#8217;enthousiasme, nous disposons aujourd&#8217;hui de l&#8217;une des plus grandes flottes de camping-cars d&#8217;Andalousie. Nos principes d&#8217;offrir un service fiable avec un bon produit &#8230; <a title=\"A propos de nous\" class=\"read-more\" href=\"https:\/\/southcamper.com\/fr\/a-propos-de-nous\/\" aria-label=\"En savoir plus sur A propos de nous\">Lire la suite<\/a><\/p>\n","protected":false},"author":9,"featured_media":0,"parent":0,"menu_order":0,"comment_status":"closed","ping_status":"closed","template":"elementor_header_footer","meta":{"_acf_changed":false,"footnotes":""},"class_list":["post-15823","page","type-page","status-publish"],"acf":[],"yoast_head":"<!-- This site is optimized with the Yoast SEO plugin v27.4 - https:\/\/yoast.com\/product\/yoast-seo-wordpress\/ -->\n<title>A propos de nous &#187; Alquiler Autocaravanas SouthCamper<\/title>\n<meta name=\"description\" content=\"L&#039;\u00e9quipe de Southcamper poss\u00e8de l&#039;une des plus grandes flottes de camping-cars \u00e0 Malaga (Andalousie) \u279c Location de camping-cars et de caravanes.\" \/>\n<meta name=\"robots\" content=\"index, follow, max-snippet:-1, max-image-preview:large, max-video-preview:-1\" \/>\n<link rel=\"canonical\" href=\"https:\/\/southcamper.com\/fr\/a-propos-de-nous\/\" \/>\n<meta property=\"og:locale\" content=\"fr_FR\" \/>\n<meta property=\"og:type\" content=\"article\" \/>\n<meta property=\"og:title\" content=\"A propos de nous &#187; Alquiler Autocaravanas SouthCamper\" \/>\n<meta property=\"og:description\" content=\"L&#039;\u00e9quipe de Southcamper poss\u00e8de l&#039;une des plus grandes flottes de camping-cars \u00e0 Malaga (Andalousie) \u279c Location de camping-cars et de caravanes.\" \/>\n<meta property=\"og:url\" content=\"https:\/\/southcamper.com\/fr\/a-propos-de-nous\/\" \/>\n<meta property=\"og:site_name\" content=\"Alquiler Autocaravanas SouthCamper\" \/>\n<meta property=\"article:publisher\" content=\"https:\/\/www.facebook.com\/southcampexperience\" \/>\n<meta property=\"article:modified_time\" content=\"2024-01-16T11:20:49+00:00\" \/>\n<meta property=\"og:image\" content=\"https:\/\/southcamper.com\/wp-content\/uploads\/2022\/11\/sobre-nosotros.jpg\" \/>\n<meta name=\"twitter:card\" content=\"summary_large_image\" \/>\n<meta name=\"twitter:label1\" content=\"Dur\u00e9e de lecture estim\u00e9e\" \/>\n\t<meta name=\"twitter:data1\" content=\"1 minute\" \/>\n<!-- \/ Yoast SEO plugin. -->","yoast_head_json":{"title":"A propos de nous &#187; Alquiler Autocaravanas SouthCamper","description":"L'\u00e9quipe de Southcamper poss\u00e8de l'une des plus grandes flottes de camping-cars \u00e0 Malaga (Andalousie) \u279c Location de camping-cars et de caravanes.","robots":{"index":"index","follow":"follow","max-snippet":"max-snippet:-1","max-image-preview":"max-image-preview:large","max-video-preview":"max-video-preview:-1"},"canonical":"https:\/\/southcamper.com\/fr\/a-propos-de-nous\/","og_locale":"fr_FR","og_type":"article","og_title":"A propos de nous &#187; Alquiler Autocaravanas SouthCamper","og_description":"L'\u00e9quipe de Southcamper poss\u00e8de l'une des plus grandes flottes de camping-cars \u00e0 Malaga (Andalousie) \u279c Location de camping-cars et de caravanes.","og_url":"https:\/\/southcamper.com\/fr\/a-propos-de-nous\/","og_site_name":"Alquiler Autocaravanas SouthCamper","article_publisher":"https:\/\/www.facebook.com\/southcampexperience","article_modified_time":"2024-01-16T11:20:49+00:00","og_image":[{"url":"https:\/\/southcamper.com\/wp-content\/uploads\/2022\/11\/sobre-nosotros.jpg","type":"","width":"","height":""}],"twitter_card":"summary_large_image","twitter_misc":{"Dur\u00e9e de lecture estim\u00e9e":"1 minute"},"schema":{"@context":"https:\/\/schema.org","@graph":[{"@type":"WebPage","@id":"https:\/\/southcamper.com\/fr\/a-propos-de-nous\/","url":"https:\/\/southcamper.com\/fr\/a-propos-de-nous\/","name":"A propos de nous &#187; Alquiler Autocaravanas SouthCamper","isPartOf":{"@id":"https:\/\/southcamper.com\/fr\/#website"},"primaryImageOfPage":{"@id":"https:\/\/southcamper.com\/fr\/a-propos-de-nous\/#primaryimage"},"image":{"@id":"https:\/\/southcamper.com\/fr\/a-propos-de-nous\/#primaryimage"},"thumbnailUrl":"https:\/\/southcamper.com\/wp-content\/uploads\/2022\/11\/sobre-nosotros.jpg","datePublished":"2020-08-17T15:12:19+00:00","dateModified":"2024-01-16T11:20:49+00:00","description":"L'\u00e9quipe de Southcamper poss\u00e8de l'une des plus grandes flottes de camping-cars \u00e0 Malaga (Andalousie) \u279c Location de camping-cars et de caravanes.","breadcrumb":{"@id":"https:\/\/southcamper.com\/fr\/a-propos-de-nous\/#breadcrumb"},"inLanguage":"fr-FR","potentialAction":[{"@type":"ReadAction","target":["https:\/\/southcamper.com\/fr\/a-propos-de-nous\/"]}]},{"@type":"ImageObject","inLanguage":"fr-FR","@id":"https:\/\/southcamper.com\/fr\/a-propos-de-nous\/#primaryimage","url":"https:\/\/southcamper.com\/wp-content\/uploads\/2022\/11\/sobre-nosotros.jpg","contentUrl":"https:\/\/southcamper.com\/wp-content\/uploads\/2022\/11\/sobre-nosotros.jpg"},{"@type":"BreadcrumbList","@id":"https:\/\/southcamper.com\/fr\/a-propos-de-nous\/#breadcrumb","itemListElement":[{"@type":"ListItem","position":1,"name":"Portada","item":"https:\/\/southcamper.com\/fr\/accueil\/"},{"@type":"ListItem","position":2,"name":"A propos de nous"}]},{"@type":"WebSite","@id":"https:\/\/southcamper.com\/fr\/#website","url":"https:\/\/southcamper.com\/fr\/","name":"Alquiler Autocaravanas SouthCamper","description":"Alquiler Autocaravanas y Campers en M\u00e1laga","publisher":{"@id":"https:\/\/southcamper.com\/fr\/#organization"},"potentialAction":[{"@type":"SearchAction","target":{"@type":"EntryPoint","urlTemplate":"https:\/\/southcamper.com\/fr\/?s={search_term_string}"},"query-input":{"@type":"PropertyValueSpecification","valueRequired":true,"valueName":"search_term_string"}}],"inLanguage":"fr-FR"},{"@type":"Organization","@id":"https:\/\/southcamper.com\/fr\/#organization","name":"Southcamper","url":"https:\/\/southcamper.com\/fr\/","logo":{"@type":"ImageObject","inLanguage":"fr-FR","@id":"https:\/\/southcamper.com\/fr\/#\/schema\/logo\/image\/","url":"https:\/\/southcamper.com\/wp-content\/uploads\/2020\/09\/logo-southcamp-02.png","contentUrl":"https:\/\/southcamper.com\/wp-content\/uploads\/2020\/09\/logo-southcamp-02.png","width":2049,"height":522,"caption":"Southcamper"},"image":{"@id":"https:\/\/southcamper.com\/fr\/#\/schema\/logo\/image\/"},"sameAs":["https:\/\/www.facebook.com\/southcampexperience","https:\/\/www.instagram.com\/southcamper.experience\/"]}]}},"_links":{"self":[{"href":"https:\/\/southcamper.com\/fr\/wp-json\/wp\/v2\/pages\/15823","targetHints":{"allow":["GET"]}}],"collection":[{"href":"https:\/\/southcamper.com\/fr\/wp-json\/wp\/v2\/pages"}],"about":[{"href":"https:\/\/southcamper.com\/fr\/wp-json\/wp\/v2\/types\/page"}],"author":[{"embeddable":true,"href":"https:\/\/southcamper.com\/fr\/wp-json\/wp\/v2\/users\/9"}],"replies":[{"embeddable":true,"href":"https:\/\/southcamper.com\/fr\/wp-json\/wp\/v2\/comments?post=15823"}],"version-history":[{"count":0,"href":"https:\/\/southcamper.com\/fr\/wp-json\/wp\/v2\/pages\/15823\/revisions"}],"wp:attachment":[{"href":"https:\/\/southcamper.com\/fr\/wp-json\/wp\/v2\/media?parent=15823"}],"curies":[{"name":"wp","href":"https:\/\/api.w.org\/{rel}","templated":true}]}}