{"id":15017,"date":"2020-09-18T07:58:56","date_gmt":"2020-09-18T07:58:56","guid":{"rendered":"https:\/\/southcamper.com\/gibraltar\/"},"modified":"2024-01-09T12:05:04","modified_gmt":"2024-01-09T12:05:04","slug":"gibraltar","status":"publish","type":"page","link":"https:\/\/southcamper.com\/nl\/gibraltar\/","title":{"rendered":"Gibraltar"},"content":{"rendered":"\t\t<div data-elementor-type=\"wp-page\" data-elementor-id=\"15017\" class=\"elementor elementor-15017 elementor-4424\" data-elementor-post-type=\"page\">\n\t\t\t\t<div class=\"elementor-element elementor-element-8474d91 e-con-full e-flex e-con e-parent\" data-id=\"8474d91\" data-element_type=\"container\" data-e-type=\"container\">\n\t\t<div class=\"elementor-element elementor-element-818f67a e-con-full e-flex e-con e-parent\" data-id=\"818f67a\" data-element_type=\"container\" data-e-type=\"container\">\n\t\t\t\t<div class=\"elementor-element elementor-element-b17f396 elementor-widget elementor-widget-image\" data-id=\"b17f396\" data-element_type=\"widget\" data-e-type=\"widget\" data-widget_type=\"image.default\">\n\t\t\t\t<div class=\"elementor-widget-container\">\n\t\t\t\t\t\t\t\t\t\t\t\t\t\t\t<img fetchpriority=\"high\" decoding=\"async\" width=\"2000\" height=\"462\" src=\"https:\/\/southcamper.com\/wp-content\/uploads\/2023\/01\/cabecera-gibraltar.jpg\" class=\"attachment-full size-full wp-image-15025\" alt=\"\" srcset=\"https:\/\/southcamper.com\/wp-content\/uploads\/2023\/01\/cabecera-gibraltar.jpg 2000w, https:\/\/southcamper.com\/wp-content\/uploads\/2023\/01\/cabecera-gibraltar-500x116.jpg 500w, https:\/\/southcamper.com\/wp-content\/uploads\/2023\/01\/cabecera-gibraltar-1024x237.jpg 1024w, https:\/\/southcamper.com\/wp-content\/uploads\/2023\/01\/cabecera-gibraltar-768x177.jpg 768w, https:\/\/southcamper.com\/wp-content\/uploads\/2023\/01\/cabecera-gibraltar-1536x355.jpg 1536w\" sizes=\"(max-width: 2000px) 100vw, 2000px\" \/>\t\t\t\t\t\t\t\t\t\t\t\t\t\t\t<\/div>\n\t\t\t\t<\/div>\n\t\t\t\t<\/div>\n\t\t\t\t<\/div>\n\t\t<div class=\"elementor-element elementor-element-2024aa4 e-flex e-con-boxed e-con e-parent\" data-id=\"2024aa4\" data-element_type=\"container\" data-e-type=\"container\">\n\t\t\t\t\t<div class=\"e-con-inner\">\n\t\t\t\t<div class=\"elementor-element elementor-element-274fa9f elementor-widget elementor-widget-heading\" data-id=\"274fa9f\" data-element_type=\"widget\" data-e-type=\"widget\" data-widget_type=\"heading.default\">\n\t\t\t\t<div class=\"elementor-widget-container\">\n\t\t\t\t\t<h1 class=\"elementor-heading-title elementor-size-default\">Hoe reis je met een camper in Gibraltar?<\/h1>\t\t\t\t<\/div>\n\t\t\t\t<\/div>\n\t\t\t\t\t<\/div>\n\t\t\t\t<\/div>\n\t\t<div class=\"elementor-element elementor-element-e09ee70 e-flex e-con-boxed e-con e-parent\" data-id=\"e09ee70\" data-element_type=\"container\" data-e-type=\"container\">\n\t\t\t\t\t<div class=\"e-con-inner\">\n\t\t<div class=\"elementor-element elementor-element-c00a0ac e-con-full e-flex e-con e-parent\" data-id=\"c00a0ac\" data-element_type=\"container\" data-e-type=\"container\">\n\t\t\t\t<div class=\"elementor-element elementor-element-918d6b6 elementor-widget elementor-widget-image\" data-id=\"918d6b6\" data-element_type=\"widget\" data-e-type=\"widget\" data-widget_type=\"image.default\">\n\t\t\t\t<div class=\"elementor-widget-container\">\n\t\t\t\t\t\t\t\t\t\t\t\t\t\t\t<img decoding=\"async\" width=\"1000\" height=\"750\" src=\"https:\/\/southcamper.com\/wp-content\/uploads\/2023\/01\/IMG_20220827_161243.jpg\" class=\"attachment-full size-full wp-image-15026\" alt=\"\" srcset=\"https:\/\/southcamper.com\/wp-content\/uploads\/2023\/01\/IMG_20220827_161243.jpg 1000w, https:\/\/southcamper.com\/wp-content\/uploads\/2023\/01\/IMG_20220827_161243-500x375.jpg 500w, https:\/\/southcamper.com\/wp-content\/uploads\/2023\/01\/IMG_20220827_161243-768x576.jpg 768w\" sizes=\"(max-width: 1000px) 100vw, 1000px\" \/>\t\t\t\t\t\t\t\t\t\t\t\t\t\t\t<\/div>\n\t\t\t\t<\/div>\n\t\t\t\t<\/div>\n\t\t<div class=\"elementor-element elementor-element-d502750 e-con-full e-flex e-con e-parent\" data-id=\"d502750\" data-element_type=\"container\" data-e-type=\"container\">\n\t\t\t\t<div class=\"elementor-element elementor-element-6b71de5 elementor-widget elementor-widget-heading\" data-id=\"6b71de5\" data-element_type=\"widget\" data-e-type=\"widget\" data-widget_type=\"heading.default\">\n\t\t\t\t<div class=\"elementor-widget-container\">\n\t\t\t\t\t<h2 class=\"elementor-heading-title elementor-size-default\">Gibraltar<\/h2>\t\t\t\t<\/div>\n\t\t\t\t<\/div>\n\t\t\t\t<div class=\"elementor-element elementor-element-d8294cc elementor-widget elementor-widget-text-editor\" data-id=\"d8294cc\" data-element_type=\"widget\" data-e-type=\"widget\" data-widget_type=\"text-editor.default\">\n\t\t\t\t<div class=\"elementor-widget-container\">\n\t\t\t\t\t\t\t\t\t<p>Gibraltar hoort bij Engeland en ligt in het zuiden van Andalusi\u00eb, op 24 km van Afrika. Een geldig paspoort is vereist voor toegang. Naast de Engelse stijl van de stad is de Rots van Gibraltar de belangrijkste attractie. Je kunt te voet naar boven of met de kabelbaan. Omdat de afstanden groot zijn, kun je het beste een van de taxi&#8217;s nemen die rondritten langs de belangrijkste bezienswaardigheden aanbieden. Er zijn ook enkele interessante grotten te bezoeken, zoals de Cueva de San Miguel of de T\u00faneles del Gran Asedio.<\/p>\n\t\t\t\t\t\t\t\t<\/div>\n\t\t\t\t<\/div>\n\t\t\t\t<\/div>\n\t\t\t\t\t<\/div>\n\t\t\t\t<\/div>\n\t\t\t\t<section class=\"elementor-section elementor-top-section elementor-element elementor-element-410ab52 elementor-section-boxed elementor-section-height-default elementor-section-height-default\" data-id=\"410ab52\" data-element_type=\"section\" data-e-type=\"section\">\n\t\t\t\t\t\t<div class=\"elementor-container elementor-column-gap-default\">\n\t\t\t\t\t<div class=\"elementor-column elementor-col-100 elementor-top-column elementor-element elementor-element-b8e6c99\" data-id=\"b8e6c99\" data-element_type=\"column\" data-e-type=\"column\">\n\t\t\t<div class=\"elementor-widget-wrap elementor-element-populated\">\n\t\t\t\t\t\t<div class=\"elementor-element elementor-element-d339785 elementor-widget elementor-widget-heading\" data-id=\"d339785\" data-element_type=\"widget\" data-e-type=\"widget\" data-widget_type=\"heading.default\">\n\t\t\t\t<div class=\"elementor-widget-container\">\n\t\t\t\t\t<h2 class=\"elementor-heading-title elementor-size-default\">Waar parkeren en overnachten in een camper?<\/h2>\t\t\t\t<\/div>\n\t\t\t\t<\/div>\n\t\t\t\t<div class=\"elementor-element elementor-element-a146579 elementor-widget elementor-widget-text-editor\" data-id=\"a146579\" data-element_type=\"widget\" data-e-type=\"widget\" data-widget_type=\"text-editor.default\">\n\t\t\t\t<div class=\"elementor-widget-container\">\n\t\t\t\t\t\t\t\t\t<p>Hoewel je in Gibraltar aan dezelfde kant van de weg rijdt als in Spanje, rechts, raden we je aan om niet met een camper de stad in te rijden. De straten zijn smal en het zal moeilijk zijn om een plek te vinden om een camper te parkeren.<\/p>\n<p>De toegang tot het campergebied gebeurt met een ticket en een slagboom. Het terrein heeft afvoer voor grijs en zwart water. Er is geen elektriciteit. Er is een kleine sanitaire module en vlakbij is er een restaurant waar je ook kunt ontbijten. Het uitzicht op de Rots en de jachthaven maken dit een heel bijzondere plek om met een camper te verblijven.<\/p>\n\t\t\t\t\t\t\t\t<\/div>\n\t\t\t\t<\/div>\n\t\t\t\t\t<\/div>\n\t\t<\/div>\n\t\t\t\t\t<\/div>\n\t\t<\/section>\n\t\t<div class=\"elementor-element elementor-element-414c603 e-flex e-con-boxed e-con e-parent\" data-id=\"414c603\" data-element_type=\"container\" data-e-type=\"container\">\n\t\t\t\t\t<div class=\"e-con-inner\">\n\t\t<div class=\"elementor-element elementor-element-ca8827c e-con-full e-flex e-con e-parent\" data-id=\"ca8827c\" data-element_type=\"container\" data-e-type=\"container\">\n\t\t\t\t<div class=\"elementor-element elementor-element-c87a288 elementor-position-inline-start elementor-view-default elementor-mobile-position-block-start elementor-widget elementor-widget-icon-box\" data-id=\"c87a288\" data-element_type=\"widget\" data-e-type=\"widget\" data-widget_type=\"icon-box.default\">\n\t\t\t\t<div class=\"elementor-widget-container\">\n\t\t\t\t\t\t\t<div class=\"elementor-icon-box-wrapper\">\n\n\t\t\t\t\t\t<div class=\"elementor-icon-box-icon\">\n\t\t\t\t<a href=\"https:\/\/www.alcaidesamarina.com\/es\/33\/parking-y-autocaravanas\/\" target=\"_blank\" class=\"elementor-icon\" tabindex=\"-1\" aria-label=\"ALCAIDESMARINA campergebied  \">\n\t\t\t\t<i aria-hidden=\"true\" class=\"fas fa-map-marked-alt\"><\/i>\t\t\t\t<\/a>\n\t\t\t<\/div>\n\t\t\t\n\t\t\t\t\t\t<div class=\"elementor-icon-box-content\">\n\n\t\t\t\t\t\t\t\t\t<h3 class=\"elementor-icon-box-title\">\n\t\t\t\t\t\t<a href=\"https:\/\/www.alcaidesamarina.com\/es\/33\/parking-y-autocaravanas\/\" target=\"_blank\" >\n\t\t\t\t\t\t\tALCAIDESMARINA campergebied  \t\t\t\t\t\t<\/a>\n\t\t\t\t\t<\/h3>\n\t\t\t\t\n\t\t\t\t\t\t\t\t\t<p class=\"elementor-icon-box-description\">\n\t\t\t\t\t\tVerkeerstoren, Avda. Pr\u00edncipe de Asturias s\/n, 11300, La L\u00ednea de la Concepci\u00f3n, C\u00e1diz\n<br><br>\nDit gebied, gelegen in de jachthaven, is een ideale plek om te overnachten en Gibraltar per camper te bezoeken. Vanaf hier kun je naar de grens met Gibraltar lopen.\t\t\t\t\t<\/p>\n\t\t\t\t\n\t\t\t<\/div>\n\t\t\t\n\t\t<\/div>\n\t\t\t\t\t\t<\/div>\n\t\t\t\t<\/div>\n\t\t\t\t<\/div>\n\t\t<div class=\"elementor-element elementor-element-e2a87dc e-con-full e-flex e-con e-parent\" data-id=\"e2a87dc\" data-element_type=\"container\" data-e-type=\"container\">\n\t\t\t\t<div class=\"elementor-element elementor-element-402c80f elementor-widget elementor-widget-image\" data-id=\"402c80f\" data-element_type=\"widget\" data-e-type=\"widget\" data-widget_type=\"image.default\">\n\t\t\t\t<div class=\"elementor-widget-container\">\n\t\t\t\t\t\t\t\t\t\t\t\t\t\t\t<img decoding=\"async\" width=\"1000\" height=\"750\" src=\"https:\/\/southcamper.com\/wp-content\/uploads\/2023\/01\/1.jpg\" class=\"attachment-full size-full wp-image-15027\" alt=\"\" srcset=\"https:\/\/southcamper.com\/wp-content\/uploads\/2023\/01\/1.jpg 1000w, https:\/\/southcamper.com\/wp-content\/uploads\/2023\/01\/1-500x375.jpg 500w, https:\/\/southcamper.com\/wp-content\/uploads\/2023\/01\/1-768x576.jpg 768w\" sizes=\"(max-width: 1000px) 100vw, 1000px\" \/>\t\t\t\t\t\t\t\t\t\t\t\t\t\t\t<\/div>\n\t\t\t\t<\/div>\n\t\t\t\t<\/div>\n\t\t\t\t\t<\/div>\n\t\t\t\t<\/div>\n\t\t<div class=\"elementor-element elementor-element-1020048 e-flex e-con-boxed e-con e-parent\" data-id=\"1020048\" data-element_type=\"container\" data-e-type=\"container\">\n\t\t\t\t\t<div class=\"e-con-inner\">\n\t\t\t\t<div class=\"elementor-element elementor-element-26e7474 elementor-widget elementor-widget-gallery\" data-id=\"26e7474\" data-element_type=\"widget\" data-e-type=\"widget\" data-settings=\"{&quot;columns&quot;:3,&quot;gap&quot;:{&quot;unit&quot;:&quot;px&quot;,&quot;size&quot;:20,&quot;sizes&quot;:[]},&quot;lazyload&quot;:&quot;yes&quot;,&quot;gallery_layout&quot;:&quot;grid&quot;,&quot;columns_tablet&quot;:2,&quot;columns_mobile&quot;:1,&quot;gap_tablet&quot;:{&quot;unit&quot;:&quot;px&quot;,&quot;size&quot;:10,&quot;sizes&quot;:[]},&quot;gap_mobile&quot;:{&quot;unit&quot;:&quot;px&quot;,&quot;size&quot;:10,&quot;sizes&quot;:[]},&quot;link_to&quot;:&quot;file&quot;,&quot;aspect_ratio&quot;:&quot;3:2&quot;,&quot;overlay_background&quot;:&quot;yes&quot;,&quot;content_hover_animation&quot;:&quot;fade-in&quot;}\" data-widget_type=\"gallery.default\">\n\t\t\t\t<div class=\"elementor-widget-container\">\n\t\t\t\t\t\t\t<div class=\"elementor-gallery__container\">\n\t\t\t\t\t\t\t<a class=\"e-gallery-item elementor-gallery-item elementor-animated-content\" href=\"https:\/\/southcamper.com\/wp-content\/uploads\/2023\/01\/2.jpg\" data-elementor-open-lightbox=\"yes\" data-elementor-lightbox-slideshow=\"26e7474\" data-elementor-lightbox-title=\"2\" data-e-action-hash=\"#elementor-action%3Aaction%3Dlightbox%26settings%3DeyJpZCI6MTUwMjgsInVybCI6Imh0dHBzOlwvXC9zb3V0aGNhbXBlci5jb21cL3dwLWNvbnRlbnRcL3VwbG9hZHNcLzIwMjNcLzAxXC8yLmpwZyIsInNsaWRlc2hvdyI6IjI2ZTc0NzQifQ%3D%3D\">\n\t\t\t\t\t<div class=\"e-gallery-image elementor-gallery-item__image\" data-thumbnail=\"https:\/\/southcamper.com\/wp-content\/uploads\/2023\/01\/2-500x375.jpg\" data-width=\"500\" data-height=\"375\" aria-label=\"\" role=\"img\" ><\/div>\n\t\t\t\t\t\t\t\t\t\t\t<div class=\"elementor-gallery-item__overlay\"><\/div>\n\t\t\t\t\t\t\t\t\t\t\t\t\t\t<\/a>\n\t\t\t\t\t\t\t<a class=\"e-gallery-item elementor-gallery-item elementor-animated-content\" href=\"https:\/\/southcamper.com\/wp-content\/uploads\/2023\/01\/3.jpg\" data-elementor-open-lightbox=\"yes\" data-elementor-lightbox-slideshow=\"26e7474\" data-elementor-lightbox-title=\"3\" data-e-action-hash=\"#elementor-action%3Aaction%3Dlightbox%26settings%3DeyJpZCI6MTUwMjksInVybCI6Imh0dHBzOlwvXC9zb3V0aGNhbXBlci5jb21cL3dwLWNvbnRlbnRcL3VwbG9hZHNcLzIwMjNcLzAxXC8zLmpwZyIsInNsaWRlc2hvdyI6IjI2ZTc0NzQifQ%3D%3D\">\n\t\t\t\t\t<div class=\"e-gallery-image elementor-gallery-item__image\" data-thumbnail=\"https:\/\/southcamper.com\/wp-content\/uploads\/2023\/01\/3-500x375.jpg\" data-width=\"500\" data-height=\"375\" aria-label=\"\" role=\"img\" ><\/div>\n\t\t\t\t\t\t\t\t\t\t\t<div class=\"elementor-gallery-item__overlay\"><\/div>\n\t\t\t\t\t\t\t\t\t\t\t\t\t\t<\/a>\n\t\t\t\t\t\t\t<a class=\"e-gallery-item elementor-gallery-item elementor-animated-content\" href=\"https:\/\/southcamper.com\/wp-content\/uploads\/2023\/01\/4.jpg\" data-elementor-open-lightbox=\"yes\" data-elementor-lightbox-slideshow=\"26e7474\" data-elementor-lightbox-title=\"4\" data-e-action-hash=\"#elementor-action%3Aaction%3Dlightbox%26settings%3DeyJpZCI6MTUwMzAsInVybCI6Imh0dHBzOlwvXC9zb3V0aGNhbXBlci5jb21cL3dwLWNvbnRlbnRcL3VwbG9hZHNcLzIwMjNcLzAxXC80LmpwZyIsInNsaWRlc2hvdyI6IjI2ZTc0NzQifQ%3D%3D\">\n\t\t\t\t\t<div class=\"e-gallery-image elementor-gallery-item__image\" data-thumbnail=\"https:\/\/southcamper.com\/wp-content\/uploads\/2023\/01\/4-500x375.jpg\" data-width=\"500\" data-height=\"375\" aria-label=\"\" role=\"img\" ><\/div>\n\t\t\t\t\t\t\t\t\t\t\t<div class=\"elementor-gallery-item__overlay\"><\/div>\n\t\t\t\t\t\t\t\t\t\t\t\t\t\t<\/a>\n\t\t\t\t\t\t\t<a class=\"e-gallery-item elementor-gallery-item elementor-animated-content\" href=\"https:\/\/southcamper.com\/wp-content\/uploads\/2023\/01\/5.jpg\" data-elementor-open-lightbox=\"yes\" data-elementor-lightbox-slideshow=\"26e7474\" data-elementor-lightbox-title=\"5\" data-e-action-hash=\"#elementor-action%3Aaction%3Dlightbox%26settings%3DeyJpZCI6MTUwMzIsInVybCI6Imh0dHBzOlwvXC9zb3V0aGNhbXBlci5jb21cL3dwLWNvbnRlbnRcL3VwbG9hZHNcLzIwMjNcLzAxXC81LmpwZyIsInNsaWRlc2hvdyI6IjI2ZTc0NzQifQ%3D%3D\">\n\t\t\t\t\t<div class=\"e-gallery-image elementor-gallery-item__image\" data-thumbnail=\"https:\/\/southcamper.com\/wp-content\/uploads\/2023\/01\/5-500x375.jpg\" data-width=\"500\" data-height=\"375\" aria-label=\"\" role=\"img\" ><\/div>\n\t\t\t\t\t\t\t\t\t\t\t<div class=\"elementor-gallery-item__overlay\"><\/div>\n\t\t\t\t\t\t\t\t\t\t\t\t\t\t<\/a>\n\t\t\t\t\t\t\t<a class=\"e-gallery-item elementor-gallery-item elementor-animated-content\" href=\"https:\/\/southcamper.com\/wp-content\/uploads\/2023\/01\/6.jpg\" data-elementor-open-lightbox=\"yes\" data-elementor-lightbox-slideshow=\"26e7474\" data-elementor-lightbox-title=\"6\" data-e-action-hash=\"#elementor-action%3Aaction%3Dlightbox%26settings%3DeyJpZCI6MTUwMzMsInVybCI6Imh0dHBzOlwvXC9zb3V0aGNhbXBlci5jb21cL3dwLWNvbnRlbnRcL3VwbG9hZHNcLzIwMjNcLzAxXC82LmpwZyIsInNsaWRlc2hvdyI6IjI2ZTc0NzQifQ%3D%3D\">\n\t\t\t\t\t<div class=\"e-gallery-image elementor-gallery-item__image\" data-thumbnail=\"https:\/\/southcamper.com\/wp-content\/uploads\/2023\/01\/6-500x375.jpg\" data-width=\"500\" data-height=\"375\" aria-label=\"\" role=\"img\" ><\/div>\n\t\t\t\t\t\t\t\t\t\t\t<div class=\"elementor-gallery-item__overlay\"><\/div>\n\t\t\t\t\t\t\t\t\t\t\t\t\t\t<\/a>\n\t\t\t\t\t\t\t<a class=\"e-gallery-item elementor-gallery-item elementor-animated-content\" href=\"https:\/\/southcamper.com\/wp-content\/uploads\/2023\/01\/7.jpg\" data-elementor-open-lightbox=\"yes\" data-elementor-lightbox-slideshow=\"26e7474\" data-elementor-lightbox-title=\"7\" data-e-action-hash=\"#elementor-action%3Aaction%3Dlightbox%26settings%3DeyJpZCI6MTUwMzQsInVybCI6Imh0dHBzOlwvXC9zb3V0aGNhbXBlci5jb21cL3dwLWNvbnRlbnRcL3VwbG9hZHNcLzIwMjNcLzAxXC83LmpwZyIsInNsaWRlc2hvdyI6IjI2ZTc0NzQifQ%3D%3D\">\n\t\t\t\t\t<div class=\"e-gallery-image elementor-gallery-item__image\" data-thumbnail=\"https:\/\/southcamper.com\/wp-content\/uploads\/2023\/01\/7-500x375.jpg\" data-width=\"500\" data-height=\"375\" aria-label=\"\" role=\"img\" ><\/div>\n\t\t\t\t\t\t\t\t\t\t\t<div class=\"elementor-gallery-item__overlay\"><\/div>\n\t\t\t\t\t\t\t\t\t\t\t\t\t\t<\/a>\n\t\t\t\t\t<\/div>\n\t\t\t\t\t<\/div>\n\t\t\t\t<\/div>\n\t\t\t\t\t<\/div>\n\t\t\t\t<\/div>\n\t\t\t\t<\/div>\n\t\t","protected":false},"excerpt":{"rendered":"<p>Hoe reis je met een camper in Gibraltar? Gibraltar Gibraltar hoort bij Engeland en ligt in het zuiden van Andalusi\u00eb, op 24 km van Afrika. Een geldig paspoort is vereist voor toegang. Naast de Engelse stijl van de stad is de Rots van Gibraltar de belangrijkste attractie. Je kunt te voet naar boven of met &#8230; <a title=\"Gibraltar\" class=\"read-more\" href=\"https:\/\/southcamper.com\/nl\/gibraltar\/\" aria-label=\"Lees meer over Gibraltar\">Lees verder<\/a><\/p>\n","protected":false},"author":9,"featured_media":0,"parent":0,"menu_order":0,"comment_status":"closed","ping_status":"closed","template":"elementor_header_footer","meta":{"_acf_changed":false,"footnotes":""},"class_list":["post-15017","page","type-page","status-publish"],"acf":[],"yoast_head":"<!-- This site is optimized with the Yoast SEO plugin v27.6 - https:\/\/yoast.com\/product\/yoast-seo-wordpress\/ -->\n<title>Suggesties voor camperreizen in Gibraltar<\/title>\n<meta name=\"description\" content=\"Suggesties voor camperreizen in de provincie Gibraltar: gebieden om te overnachten, bezienswaardigheden en buitenactiviteiten.\" \/>\n<meta name=\"robots\" content=\"index, follow, max-snippet:-1, max-image-preview:large, max-video-preview:-1\" \/>\n<link rel=\"canonical\" href=\"https:\/\/southcamper.com\/nl\/gibraltar\/\" \/>\n<meta property=\"og:locale\" content=\"nl_NL\" \/>\n<meta property=\"og:type\" content=\"article\" \/>\n<meta property=\"og:title\" content=\"Suggesties voor camperreizen in Gibraltar\" \/>\n<meta property=\"og:description\" content=\"Suggesties voor camperreizen in de provincie Gibraltar: gebieden om te overnachten, bezienswaardigheden en buitenactiviteiten.\" \/>\n<meta property=\"og:url\" content=\"https:\/\/southcamper.com\/nl\/gibraltar\/\" \/>\n<meta property=\"og:site_name\" content=\"Alquiler Autocaravanas SouthCamper\" \/>\n<meta property=\"article:publisher\" content=\"https:\/\/www.facebook.com\/southcampexperience\" \/>\n<meta property=\"article:modified_time\" content=\"2024-01-09T12:05:04+00:00\" \/>\n<meta property=\"og:image\" content=\"https:\/\/southcamper.com\/wp-content\/uploads\/2023\/01\/cabecera-gibraltar.jpg\" \/>\n<meta name=\"twitter:card\" content=\"summary_large_image\" \/>\n<meta name=\"twitter:label1\" content=\"Geschatte leestijd\" \/>\n\t<meta name=\"twitter:data1\" content=\"1 minuut\" \/>\n<!-- \/ Yoast SEO plugin. -->","yoast_head_json":{"title":"Suggesties voor camperreizen in Gibraltar","description":"Suggesties voor camperreizen in de provincie Gibraltar: gebieden om te overnachten, bezienswaardigheden en buitenactiviteiten.","robots":{"index":"index","follow":"follow","max-snippet":"max-snippet:-1","max-image-preview":"max-image-preview:large","max-video-preview":"max-video-preview:-1"},"canonical":"https:\/\/southcamper.com\/nl\/gibraltar\/","og_locale":"nl_NL","og_type":"article","og_title":"Suggesties voor camperreizen in Gibraltar","og_description":"Suggesties voor camperreizen in de provincie Gibraltar: gebieden om te overnachten, bezienswaardigheden en buitenactiviteiten.","og_url":"https:\/\/southcamper.com\/nl\/gibraltar\/","og_site_name":"Alquiler Autocaravanas SouthCamper","article_publisher":"https:\/\/www.facebook.com\/southcampexperience","article_modified_time":"2024-01-09T12:05:04+00:00","og_image":[{"url":"https:\/\/southcamper.com\/wp-content\/uploads\/2023\/01\/cabecera-gibraltar.jpg","type":"","width":"","height":""}],"twitter_card":"summary_large_image","twitter_misc":{"Geschatte leestijd":"1 minuut"},"schema":{"@context":"https:\/\/schema.org","@graph":[{"@type":"WebPage","@id":"https:\/\/southcamper.com\/nl\/gibraltar\/","url":"https:\/\/southcamper.com\/nl\/gibraltar\/","name":"Suggesties voor camperreizen in Gibraltar","isPartOf":{"@id":"https:\/\/southcamper.com\/nl\/#website"},"primaryImageOfPage":{"@id":"https:\/\/southcamper.com\/nl\/gibraltar\/#primaryimage"},"image":{"@id":"https:\/\/southcamper.com\/nl\/gibraltar\/#primaryimage"},"thumbnailUrl":"https:\/\/southcamper.com\/wp-content\/uploads\/2023\/01\/cabecera-gibraltar.jpg","datePublished":"2020-09-18T07:58:56+00:00","dateModified":"2024-01-09T12:05:04+00:00","description":"Suggesties voor camperreizen in de provincie Gibraltar: gebieden om te overnachten, bezienswaardigheden en buitenactiviteiten.","breadcrumb":{"@id":"https:\/\/southcamper.com\/nl\/gibraltar\/#breadcrumb"},"inLanguage":"nl-NL","potentialAction":[{"@type":"ReadAction","target":["https:\/\/southcamper.com\/nl\/gibraltar\/"]}]},{"@type":"ImageObject","inLanguage":"nl-NL","@id":"https:\/\/southcamper.com\/nl\/gibraltar\/#primaryimage","url":"https:\/\/southcamper.com\/wp-content\/uploads\/2023\/01\/cabecera-gibraltar.jpg","contentUrl":"https:\/\/southcamper.com\/wp-content\/uploads\/2023\/01\/cabecera-gibraltar.jpg"},{"@type":"BreadcrumbList","@id":"https:\/\/southcamper.com\/nl\/gibraltar\/#breadcrumb","itemListElement":[{"@type":"ListItem","position":1,"name":"Portada","item":"https:\/\/southcamper.com\/nl\/"},{"@type":"ListItem","position":2,"name":"Gibraltar"}]},{"@type":"WebSite","@id":"https:\/\/southcamper.com\/nl\/#website","url":"https:\/\/southcamper.com\/nl\/","name":"Alquiler Autocaravanas SouthCamper","description":"Alquiler Autocaravanas y Campers en M\u00e1laga","publisher":{"@id":"https:\/\/southcamper.com\/nl\/#organization"},"potentialAction":[{"@type":"SearchAction","target":{"@type":"EntryPoint","urlTemplate":"https:\/\/southcamper.com\/nl\/?s={search_term_string}"},"query-input":{"@type":"PropertyValueSpecification","valueRequired":true,"valueName":"search_term_string"}}],"inLanguage":"nl-NL"},{"@type":"Organization","@id":"https:\/\/southcamper.com\/nl\/#organization","name":"Southcamper","url":"https:\/\/southcamper.com\/nl\/","logo":{"@type":"ImageObject","inLanguage":"nl-NL","@id":"https:\/\/southcamper.com\/nl\/#\/schema\/logo\/image\/","url":"https:\/\/southcamper.com\/wp-content\/uploads\/2020\/09\/logo-southcamp-02.png","contentUrl":"https:\/\/southcamper.com\/wp-content\/uploads\/2020\/09\/logo-southcamp-02.png","width":2049,"height":522,"caption":"Southcamper"},"image":{"@id":"https:\/\/southcamper.com\/nl\/#\/schema\/logo\/image\/"},"sameAs":["https:\/\/www.facebook.com\/southcampexperience","https:\/\/www.instagram.com\/southcamper.experience\/"]}]}},"_links":{"self":[{"href":"https:\/\/southcamper.com\/nl\/wp-json\/wp\/v2\/pages\/15017","targetHints":{"allow":["GET"]}}],"collection":[{"href":"https:\/\/southcamper.com\/nl\/wp-json\/wp\/v2\/pages"}],"about":[{"href":"https:\/\/southcamper.com\/nl\/wp-json\/wp\/v2\/types\/page"}],"author":[{"embeddable":true,"href":"https:\/\/southcamper.com\/nl\/wp-json\/wp\/v2\/users\/9"}],"replies":[{"embeddable":true,"href":"https:\/\/southcamper.com\/nl\/wp-json\/wp\/v2\/comments?post=15017"}],"version-history":[{"count":0,"href":"https:\/\/southcamper.com\/nl\/wp-json\/wp\/v2\/pages\/15017\/revisions"}],"wp:attachment":[{"href":"https:\/\/southcamper.com\/nl\/wp-json\/wp\/v2\/media?parent=15017"}],"curies":[{"name":"wp","href":"https:\/\/api.w.org\/{rel}","templated":true}]}}